{"id":6430,"date":"2014-12-29T14:28:03","date_gmt":"2014-12-29T14:28:03","guid":{"rendered":"https:\/\/globalforceresource.com\/ueber-uns\/"},"modified":"2014-12-29T14:28:03","modified_gmt":"2014-12-29T14:28:03","slug":"ueber-uns","status":"publish","type":"page","link":"https:\/\/globalforceresource.com\/de\/ueber-uns\/","title":{"rendered":"\u00dcber uns"},"content":{"rendered":"<p>GlobalForce ist ein weltweit anerkannter Rekrutierungsspezialist, der Dienstleistungen in Irland, dem Vereinigten K\u00f6nigreich, Europa, Kanada, Australien und Neuseeland anbietet. Unser Hauptsitz wurde im Jahr 2000 gegr\u00fcndet und befindet sich mit Stolz in Dublin, Irland.<\/p>\n<p>Unsere langj\u00e4hrige Erfahrung auf dem Markt, kombiniert mit unserem kontinuierlichen Fokus und unserer Spezialisierung auf die internationale Vermittlung, hat uns zu einer der f\u00fchrenden globalen Personalvermittlungsagenturen gemacht.<strong>  <\/strong>Unsere nachweisliche Erfolgsbilanz wird durch unsere hochkar\u00e4tigen Kunden belegt, darunter: BMW, Caterpillar, DAF, Ford, MAN, Mercedes Benz, Renault, Scania &amp; Volvo und andere.<\/p>\n<p>Wir verf\u00fcgen \u00fcber ein hochspezialisiertes und erfahrenes Team von Personalberatern, die sich einen Namen gemacht haben, weil sie durch ihre hervorragende Betreuung und ihren aufmerksamen Service die Bed\u00fcrfnisse von Kunden und Arbeitssuchenden gleicherma\u00dfen erf\u00fcllen.<\/p>\n<p><strong>GlobalForce rekrutiert f\u00fcr alle Serviceebenen innerhalb der Industrie, einschlie\u00dflich: Management-, Fach-, Aufsichts- und Handelspositionen.<\/strong><\/p>\n<p>Im Laufe der Jahre haben wir eine umfangreiche Datenbank mit potenziellen Kandidaten f\u00fcr eine Vielzahl von Positionen aufgebaut, einschlie\u00dflich Positionen mit spezifischen technischen Anforderungen.<\/p>\n<p>Unser Erfolg beruht zu gleichen Teilen auf unserer umfassenden Erfahrung und unserer Leidenschaft und unserem Engagement, die Anforderungen unserer Kunden zu erf\u00fcllen. Menschen sind das gr\u00f6\u00dfte Kapital eines Unternehmens. GlobalForce hat sich zum Ziel gesetzt, die besten Jobs und die besten Mitarbeiter f\u00fcr diese Jobs in der Industrie zu finden.<\/p>\n<p>Wir sind zwar klein, aber wir legen gro\u00dfen Wert auf Service und Kundenzufriedenheit. Bei GlobalForce gehen wir die Extrameile, um sowohl unsere Kunden als auch unsere Arbeitssuchenden zu unterst\u00fctzen. Wenn Sie sich f\u00fcr eine Zusammenarbeit mit uns entscheiden, k\u00f6nnen Sie ein Serviceniveau erwarten, das pers\u00f6nlich, reaktionsschnell und Ihrem Erfolg verpflichtet ist. Jahrelange, hart erarbeitete Erfahrung hat uns mit dem Einblick und der Widerstandsf\u00e4higkeit ausgestattet, unseren Kunden zu helfen, Herausforderungen zu meistern und eine st\u00e4rkere, erfolgreichere Zukunft aufzubauen.<\/p>\n<p><a href=\"http:\/\/globalforceresource.com\/wp-content\/uploads\/2014\/12\/SRFA.gif\"><img loading=\"lazy\" decoding=\"async\" class=\" alignleft wp-image-3900\" src=\"http:\/\/globalforceresource.com\/wp-content\/uploads\/2014\/12\/SRFA.gif\" alt=\"SFA, National Recruitment Federation, Small Firms Assoc., Logos\" width=\"295\" height=\"131\"><\/a><\/p>\n","protected":false},"excerpt":{"rendered":"<p>GlobalForce ist ein weltweit anerkannter Rekrutierungsspezialist, der Dienstleistungen in Irland, dem Vereinigten K\u00f6nigreich, Europa, Kanada, Australien und Neuseeland anbietet. Unser Hauptsitz wurde im Jahr 2000 gegr\u00fcndet und befindet sich mit Stolz in Dublin, Irland. Unsere langj\u00e4hrige Erfahrung auf dem Markt, kombiniert mit unserem kontinuierlichen Fokus und unserer Spezialisierung auf die internationale Vermittlung, hat uns zu einer der f\u00fchrenden globalen Personalvermittlungsagenturen gemacht. Unsere nachweisliche Erfolgsbilanz wird durch unsere hochkar\u00e4tigen Kunden belegt, darunter: BMW, Caterpillar, DAF, Ford, MAN, Mercedes Benz, Renault, Scania &amp; Volvo und andere. Wir verf\u00fcgen \u00fcber ein hochspezialisiertes und erfahrenes Team von Personalberatern, die sich einen Namen gemacht haben, weil sie durch ihre hervorragende Betreuung und ihren aufmerksamen Service<\/p>\n","protected":false},"author":1,"featured_media":0,"parent":0,"menu_order":0,"comment_status":"closed","ping_status":"closed","template":"","meta":{"footnotes":""},"class_list":["post-6430","page","type-page","status-publish","hentry"],"_links":{"self":[{"href":"https:\/\/globalforceresource.com\/de\/wp-json\/wp\/v2\/pages\/6430","targetHints":{"allow":["GET"]}}],"collection":[{"href":"https:\/\/globalforceresource.com\/de\/wp-json\/wp\/v2\/pages"}],"about":[{"href":"https:\/\/globalforceresource.com\/de\/wp-json\/wp\/v2\/types\/page"}],"author":[{"embeddable":true,"href":"https:\/\/globalforceresource.com\/de\/wp-json\/wp\/v2\/users\/1"}],"replies":[{"embeddable":true,"href":"https:\/\/globalforceresource.com\/de\/wp-json\/wp\/v2\/comments?post=6430"}],"version-history":[{"count":0,"href":"https:\/\/globalforceresource.com\/de\/wp-json\/wp\/v2\/pages\/6430\/revisions"}],"wp:attachment":[{"href":"https:\/\/globalforceresource.com\/de\/wp-json\/wp\/v2\/media?parent=6430"}],"curies":[{"name":"wp","href":"https:\/\/api.w.org\/{rel}","templated":true}]}}