{"id":6436,"date":"2018-07-20T12:54:38","date_gmt":"2018-07-20T12:54:38","guid":{"rendered":"https:\/\/globalforceresource.com\/ueber-uns\/was-uns-auszeichnet\/"},"modified":"2018-07-20T12:54:38","modified_gmt":"2018-07-20T12:54:38","slug":"was-uns-auszeichnet","status":"publish","type":"page","link":"https:\/\/globalforceresource.com\/de\/ueber-uns\/was-uns-auszeichnet\/","title":{"rendered":"Was uns auszeichnet"},"content":{"rendered":"<p><strong>Globalforce Resource stellt sicher, dass Sie die Zeit und Aufmerksamkeit erhalten, die Sie wirklich verdienen, um <em>in Ihrer Karriere einen Gang h\u00f6her zu schalten.<\/em><\/strong><\/p>\n<p>Unser Engagement f\u00fcr Sie.<br \/>\n<strong>Wir sind nicht \u201airgendeine\u2018 Personalvermittlungsfirma. <\/strong>Menschen sind das gr\u00f6\u00dfte Kapital eines Unternehmens. Wir sind bestrebt, die besten Jobs und die besten Leute f\u00fcr diese Jobs in der Branche zu finden.<strong><em><br \/>\n<\/em><\/strong><\/p>\n<p><strong style=\"font-size: 16px;\">Unser Ziel<br \/>\n<\/strong><strong style=\"font-size: 16px;\">Unser Ziel ist es, Erwartungen nicht nur zu erf\u00fcllen, sondern zu \u00fcbertreffen.<\/strong> <strong>Wir gehen die Extrameile, um unseren Kunden und Arbeitssuchenden zu helfen.<span style=\"font-size: 16px;\"> <\/span><\/strong><span style=\"font-size: 16px;\">Unser Erfolg beruht zu gleichen Teilen auf unserer umfangreichen Erfahrung und unserer Leidenschaft und unserem Engagement, die Anforderungen von Kunden und Kandidaten gleicherma\u00dfen zu erf\u00fcllen.<\/span><\/p>\n<p><strong>Unser Team<br \/>\n<em>Wir arbeiten mit h\u00f6chster Integrit\u00e4t, weil wir Menschen wertsch\u00e4tzen, denn Menschen sind unsere gr\u00f6\u00dfte Ressource.<\/em><\/strong> Wir haben ein sehr erfahrenes Team von Personalberatern, die sich einen Namen daf\u00fcr gemacht haben, dass sie durch ihre hervorragende Betreuung, ihre technische Kompetenz und ihren aufmerksamen Service die Bed\u00fcrfnisse von Kunden und Arbeitssuchenden gleicherma\u00dfen konsequent erf\u00fcllen.<br \/>\n<strong><br \/>\nWas unsere Kandidaten sagen\u2026<\/strong><\/p>\n<p><em>\u201eIch hoffe, Ihnen und dem ganzen Team geht es gut. Me Charmaine und die Jungs haben Sie nicht vergessen, lol, alles ist brillant hier. Emily, ich bin morgen 20 Wochen hier. Charmaine und die Jungs sind jetzt 10 Wochen hier und lieben es auch.\u201c<\/em><\/p>\n<p><em>\u201e<\/em>Vielen Dank f\u00fcr Ihre bisherige Hilfe, es war eine fantastische Reise und wir sitzen immer noch da und sagen, wir k\u00f6nnen nicht glauben, dass wir es so weit geschafft haben, alles dank Ihnen!<em> \u201c<\/em><\/p>\n<p><strong>Was unsere Kunden sagen\u2026<\/strong><\/p>\n<p><em>&#8220;Durch die zweij\u00e4hrige Zusammenarbeit mit Globalforce wurde der ausl\u00e4ndische Rekrutierungsprozess nahtlos gestaltet. Durch ihr Engagement f\u00fcr unsere gesch\u00e4ftlichen Bed\u00fcrfnisse und die unz\u00e4hligen Stunden, die sie mit der Erstellung von Dokumentationen verbracht haben, haben sie unseren ausl\u00e4ndischen Rekrutierungsprozess zu einem Erfolg gemacht.&#8221;<\/em><br \/>\nMagnum Trucks &#8211; CA<\/p>\n<p><em>\u201eGlobalforce hat uns ma\u00dfgeblich dabei unterst\u00fctzt, qualifizierte Techniker aus dem Vereinigten K\u00f6nigreich einzustellen\u201c<\/em><br \/>\n<em>First Canada ULC<\/em> &#8211; CA<\/p>\n<p><em>&#8220;Sie haben unsere Erwartungen bei der Rekrutierung von technischem Personal f\u00fcr unsere beiden Standorte in Saskatchewan erf\u00fcllt und \u00fcbertroffen.&#8221;<\/em><br \/>\nSterling Trucks &#8211; CA<\/p>\n<p><em>&#8220;Wir haben k\u00fcrzlich ein 10-j\u00e4hriges Jubil\u00e4um mit einem unserer polnischen Kandidaten von Globalforce Resource gefeiert. Eine Erfolgsgeschichte in der Personalbeschaffung.&#8221;<\/em><br \/>\nImperials Commercials &#8211; UK<\/p>\n<p>&nbsp;<\/p>\n<p>&nbsp;<\/p>\n","protected":false},"excerpt":{"rendered":"<p>Globalforce Resource stellt sicher, dass Sie die Zeit und Aufmerksamkeit erhalten, die Sie wirklich verdienen, um in Ihrer Karriere einen Gang h\u00f6her zu schalten. Unser Engagement f\u00fcr Sie. Wir sind nicht \u201airgendeine\u2018 Personalvermittlungsfirma. Menschen sind das gr\u00f6\u00dfte Kapital eines Unternehmens. Wir sind bestrebt, die besten Jobs und die besten Leute f\u00fcr diese Jobs in der Branche zu finden. Unser Ziel Unser Ziel ist es, Erwartungen nicht nur zu erf\u00fcllen, sondern zu \u00fcbertreffen. Wir gehen die Extrameile, um unseren Kunden und Arbeitssuchenden zu helfen. Unser Erfolg beruht zu gleichen Teilen auf unserer umfangreichen Erfahrung und unserer Leidenschaft und unserem Engagement, die Anforderungen von Kunden und Kandidaten gleicherma\u00dfen zu erf\u00fcllen. Unser Team<\/p>\n","protected":false},"author":3690,"featured_media":0,"parent":6430,"menu_order":0,"comment_status":"closed","ping_status":"closed","template":"","meta":{"footnotes":""},"class_list":["post-6436","page","type-page","status-publish","hentry"],"_links":{"self":[{"href":"https:\/\/globalforceresource.com\/de\/wp-json\/wp\/v2\/pages\/6436","targetHints":{"allow":["GET"]}}],"collection":[{"href":"https:\/\/globalforceresource.com\/de\/wp-json\/wp\/v2\/pages"}],"about":[{"href":"https:\/\/globalforceresource.com\/de\/wp-json\/wp\/v2\/types\/page"}],"author":[{"embeddable":true,"href":"https:\/\/globalforceresource.com\/de\/wp-json\/wp\/v2\/users\/3690"}],"replies":[{"embeddable":true,"href":"https:\/\/globalforceresource.com\/de\/wp-json\/wp\/v2\/comments?post=6436"}],"version-history":[{"count":0,"href":"https:\/\/globalforceresource.com\/de\/wp-json\/wp\/v2\/pages\/6436\/revisions"}],"up":[{"embeddable":true,"href":"https:\/\/globalforceresource.com\/de\/wp-json\/wp\/v2\/pages\/6430"}],"wp:attachment":[{"href":"https:\/\/globalforceresource.com\/de\/wp-json\/wp\/v2\/media?parent=6436"}],"curies":[{"name":"wp","href":"https:\/\/api.w.org\/{rel}","templated":true}]}}