{"id":6443,"date":"2015-02-23T09:20:54","date_gmt":"2015-02-23T09:20:54","guid":{"rendered":"https:\/\/globalforceresource.com\/keine-antragsgebuehren\/"},"modified":"2015-02-23T09:20:54","modified_gmt":"2015-02-23T09:20:54","slug":"keine-antragsgebuehren","status":"publish","type":"page","link":"https:\/\/globalforceresource.com\/de\/keine-antragsgebuehren\/","title":{"rendered":"Keine Antragsgeb\u00fchren"},"content":{"rendered":"<p><strong>GlobalForce erhebt keine Geb\u00fchren von Bewerbern. Unsere Lizenz als Arbeitsvermittlung untersagt es uns gesetzlich, von Bewerbern Geb\u00fchren f\u00fcr die Arbeitsvermittlung zu erheben. GlobalForce ist keine Auswanderungsagentur und ber\u00e4t oder berechnet Bewerbern daher keine Geb\u00fchren f\u00fcr Visumberatungsdienste. Alle Geb\u00fchren werden vom Arbeitgeber bezahlt. <\/strong><\/p>\n","protected":false},"excerpt":{"rendered":"<p>GlobalForce erhebt keine Geb\u00fchren von Bewerbern. Unsere Lizenz als Arbeitsvermittlung untersagt es uns gesetzlich, von Bewerbern Geb\u00fchren f\u00fcr die Arbeitsvermittlung zu erheben. GlobalForce ist keine Auswanderungsagentur und ber\u00e4t oder berechnet Bewerbern daher keine Geb\u00fchren f\u00fcr Visumberatungsdienste. Alle Geb\u00fchren werden vom Arbeitgeber bezahlt.<\/p>\n","protected":false},"author":1,"featured_media":0,"parent":0,"menu_order":0,"comment_status":"closed","ping_status":"closed","template":"","meta":{"footnotes":""},"class_list":["post-6443","page","type-page","status-publish","hentry"],"_links":{"self":[{"href":"https:\/\/globalforceresource.com\/de\/wp-json\/wp\/v2\/pages\/6443","targetHints":{"allow":["GET"]}}],"collection":[{"href":"https:\/\/globalforceresource.com\/de\/wp-json\/wp\/v2\/pages"}],"about":[{"href":"https:\/\/globalforceresource.com\/de\/wp-json\/wp\/v2\/types\/page"}],"author":[{"embeddable":true,"href":"https:\/\/globalforceresource.com\/de\/wp-json\/wp\/v2\/users\/1"}],"replies":[{"embeddable":true,"href":"https:\/\/globalforceresource.com\/de\/wp-json\/wp\/v2\/comments?post=6443"}],"version-history":[{"count":0,"href":"https:\/\/globalforceresource.com\/de\/wp-json\/wp\/v2\/pages\/6443\/revisions"}],"wp:attachment":[{"href":"https:\/\/globalforceresource.com\/de\/wp-json\/wp\/v2\/media?parent=6443"}],"curies":[{"name":"wp","href":"https:\/\/api.w.org\/{rel}","templated":true}]}}