{"id":6444,"date":"2019-07-26T12:31:11","date_gmt":"2019-07-26T12:31:11","guid":{"rendered":"https:\/\/globalforceresource.com\/umzug-nach-irland\/"},"modified":"2026-01-28T17:11:52","modified_gmt":"2026-01-28T17:11:52","slug":"umzug-nach-irland","status":"publish","type":"page","link":"https:\/\/globalforceresource.com\/de\/umzug-nach-irland\/","title":{"rendered":"Umzug nach Irland"},"content":{"rendered":"\n<h3 class=\"wp-block-heading\"><strong>Warum nach Irland umziehen?<\/strong><\/h3>\n\n\n<div class=\"wp-block-image\">\n<figure class=\"alignright size-full is-resized\"><a href=\"http:\/\/globalforceresource.com\/wp-content\/uploads\/2026\/01\/rlocate-to-ireland.jpg\"><img loading=\"lazy\" decoding=\"async\" width=\"512\" height=\"341\" src=\"http:\/\/globalforceresource.com\/wp-content\/uploads\/2026\/01\/rlocate-to-ireland.jpg\" alt=\"\" class=\"wp-image-6584\" style=\"aspect-ratio:1.5014963659683624;width:452px;height:auto\" srcset=\"https:\/\/globalforceresource.com\/wp-content\/uploads\/2026\/01\/rlocate-to-ireland.jpg 512w, https:\/\/globalforceresource.com\/wp-content\/uploads\/2026\/01\/rlocate-to-ireland-300x200.jpg 300w\" sizes=\"auto, (max-width: 512px) 100vw, 512px\" \/><\/a><\/figure>\n<\/div>\n\n\n<p>Ein Umzug nach Irland bietet eine einzigartige Mischung aus Chancen, Lebensstil und kulturellem Reichtum. Das Land ist bekannt f\u00fcr seine starke Wirtschaft, insbesondere in den Bereichen Technologie, Pharmazie und Finanzen, wobei viele globale Unternehmen ausgezeichnete Karriereperspektiven bieten. Irland bietet auch eine hohe Lebensqualit\u00e4t mit wundersch\u00f6nen Naturlandschaften, pulsierenden St\u00e4dten und einer einladenden, gemeinschaftsorientierten Kultur. Seine Bildungs- und Gesundheitssysteme sind hoch angesehen, und als englischsprachiges Land innerhalb der Europ\u00e4ischen Union bietet Irland sowohl eine einfache Integration als auch Zugang zu umfassenderen europ\u00e4ischen M\u00f6glichkeiten. In Kombination mit einer reichen Geschichte, einer lebendigen Kunstszene und freundlichen Menschen ist Irland ein attraktives Ziel f\u00fcr berufliches Wachstum und pers\u00f6nliches Wohlbefinden.    <\/p>\n\n\n\n<p>F\u00fcr einen internationalen Arbeitssuchenden kann ein Umzug nach Irland eine transformative Chance sein. Irland bietet Zugang zu einem starken und stabilen Arbeitsmarkt mit wettbewerbsf\u00e4higen Geh\u00e4ltern, auf dem aktiv nach internationalen Talenten gesucht wird. Als englischsprachiges Land reduziert es Sprachbarrieren und erleichtert die berufliche Integration, w\u00e4hrend seine Mitgliedschaft in der Europ\u00e4ischen Union T\u00fcren zu langfristiger beruflicher Mobilit\u00e4t in ganz Europa \u00f6ffnet. Irland verf\u00fcgt auch \u00fcber klare Arbeitserlaubniswege, einen Ruf f\u00fcr faire Arbeitspraktiken und eine einladende multikulturelle Gesellschaft, die es Neuank\u00f6mmlingen erleichtert, sich niederzulassen, zu verdienen und eine bessere Lebensqualit\u00e4t aufzubauen, w\u00e4hrend sie gleichzeitig famili\u00e4re Ziele und langfristige finanzielle Sicherheit unterst\u00fctzen.   <\/p>\n\n\n\n<p><strong>Wesentliche Vorteile:<\/strong><\/p>\n\n\n\n<ul class=\"wp-block-list\">\n<li>Starker Arbeitsmarkt, insbesondere in den Bereichen Technologie, Pharmazie, Finanzen und multinationale Unternehmen<\/li>\n\n\n\n<li>Hohe Lebensqualit\u00e4t mit einer guten Work-Life-Balance<\/li>\n\n\n\n<li>Englischsprachiges Land innerhalb der Europ\u00e4ischen Union, das Zugang zu EU-M\u00f6glichkeiten bietet<\/li>\n\n\n\n<li>Sichere, einladende Gesellschaft mit einer freundlichen und integrativen Kultur<\/li>\n\n\n\n<li>Hochwertige Bildungs- und Gesundheitssysteme<\/li>\n\n\n\n<li>Wundersch\u00f6ne Naturlandschaften neben pulsierenden, modernen St\u00e4dten<\/li>\n\n\n\n<li>G\u00fcnstiges Gesch\u00e4ftsumfeld und Karrierewachstumspotenzial<\/li>\n<\/ul>\n\n\n\n<p><\/p>\n\n\n\n<figure class=\"wp-block-image size-full\"><a href=\"https:\/\/globalforceresource.com\/de\/umzug-nach-irland-visa-informationen\/\"><img loading=\"lazy\" decoding=\"async\" width=\"300\" height=\"172\" src=\"http:\/\/globalforceresource.com\/wp-content\/uploads\/2026\/01\/visa.jpg\" alt=\"\" class=\"wp-image-6609\"\/><\/a><\/figure>\n\n\n\n<p><a href=\"https:\/\/globalforceresource.com\/de\/umzug-nach-irland-visa-informationen\/\" data-type=\"page\" data-id=\"6588\">VISA<\/a><\/p>\n\n\n\n<p><a href=\"https:\/\/globalforceresource.com\/de\/umzug-nach-irland-visa-informationen\/\" data-type=\"page\" data-id=\"6588\">Erhalten Sie wichtige Informationen zu VISA f\u00fcr Irland.<\/a><\/p>\n\n\n\n<figure class=\"wp-block-image size-full\"><a href=\"https:\/\/globalforceresource.com\/de\/umzug-nach-irland-gesundheit\/\"><img loading=\"lazy\" decoding=\"async\" width=\"300\" height=\"172\" src=\"https:\/\/globalforceresource.com\/wp-content\/uploads\/2026\/01\/health1-1.jpg\" alt=\"\" class=\"wp-image-6615\"\/><\/a><\/figure>\n\n\n\n<p><a href=\"https:\/\/globalforceresource.com\/de\/umzug-nach-irland-gesundheit\/\" data-type=\"page\" data-id=\"6597\">GESUNDHEIT<\/a><\/p>\n\n\n\n<p><a href=\"https:\/\/globalforceresource.com\/de\/umzug-nach-irland-gesundheit\/\" data-type=\"page\" data-id=\"6597\">Alles, was Sie \u00fcber Gesundheit und Irland wissen m\u00fcssen.<\/a><\/p>\n\n\n\n<figure class=\"wp-block-image size-full\"><a href=\"https:\/\/globalforceresource.com\/de\/relocate-ireland-education\/\"><img loading=\"lazy\" decoding=\"async\" width=\"300\" height=\"172\" src=\"https:\/\/globalforceresource.com\/wp-content\/uploads\/2026\/01\/edu-1.jpg\" alt=\"\" class=\"wp-image-6616\"\/><\/a><\/figure>\n\n\n\n<p><a href=\"https:\/\/globalforceresource.com\/de\/relocate-ireland-education\/\" data-type=\"page\" data-id=\"6600\">BILDUNG<\/a><\/p>\n\n\n\n<p><a href=\"https:\/\/globalforceresource.com\/de\/relocate-ireland-education\/\" data-type=\"page\" data-id=\"6600\">Alles, was Sie \u00fcber Bildung in Down Under wissen m\u00fcssen.<\/a><\/p>\n\n\n\n<figure class=\"wp-block-image size-full is-resized\"><a href=\"https:\/\/globalforceresource.com\/de\/umzug-nach-irland-unterkunft\/\"><img loading=\"lazy\" decoding=\"async\" width=\"512\" height=\"341\" src=\"https:\/\/globalforceresource.com\/wp-content\/uploads\/2026\/01\/accomodation-photo-4.jpg\" alt=\"\" class=\"wp-image-6789\" style=\"width:305px;height:auto\" srcset=\"https:\/\/globalforceresource.com\/wp-content\/uploads\/2026\/01\/accomodation-photo-4.jpg 512w, https:\/\/globalforceresource.com\/wp-content\/uploads\/2026\/01\/accomodation-photo-4-300x200.jpg 300w\" sizes=\"auto, (max-width: 512px) 100vw, 512px\" \/><\/a><\/figure>\n\n\n\n<p><a href=\"https:\/\/globalforceresource.com\/de\/umzug-nach-irland-unterkunft\/\" data-type=\"page\" data-id=\"6586\">UNTERKUNFT<\/a><\/p>\n\n\n\n<p><a href=\"https:\/\/globalforceresource.com\/de\/umzug-nach-irland-unterkunft\/\" data-type=\"page\" data-id=\"6586\">Lassen Sie sich bei der Suche nach einer Unterkunft in Irland helfen.<\/a><\/p>\n","protected":false},"excerpt":{"rendered":"<p>Warum nach Irland umziehen? Ein Umzug nach Irland bietet eine einzigartige Mischung aus Chancen, Lebensstil und kulturellem Reichtum. Das Land ist bekannt f\u00fcr seine starke Wirtschaft, insbesondere in den Bereichen Technologie, Pharmazie und Finanzen, wobei viele globale Unternehmen ausgezeichnete Karriereperspektiven bieten. Irland bietet auch eine hohe Lebensqualit\u00e4t mit wundersch\u00f6nen Naturlandschaften, pulsierenden St\u00e4dten und einer einladenden, gemeinschaftsorientierten Kultur. Seine Bildungs- und Gesundheitssysteme sind hoch angesehen, und als englischsprachiges Land innerhalb der Europ\u00e4ischen Union bietet Irland sowohl eine einfache Integration als auch Zugang zu umfassenderen europ\u00e4ischen M\u00f6glichkeiten. In Kombination mit einer reichen Geschichte, einer lebendigen Kunstszene und freundlichen Menschen ist Irland ein attraktives Ziel f\u00fcr berufliches Wachstum und pers\u00f6nliches Wohlbefinden. F\u00fcr einen<\/p>\n","protected":false},"author":3690,"featured_media":0,"parent":0,"menu_order":0,"comment_status":"closed","ping_status":"closed","template":"","meta":{"footnotes":""},"class_list":["post-6444","page","type-page","status-publish","hentry"],"_links":{"self":[{"href":"https:\/\/globalforceresource.com\/de\/wp-json\/wp\/v2\/pages\/6444","targetHints":{"allow":["GET"]}}],"collection":[{"href":"https:\/\/globalforceresource.com\/de\/wp-json\/wp\/v2\/pages"}],"about":[{"href":"https:\/\/globalforceresource.com\/de\/wp-json\/wp\/v2\/types\/page"}],"author":[{"embeddable":true,"href":"https:\/\/globalforceresource.com\/de\/wp-json\/wp\/v2\/users\/3690"}],"replies":[{"embeddable":true,"href":"https:\/\/globalforceresource.com\/de\/wp-json\/wp\/v2\/comments?post=6444"}],"version-history":[{"count":6,"href":"https:\/\/globalforceresource.com\/de\/wp-json\/wp\/v2\/pages\/6444\/revisions"}],"predecessor-version":[{"id":7040,"href":"https:\/\/globalforceresource.com\/de\/wp-json\/wp\/v2\/pages\/6444\/revisions\/7040"}],"wp:attachment":[{"href":"https:\/\/globalforceresource.com\/de\/wp-json\/wp\/v2\/media?parent=6444"}],"curies":[{"name":"wp","href":"https:\/\/api.w.org\/{rel}","templated":true}]}}