{"id":6448,"date":"2015-02-12T22:55:28","date_gmt":"2015-02-12T22:55:28","guid":{"rendered":"https:\/\/globalforceresource.com\/haftungsausschluss-fuer-die-website\/"},"modified":"2015-02-12T22:55:28","modified_gmt":"2015-02-12T22:55:28","slug":"haftungsausschluss-fuer-die-website","status":"publish","type":"page","link":"https:\/\/globalforceresource.com\/de\/haftungsausschluss-fuer-die-website\/","title":{"rendered":"Haftungsausschluss f\u00fcr die Website"},"content":{"rendered":"<p>Die auf dieser Website enthaltenen Informationen dienen ausschlie\u00dflich allgemeinen Informationszwecken. Die Informationen werden von Global Force Recruitment bereitgestellt, und obwohl wir uns bem\u00fchen, die Informationen auf dem neuesten Stand und korrekt zu halten, geben wir keinerlei Zusicherungen oder Gew\u00e4hrleistungen, weder ausdr\u00fccklich noch stillschweigend, hinsichtlich der Vollst\u00e4ndigkeit, Genauigkeit, Zuverl\u00e4ssigkeit, Eignung oder Verf\u00fcgbarkeit der Website oder der Informationen, Produkte, Dienstleistungen oder zugeh\u00f6rigen Grafiken, die auf der Website f\u00fcr irgendeinen Zweck enthalten sind. Jegliches Vertrauen, das Sie in solche Informationen setzen, geschieht daher ausschlie\u00dflich auf eigenes Risiko.<\/p>\n<p>In keinem Fall haften wir f\u00fcr Verluste oder Sch\u00e4den, einschlie\u00dflich, aber nicht beschr\u00e4nkt auf indirekte oder Folgesch\u00e4den, oder f\u00fcr Verluste oder Sch\u00e4den jeglicher Art, die aus dem Verlust von Daten oder Gewinnen entstehen, die aus oder im Zusammenhang mit der Nutzung dieser Website entstehen.<\/p>\n<p>\u00dcber diese Website k\u00f6nnen Sie zu anderen Websites verlinken, die nicht der Kontrolle von Global Force Recruitment unterliegen. Wir haben keine Kontrolle \u00fcber die Art, den Inhalt und die Verf\u00fcgbarkeit dieser Seiten. Die Aufnahme von Links impliziert nicht notwendigerweise eine Empfehlung oder Billigung der darin ge\u00e4u\u00dferten Ansichten.<\/p>\n<p>Es werden alle Anstrengungen unternommen, um die Website reibungslos am Laufen zu halten. Global Force Recruitment \u00fcbernimmt jedoch keine Verantwortung und haftet nicht daf\u00fcr, dass die Website aufgrund technischer Probleme, die au\u00dferhalb unserer Kontrolle liegen, vor\u00fcbergehend nicht verf\u00fcgbar ist.<\/p>\n","protected":false},"excerpt":{"rendered":"<p>Die auf dieser Website enthaltenen Informationen dienen ausschlie\u00dflich allgemeinen Informationszwecken. Die Informationen werden von Global Force Recruitment bereitgestellt, und obwohl wir uns bem\u00fchen, die Informationen auf dem neuesten Stand und korrekt zu halten, geben wir keinerlei Zusicherungen oder Gew\u00e4hrleistungen, weder ausdr\u00fccklich noch stillschweigend, hinsichtlich der Vollst\u00e4ndigkeit, Genauigkeit, Zuverl\u00e4ssigkeit, Eignung oder Verf\u00fcgbarkeit der Website oder der Informationen, Produkte, Dienstleistungen oder zugeh\u00f6rigen Grafiken, die auf der Website f\u00fcr irgendeinen Zweck enthalten sind. Jegliches Vertrauen, das Sie in solche Informationen setzen, geschieht daher ausschlie\u00dflich auf eigenes Risiko. In keinem Fall haften wir f\u00fcr Verluste oder Sch\u00e4den, einschlie\u00dflich, aber nicht beschr\u00e4nkt auf indirekte oder Folgesch\u00e4den, oder f\u00fcr Verluste oder Sch\u00e4den jeglicher Art, die aus<\/p>\n","protected":false},"author":1,"featured_media":0,"parent":0,"menu_order":0,"comment_status":"closed","ping_status":"closed","template":"page-templates\/full-width.php","meta":{"footnotes":""},"class_list":["post-6448","page","type-page","status-publish","hentry"],"_links":{"self":[{"href":"https:\/\/globalforceresource.com\/de\/wp-json\/wp\/v2\/pages\/6448","targetHints":{"allow":["GET"]}}],"collection":[{"href":"https:\/\/globalforceresource.com\/de\/wp-json\/wp\/v2\/pages"}],"about":[{"href":"https:\/\/globalforceresource.com\/de\/wp-json\/wp\/v2\/types\/page"}],"author":[{"embeddable":true,"href":"https:\/\/globalforceresource.com\/de\/wp-json\/wp\/v2\/users\/1"}],"replies":[{"embeddable":true,"href":"https:\/\/globalforceresource.com\/de\/wp-json\/wp\/v2\/comments?post=6448"}],"version-history":[{"count":0,"href":"https:\/\/globalforceresource.com\/de\/wp-json\/wp\/v2\/pages\/6448\/revisions"}],"wp:attachment":[{"href":"https:\/\/globalforceresource.com\/de\/wp-json\/wp\/v2\/media?parent=6448"}],"curies":[{"name":"wp","href":"https:\/\/api.w.org\/{rel}","templated":true}]}}