{"id":6449,"date":"2016-02-11T23:14:37","date_gmt":"2016-02-11T23:14:37","guid":{"rendered":"https:\/\/globalforceresource.com\/scheiss-drauf-mach-es-einfach\/"},"modified":"2016-02-11T23:14:37","modified_gmt":"2016-02-11T23:14:37","slug":"scheiss-drauf-mach-es-einfach","status":"publish","type":"page","link":"https:\/\/globalforceresource.com\/de\/scheiss-drauf-mach-es-einfach\/","title":{"rendered":"Schei\u00df drauf, mach es einfach"},"content":{"rendered":"<p>Dies sind die Worte eines der erfolgreichsten Unternehmer der Welt, Mr. Virgin Atlantic h\u00f6chstpers\u00f6nlich, Richard Branson. Ich selbst habe das Mantra diese Woche bereits dreimal angewendet, indem ich Ma\u00dfnahmen ergriffen habe, und erziele \u00fcberraschende und erfolgreiche Ergebnisse. Wenn Sie etwas in Ihrem Leben ver\u00e4ndern m\u00f6chten, m\u00fcssen Sie handeln, und das ist immer der be\u00e4ngstigende Teil! Das Leben ist voller H\u00f6hen und Tiefen, egal wer Sie sind, was Sie tun oder wo Sie leben.<\/p>\n<p>Das Leben kann aber auch an Ihnen vorbeiziehen, und ehe Sie sich versehen, befinden Sie sich im selben alten Job, am selben alten Ort, im selben alten Trott. Wenn Sie sich das f\u00fcr Ihr Leben w\u00fcnschen, ist das gro\u00dfartig. Sie sind an dem gl\u00fccklichen Punkt angelangt, mit Ihrem Los zufrieden zu sein. Wenn Sie jedoch davon tr\u00e4umen, die Erfahrung zu machen, in einem anderen Land zu arbeiten und zu leben, dann m\u00fcssen Sie einen Vertrauensvorschuss geben und es so machen, wie Mr. Branson es vorschl\u00e4gt. \u201eSchei\u00df drauf, mach es einfach!\u201c.<\/p>\n<p>Ich mag seine Wortwahl besonders im Zusammenhang mit unserem Gesch\u00e4ft, n\u00e4mlich der internationalen Vermittlung und dem Einsatz von HGV-\/Kfz-Mechanikern und anderem Fachpersonal in dieser Branche. Im Gegensatz zu meiner Geschichte haben unsere Kandidaten gute Arbeitspl\u00e4tze mit hervorragenden Leistungen, in die sie umziehen k\u00f6nnen, und werden von unserem Team durch den gesamten Umzugsprozess begleitet.<\/p>\n<p>Im Falle meiner eigenen Umz\u00fcge, von denen es viele gab, ist es der erste \u201egro\u00dfe Umzug nach \u00dcbersee\u201c, an den ich mich noch heute deutlich erinnern kann. Ich hatte die M\u00f6glichkeit und wurde ermutigt, in einer wirtschaftlich sehr schwierigen Zeit in Irland in die USA zu ziehen. Das war etwa zwei Jahre nach meinem College-Abschluss. Ich hatte damals einen Job, der als \u201egut\u201c galt. In der Minute, in der ich meine K\u00fcndigung einreichte, bot mir das Unternehmen, f\u00fcr das ich arbeitete, an, mein Gehalt zu verdoppeln und mir einen Firmenwagen zu geben. Nicht schlecht f\u00fcr einen 23-J\u00e4hrigen. Ich lehnte jedoch gn\u00e4dig ab und sagte, dass ich mein Gl\u00fcck in Amerika versuchen w\u00fcrde.<\/p>\n<p>Am Abend vor meiner Abreise ging ich mit meinen Freunden etwas trinken. Ich war bereit, am n\u00e4chsten Morgen zu gehen. Ich hatte mein Visum, meinen Reisepass, meine Flugtickets und meine gepackten Koffer. Mein Zimmer in der Wohnung war f\u00fcr den folgenden Tag vermietet. Freunde kamen zur\u00fcck in die Wohnung, um sich ein letztes Mal zu verabschieden. Sie fingen an zu sagen: \u201eWarum gehst du?\u201c, \u201eWarum musst du gehen?\u201c, \u201eWarum bleibst du nicht, wir werden dich vermissen? usw. usw. Ich stand in der 24<sup>.<\/sup> Stunde da und \u00fcberlegte ernsthaft, nicht zu gehen. Es war so verlockend, einfach zu bleiben, mit dem, was ich kannte. Stattdessen beschloss ich, zu gehen. Instinktiv wusste ich, dass es viel zu gewinnen gab, was hatte ich zu verlieren? Ich konnte jederzeit zur\u00fcckkommen, wenn es nicht klappen sollte.<\/p>\n<p>Also stieg ich am n\u00e4chsten Morgen in den Flieger, hatte schreckliche Angst, so weit allein zu reisen, aber ich habe es getan. Der Film im Flugzeug war \u201eDas Geheimnis meines Erfolgs\u201c mit einem jungen Michael J. Fox. Das war ein Omen f\u00fcr Gl\u00fcck, dachte ich mir, als ich mich zur\u00fccklehnte und anfing, mich zu entspannen, ohne zu wissen, was vor mir lag. Nat\u00fcrlich gab es Probleme. Als ich ankam, hatte mein Visum eine Panne, dann verschwanden meine Koffer f\u00fcr drei Tage (sie tauchten schlie\u00dflich wieder auf), ich musste auf ein paar Sofas leben, Jobs finden, in Jobs abgezockt werden und all die H\u00f6hen und Tiefen des Lebens und der Liebe dazwischen.<\/p>\n<p>Ehe ich mich versah, hatte ich mich in ein neues aufregendes Leben eingelebt, das zw\u00f6lf Jahre dauerte. In dieser Zeit baute ich wunderbare Freundschaften auf, sowohl bei der Arbeit als auch au\u00dferhalb der Arbeit. Menschen, mit denen ich bis heute in Kontakt stehe, etwa 20 Jahre sp\u00e4ter. Ich reiste und hatte viele wunderbare Erfahrungen, noch mehr allt\u00e4gliche und einige herausfordernde. Aber wenn ich zur\u00fcckblicke, kann ich ehrlich sagen, dass es eines der gr\u00f6\u00dften Privilegien im Leben ist, die Erfahrung machen zu k\u00f6nnen, im Ausland zu leben und zu arbeiten. Wenn man das Gute mit dem Schlechten nimmt, gewinnen die guten Zeiten haushoch.<\/p>\n<p>Um es zu tun, muss man nur ein wenig mutig sein, recherchieren, sich vorbereiten und, um es mit den Worten des gro\u00dfen Mr. Branson zu sagen, sich einfach sagen: \u201eAch, schei\u00df drauf, mach es einfach!\u201c<\/p>\n<p>Wenn Sie ein erfahrener, qualifizierter Mechaniker mit der Neigung sind, ins Ausland zu ziehen, setzen Sie sich einfach unter folgender Adresse mit uns in Verbindung: <a title=\"Just Do It Blog\" href=\"mailto:jobs@globalforceresource.com\">jobs@globalforceresource.com<\/a><\/p>\n","protected":false},"excerpt":{"rendered":"<p>Dies sind die Worte eines der erfolgreichsten Unternehmer der Welt, Mr. Virgin Atlantic h\u00f6chstpers\u00f6nlich, Richard Branson. Ich selbst habe das Mantra diese Woche bereits dreimal angewendet, indem ich Ma\u00dfnahmen ergriffen habe, und erziele \u00fcberraschende und erfolgreiche Ergebnisse. Wenn Sie etwas in Ihrem Leben ver\u00e4ndern m\u00f6chten, m\u00fcssen Sie handeln, und das ist immer der be\u00e4ngstigende Teil! Das Leben ist voller H\u00f6hen und Tiefen, egal wer Sie sind, was Sie tun oder wo Sie leben. Das Leben kann aber auch an Ihnen vorbeiziehen, und ehe Sie sich versehen, befinden Sie sich im selben alten Job, am selben alten Ort, im selben alten Trott. Wenn Sie sich das f\u00fcr Ihr Leben w\u00fcnschen, ist<\/p>\n","protected":false},"author":3690,"featured_media":6451,"parent":0,"menu_order":0,"comment_status":"closed","ping_status":"closed","template":"","meta":{"footnotes":""},"class_list":["post-6449","page","type-page","status-publish","has-post-thumbnail","hentry"],"_links":{"self":[{"href":"https:\/\/globalforceresource.com\/de\/wp-json\/wp\/v2\/pages\/6449","targetHints":{"allow":["GET"]}}],"collection":[{"href":"https:\/\/globalforceresource.com\/de\/wp-json\/wp\/v2\/pages"}],"about":[{"href":"https:\/\/globalforceresource.com\/de\/wp-json\/wp\/v2\/types\/page"}],"author":[{"embeddable":true,"href":"https:\/\/globalforceresource.com\/de\/wp-json\/wp\/v2\/users\/3690"}],"replies":[{"embeddable":true,"href":"https:\/\/globalforceresource.com\/de\/wp-json\/wp\/v2\/comments?post=6449"}],"version-history":[{"count":0,"href":"https:\/\/globalforceresource.com\/de\/wp-json\/wp\/v2\/pages\/6449\/revisions"}],"wp:featuredmedia":[{"embeddable":true,"href":"https:\/\/globalforceresource.com\/de\/wp-json\/wp\/v2\/media\/6451"}],"wp:attachment":[{"href":"https:\/\/globalforceresource.com\/de\/wp-json\/wp\/v2\/media?parent=6449"}],"curies":[{"name":"wp","href":"https:\/\/api.w.org\/{rel}","templated":true}]}}