{"id":6450,"date":"2015-02-01T13:24:33","date_gmt":"2015-02-01T13:24:33","guid":{"rendered":"https:\/\/globalforceresource.com\/sich-in-der-gemeinde-engagieren\/"},"modified":"2015-02-01T13:24:33","modified_gmt":"2015-02-01T13:24:33","slug":"sich-in-der-gemeinde-engagieren","status":"publish","type":"page","link":"https:\/\/globalforceresource.com\/de\/sich-in-der-gemeinde-engagieren\/","title":{"rendered":"Sich in der Gemeinde engagieren"},"content":{"rendered":"<p>In ein anderes Land zu ziehen, in dem man nur sehr wenige Menschen kennt, kann entmutigend sein.<\/p>\n<p>Die Online-Vernetzung kann vor und nach Ihrem Umzug n\u00fctzlich sein. Es gibt zahlreiche Diskussionsforen, Social-Media-Seiten und -Gruppen, in denen sich Menschen in einer \u00e4hnlichen Situation wie Sie befinden. Es gibt auch mehrere Expat-Gruppen und -Websites, die eine gro\u00dfartige M\u00f6glichkeit sind, neue Leute kennenzulernen! Auch die Teilnahme an Aktivit\u00e4ten, lokalen Gruppen und der Schulgemeinschaft Ihres Kindes ist eine gro\u00dfartige M\u00f6glichkeit, andere kennenzulernen.<\/p>\n<p><a href=\"http:\/\/www.canadavisa.com\/canada-immigration-discussion-board\/index.php\" target=\"_blank\">http:\/\/www.canadavisa.com\/canada-immigration-discussion-board\/index.php<\/a><\/p>\n<p><a href=\"https:\/\/www.facebook.com\/groups\/153353648208227\/\" target=\"_blank\">https:\/\/www.facebook.com\/groups\/153353648208227\/<\/a><\/p>\n<p><a href=\"https:\/\/www.facebook.com\/groups\/315057335299644\/\" target=\"_blank\">https:\/\/www.facebook.com\/groups\/315057335299644\/<\/a><\/p>\n<p><a href=\"http:\/\/britishexpats.com\/forum\/canada-56\/\" target=\"_blank\">http:\/\/britishexpats.com\/forum\/canada-56\/<\/a><\/p>\n<p><a href=\"http:\/\/www.expatforum.com\/expats\/canada-expat-forum-expats-living-canada\/\" target=\"_blank\">http:\/\/www.expatforum.com\/expats\/canada-expat-forum-expats-living-canada\/<\/a><\/p>\n<p><strong>Zur\u00fcck zu <a href=\"https:\/\/globalforceresource.com\/jobseekers\/partner-and-family-advice\/canada7\/\">Kanada-Ratgeber<\/a><\/strong><\/p>\n","protected":false},"excerpt":{"rendered":"<p>In ein anderes Land zu ziehen, in dem man nur sehr wenige Menschen kennt, kann entmutigend sein. Die Online-Vernetzung kann vor und nach Ihrem Umzug n\u00fctzlich sein. Es gibt zahlreiche Diskussionsforen, Social-Media-Seiten und -Gruppen, in denen sich Menschen in einer \u00e4hnlichen Situation wie Sie befinden. Es gibt auch mehrere Expat-Gruppen und -Websites, die eine gro\u00dfartige M\u00f6glichkeit sind, neue Leute kennenzulernen! Auch die Teilnahme an Aktivit\u00e4ten, lokalen Gruppen und der Schulgemeinschaft Ihres Kindes ist eine gro\u00dfartige M\u00f6glichkeit, andere kennenzulernen. http:\/\/www.canadavisa.com\/canada-immigration-discussion-board\/index.php https:\/\/www.facebook.com\/groups\/153353648208227\/ https:\/\/www.facebook.com\/groups\/315057335299644\/ http:\/\/britishexpats.com\/forum\/canada-56\/ http:\/\/www.expatforum.com\/expats\/canada-expat-forum-expats-living-canada\/ Zur\u00fcck zu Kanada-Ratgeber<\/p>\n","protected":false},"author":1,"featured_media":0,"parent":0,"menu_order":0,"comment_status":"closed","ping_status":"closed","template":"","meta":{"footnotes":""},"class_list":["post-6450","page","type-page","status-publish","hentry"],"_links":{"self":[{"href":"https:\/\/globalforceresource.com\/de\/wp-json\/wp\/v2\/pages\/6450","targetHints":{"allow":["GET"]}}],"collection":[{"href":"https:\/\/globalforceresource.com\/de\/wp-json\/wp\/v2\/pages"}],"about":[{"href":"https:\/\/globalforceresource.com\/de\/wp-json\/wp\/v2\/types\/page"}],"author":[{"embeddable":true,"href":"https:\/\/globalforceresource.com\/de\/wp-json\/wp\/v2\/users\/1"}],"replies":[{"embeddable":true,"href":"https:\/\/globalforceresource.com\/de\/wp-json\/wp\/v2\/comments?post=6450"}],"version-history":[{"count":0,"href":"https:\/\/globalforceresource.com\/de\/wp-json\/wp\/v2\/pages\/6450\/revisions"}],"wp:attachment":[{"href":"https:\/\/globalforceresource.com\/de\/wp-json\/wp\/v2\/media?parent=6450"}],"curies":[{"name":"wp","href":"https:\/\/api.w.org\/{rel}","templated":true}]}}