{"id":6455,"date":"2015-02-13T00:36:37","date_gmt":"2015-02-13T00:36:37","guid":{"rendered":"https:\/\/globalforceresource.com\/referenzen\/"},"modified":"2015-02-13T00:36:37","modified_gmt":"2015-02-13T00:36:37","slug":"referenzen","status":"publish","type":"page","link":"https:\/\/globalforceresource.com\/de\/referenzen\/","title":{"rendered":"Referenzen"},"content":{"rendered":"<p><em>\u201eVielen Dank an Global Force f\u00fcr Ihre harte Arbeit. Ich kann den Service, den wir von Ihnen erhalten haben, nur w\u00e4rmstens empfehlen. Vom ersten Anruf bis zu unserer Ankunft hier in Kanada und dem Arbeitsbeginn waren Sie bei jedem Schritt dabei. Sei es, um sicherzustellen, dass wir wussten, was erforderlich ist, Vorstellungsgespr\u00e4che zu vereinbaren oder uns durch das Minenfeld an Papierkram zu f\u00fchren, das erforderlich ist, um in das Land zu gelangen. Der Service und die Beratung, die wir von Ihnen erhalten haben, waren hervorragend. Wenn jemand einen beruflichen Wechsel ins Ausland sucht, ist er gut beraten, Global Force als erste Wahl zu treffen, da sie \u00fcber die entsprechenden Arbeitskontakte verf\u00fcgen und die Fallstricke in einem sehr komplizierten Gesch\u00e4ft kennen.\u201c<\/em><\/p>\n<p><strong>&#8211; Nigel Osborne<\/strong><\/p>\n<p>&nbsp;<\/p>\n<p><em>\u201eVielen Dank an das gesamte Team von Globalforce. Ich bin seit einigen Monaten in meinem neuen Job und Leben in Kanada und k\u00f6nnte nicht gl\u00fccklicher sein. Ich kann Global Force Resource als Personalvermittlungsagentur nur w\u00e4rmstens empfehlen.\u201c<\/em><\/p>\n<p><strong>&#8211; Fatmir Ashiku<\/strong><\/p>\n<p>&nbsp;<\/p>\n<p><em>\u201eKonnte nicht genug f\u00fcr mich tun, 2 Jahre sp\u00e4ter liebe ich mein neues Leben immer noch, danke Aisha und dem Rest von Global Force :)&#8221;<\/em><\/p>\n<p><strong>&#8211; Tom Bryan<\/strong><\/p>\n<p>&nbsp;<\/p>\n<p><em>\u201eZun\u00e4chst m\u00f6chte ich Globalforce f\u00fcr all ihre Hilfe und Unterst\u00fctzung bei meiner Suche nach einem neuen Job in Saskatchewan, Kanada, danken. Von unserem ersten Telefonat, unserem Vorgespr\u00e4ch, Skype-Meetings bis hin zu meiner Annahme der Stelle war Aisha unterst\u00fctzend, professionell und hilfsbereit f\u00fcr mich. Der Umzug h\u00e4tte nicht besser und einfacher sein k\u00f6nnen. Ich liebe es und bin sehr froh, den Schritt gemacht zu haben.\u201c<\/em><\/p>\n<p><strong>&#8211; Julyan Bled<\/strong><\/p>\n<p>&nbsp;<\/p>\n<p><em>\u201eIch kann Global Force Resource nur w\u00e4rmstens empfehlen. Carol Meyer war hervorragend, sie hat mir geholfen, einen tollen Job in Kanada zu bekommen, und ich liebe mein neues Leben. Das Unternehmen ist sehr zu empfehlen und ihre Akzente sind gro\u00dfartig!\u201c<\/em><\/p>\n<p><strong>&#8211; Paul Warrender<\/strong><\/p>\n<p>&nbsp;<\/p>\n<p><em>\u201eIch kann Samantha King und Global Force Resource als Personalvermittlungsagentur f\u00fcr die Besch\u00e4ftigung im Ausland nur w\u00e4rmstens empfehlen. Ich genie\u00dfe die Erfahrung, mit meinem Partner in Australien zu leben und zu arbeiten, und diese einmalige Gelegenheit w\u00e4re ohne Samantha nicht m\u00f6glich! Vielen Dank!\u201c<\/em><\/p>\n<p><strong>&#8211; Simon und Laura Holgate<\/strong><\/p>\n<p>&nbsp;<\/p>\n<p><em>\u201eVielen Dank f\u00fcr Ihre Hilfe, Beratung und Ermutigung w\u00e4hrend des gesamten Prozesses. Ich w\u00fcrde Global Force Resource allen Freunden oder Kollegen empfehlen, die in Zukunft ins Ausland umziehen m\u00f6chten. Nochmals vielen Dank, Patrick, Sie haben mir geholfen, mein Leben zum Besseren zu ver\u00e4ndern, und ich denke, ich werde hier in Australien ein tolles Leben haben.\u201c<\/em><\/p>\n<p><strong>&#8211; Paul Carske<\/strong><\/p>\n","protected":false},"excerpt":{"rendered":"<p>\u201eVielen Dank an Global Force f\u00fcr Ihre harte Arbeit. Ich kann den Service, den wir von Ihnen erhalten haben, nur w\u00e4rmstens empfehlen. Vom ersten Anruf bis zu unserer Ankunft hier in Kanada und dem Arbeitsbeginn waren Sie bei jedem Schritt dabei. Sei es, um sicherzustellen, dass wir wussten, was erforderlich ist, Vorstellungsgespr\u00e4che zu vereinbaren oder uns durch das Minenfeld an Papierkram zu f\u00fchren, das erforderlich ist, um in das Land zu gelangen. Der Service und die Beratung, die wir von Ihnen erhalten haben, waren hervorragend. Wenn jemand einen beruflichen Wechsel ins Ausland sucht, ist er gut beraten, Global Force als erste Wahl zu treffen, da sie \u00fcber die entsprechenden Arbeitskontakte<\/p>\n","protected":false},"author":1,"featured_media":0,"parent":0,"menu_order":0,"comment_status":"closed","ping_status":"closed","template":"","meta":{"footnotes":""},"class_list":["post-6455","page","type-page","status-publish","hentry"],"_links":{"self":[{"href":"https:\/\/globalforceresource.com\/de\/wp-json\/wp\/v2\/pages\/6455","targetHints":{"allow":["GET"]}}],"collection":[{"href":"https:\/\/globalforceresource.com\/de\/wp-json\/wp\/v2\/pages"}],"about":[{"href":"https:\/\/globalforceresource.com\/de\/wp-json\/wp\/v2\/types\/page"}],"author":[{"embeddable":true,"href":"https:\/\/globalforceresource.com\/de\/wp-json\/wp\/v2\/users\/1"}],"replies":[{"embeddable":true,"href":"https:\/\/globalforceresource.com\/de\/wp-json\/wp\/v2\/comments?post=6455"}],"version-history":[{"count":0,"href":"https:\/\/globalforceresource.com\/de\/wp-json\/wp\/v2\/pages\/6455\/revisions"}],"wp:attachment":[{"href":"https:\/\/globalforceresource.com\/de\/wp-json\/wp\/v2\/media?parent=6455"}],"curies":[{"name":"wp","href":"https:\/\/api.w.org\/{rel}","templated":true}]}}