{"id":6456,"date":"2015-02-01T13:21:07","date_gmt":"2015-02-01T13:21:07","guid":{"rendered":"https:\/\/globalforceresource.com\/gesundheit-bildung\/"},"modified":"2015-02-01T13:21:07","modified_gmt":"2015-02-01T13:21:07","slug":"gesundheit-bildung","status":"publish","type":"page","link":"https:\/\/globalforceresource.com\/de\/gesundheit-bildung\/","title":{"rendered":"Gesundheit &amp; Bildung"},"content":{"rendered":"<p>Sobald Sie oder Ihr Partner eine Arbeitserlaubnis f\u00fcr Kanada erhalten haben und dorthin umgesiedelt sind, k\u00f6nnen Ihre Kinder ohne Studienerlaubnis in Kanada die Vorschule, Grundschule und Sekundarstufe besuchen.<\/p>\n<p>Kanada verf\u00fcgt \u00fcber ein leistungsstarkes und hochwertiges Bildungssystem. Es gibt kein Bundesministerium f\u00fcr Bildung oder ein nationales Bildungssystem. Stattdessen hat jede Provinz und jedes Territorium ein eigenes Bildungssystem, das im Allgemeinen in ganz Kanada \u00e4hnlich ist, jedoch einige Unterschiede aufweist.  <\/p>\n<p>Um Ihr Kind \u00fcber ein lokales Schul-\/Schulbeh\u00f6rdenb\u00fcro anzumelden, m\u00fcssen Sie die folgenden Unterlagen mitbringen:<\/p>\n<ul>\n<li>Permanent Resident Card, Record of Landing (IMM 1000) oder Confirmation of Permanent Residence (IMM 5292)<\/li>\n<li>Die Geburtsurkunde Ihres Kindes<\/li>\n<li>Der Impfnachweis Ihres Kindes<\/li>\n<\/ul>\n<p>Wir ermutigen Eltern, sich in der Schule und der Ausbildung ihres Kindes zu engagieren. Die Beteiligung an der Schulgemeinschaft bietet eine ausgezeichnete Gelegenheit, die Ausbildung Ihres Kindes zu unterst\u00fctzen und neue Leute in Ihrer Umgebung kennenzulernen. <\/p>\n<p><strong>Zur\u00fcck zu <a href=\"https:\/\/globalforceresource.com\/jobseekers\/partner-and-family-advice\/canada7\/\">Kanada-Ratgeber<\/a><\/strong><\/p>\n","protected":false},"excerpt":{"rendered":"<p>Sobald Sie oder Ihr Partner eine Arbeitserlaubnis f\u00fcr Kanada erhalten haben und dorthin umgesiedelt sind, k\u00f6nnen Ihre Kinder ohne Studienerlaubnis in Kanada die Vorschule, Grundschule und Sekundarstufe besuchen. Kanada verf\u00fcgt \u00fcber ein leistungsstarkes und hochwertiges Bildungssystem. Es gibt kein Bundesministerium f\u00fcr Bildung oder ein nationales Bildungssystem. Stattdessen hat jede Provinz und jedes Territorium ein eigenes Bildungssystem, das im Allgemeinen in ganz Kanada \u00e4hnlich ist, jedoch einige Unterschiede aufweist. Um Ihr Kind \u00fcber ein lokales Schul-\/Schulbeh\u00f6rdenb\u00fcro anzumelden, m\u00fcssen Sie die folgenden Unterlagen mitbringen: Permanent Resident Card, Record of Landing (IMM 1000) oder Confirmation of Permanent Residence (IMM 5292) Die Geburtsurkunde Ihres Kindes Der Impfnachweis Ihres Kindes Wir ermutigen Eltern, sich in<\/p>\n","protected":false},"author":1,"featured_media":0,"parent":0,"menu_order":0,"comment_status":"closed","ping_status":"closed","template":"","meta":{"footnotes":""},"class_list":["post-6456","page","type-page","status-publish","hentry"],"_links":{"self":[{"href":"https:\/\/globalforceresource.com\/de\/wp-json\/wp\/v2\/pages\/6456","targetHints":{"allow":["GET"]}}],"collection":[{"href":"https:\/\/globalforceresource.com\/de\/wp-json\/wp\/v2\/pages"}],"about":[{"href":"https:\/\/globalforceresource.com\/de\/wp-json\/wp\/v2\/types\/page"}],"author":[{"embeddable":true,"href":"https:\/\/globalforceresource.com\/de\/wp-json\/wp\/v2\/users\/1"}],"replies":[{"embeddable":true,"href":"https:\/\/globalforceresource.com\/de\/wp-json\/wp\/v2\/comments?post=6456"}],"version-history":[{"count":0,"href":"https:\/\/globalforceresource.com\/de\/wp-json\/wp\/v2\/pages\/6456\/revisions"}],"wp:attachment":[{"href":"https:\/\/globalforceresource.com\/de\/wp-json\/wp\/v2\/media?parent=6456"}],"curies":[{"name":"wp","href":"https:\/\/api.w.org\/{rel}","templated":true}]}}