{"id":6457,"date":"2015-02-01T13:07:08","date_gmt":"2015-02-01T13:07:08","guid":{"rendered":"https:\/\/globalforceresource.com\/stellen-arbeitsvisum-moeglichkeiten\/"},"modified":"2015-02-01T13:07:08","modified_gmt":"2015-02-01T13:07:08","slug":"stellen-arbeitsvisum-moeglichkeiten","status":"publish","type":"page","link":"https:\/\/globalforceresource.com\/de\/stellen-arbeitsvisum-moeglichkeiten\/","title":{"rendered":"Stellen-\/Arbeitsvisum-M\u00f6glichkeiten"},"content":{"rendered":"<h4>Dies ist auch eine potenzielle M\u00f6glichkeit f\u00fcr Sie, Ihre Karriere voranzutreiben.<\/h4>\n<p>Das Arbeiten und Leben in Neuseeland basierend auf dem Visum Ihres Partners h\u00e4ngt von der Art des Visums und seinen spezifischen Anforderungen ab. Sie werden auch nach einem Nachweis der Partnerschaft gefragt, der variieren kann. Einige Optionen sind: eine Heirats- oder Lebenspartnerschaftsurkunde, ein Nachweis des gemeinsamen Wohnsitzes, finanzielle Abh\u00e4ngigkeit\/Interdependenz (Nachweis gemeinsamer Bankkonten usw.). Vollst\u00e4ndige Informationen, Optionen und Antr\u00e4ge f\u00fcr Partner finden Sie unter:<\/p>\n<p><a href=\"http:\/\/www.immigration.govt.nz\/migrant\/stream\/live\/partner\/\" target=\"_blank\">http:\/\/www.immigration.govt.nz\/migrant\/stream\/live\/partner\/<\/a><\/p>\n<p><strong>Zur\u00fcck zu <a href=\"https:\/\/globalforceresource.com\/jobseekers\/partner-and-family-advice\/new-zealand\/\">Neuseeland-Beratung<\/a><\/strong><\/p>\n","protected":false},"excerpt":{"rendered":"<p>Dies ist auch eine potenzielle M\u00f6glichkeit f\u00fcr Sie, Ihre Karriere voranzutreiben. Das Arbeiten und Leben in Neuseeland basierend auf dem Visum Ihres Partners h\u00e4ngt von der Art des Visums und seinen spezifischen Anforderungen ab. Sie werden auch nach einem Nachweis der Partnerschaft gefragt, der variieren kann. Einige Optionen sind: eine Heirats- oder Lebenspartnerschaftsurkunde, ein Nachweis des gemeinsamen Wohnsitzes, finanzielle Abh\u00e4ngigkeit\/Interdependenz (Nachweis gemeinsamer Bankkonten usw.). Vollst\u00e4ndige Informationen, Optionen und Antr\u00e4ge f\u00fcr Partner finden Sie unter: http:\/\/www.immigration.govt.nz\/migrant\/stream\/live\/partner\/ Zur\u00fcck zu Neuseeland-Beratung<\/p>\n","protected":false},"author":1,"featured_media":0,"parent":0,"menu_order":0,"comment_status":"closed","ping_status":"closed","template":"","meta":{"footnotes":""},"class_list":["post-6457","page","type-page","status-publish","hentry"],"_links":{"self":[{"href":"https:\/\/globalforceresource.com\/de\/wp-json\/wp\/v2\/pages\/6457","targetHints":{"allow":["GET"]}}],"collection":[{"href":"https:\/\/globalforceresource.com\/de\/wp-json\/wp\/v2\/pages"}],"about":[{"href":"https:\/\/globalforceresource.com\/de\/wp-json\/wp\/v2\/types\/page"}],"author":[{"embeddable":true,"href":"https:\/\/globalforceresource.com\/de\/wp-json\/wp\/v2\/users\/1"}],"replies":[{"embeddable":true,"href":"https:\/\/globalforceresource.com\/de\/wp-json\/wp\/v2\/comments?post=6457"}],"version-history":[{"count":0,"href":"https:\/\/globalforceresource.com\/de\/wp-json\/wp\/v2\/pages\/6457\/revisions"}],"wp:attachment":[{"href":"https:\/\/globalforceresource.com\/de\/wp-json\/wp\/v2\/media?parent=6457"}],"curies":[{"name":"wp","href":"https:\/\/api.w.org\/{rel}","templated":true}]}}