{"id":6458,"date":"2015-02-01T11:49:56","date_gmt":"2015-02-01T11:49:56","guid":{"rendered":"https:\/\/globalforceresource.com\/community\/"},"modified":"2015-02-01T11:49:56","modified_gmt":"2015-02-01T11:49:56","slug":"community","status":"publish","type":"page","link":"https:\/\/globalforceresource.com\/de\/community\/","title":{"rendered":"Community"},"content":{"rendered":"<p>In ein anderes Land zu ziehen, in dem man nur sehr wenige Menschen kennt, kann entmutigend sein. Die Online-Vernetzung kann vor und nach Ihrem Umzug n\u00fctzlich sein. Es gibt zahlreiche Diskussionsforen, Social-Media-Seiten und -Gruppen, in denen sich Menschen in einer \u00e4hnlichen Situation wie Sie befinden. Es gibt auch mehrere Expat-Gruppen und -Websites, die eine gro\u00dfartige M\u00f6glichkeit sind, neue Leute kennenzulernen! Auch die Teilnahme an Aktivit\u00e4ten, lokalen Gruppen und der Schulgemeinschaft Ihres Kindes ist eine gro\u00dfartige M\u00f6glichkeit, andere kennenzulernen.<\/p>\n<p>&nbsp;<\/p>\n<p>http:\/\/www.expatforum.com\/expats\/australia-expat-forum-expats-living-australia\/<\/p>\n<p>http:\/\/britishexpats.com\/forum\/australia-54\/<\/p>\n<p><a href=\"https:\/\/www.facebook.com\/IrishPeopleLivingInAustralia?fref=ts\">https:\/\/www.facebook.com\/IrishPeopleLivingInAustralia?fref=ts<\/a><\/p>\n<p><a href=\"http:\/\/www.boards.ie\">www.boards.ie<\/a><\/p>\n<p>&nbsp;<\/p>\n<h4><\/h4>\n<p><strong>Zur\u00fcck zu <a href=\"https:\/\/globalforceresource.com\/jobseekers\/partner-and-family-advice\/australia5\/\">Australien Beratung<\/a><\/strong><\/p>\n","protected":false},"excerpt":{"rendered":"<p>In ein anderes Land zu ziehen, in dem man nur sehr wenige Menschen kennt, kann entmutigend sein. Die Online-Vernetzung kann vor und nach Ihrem Umzug n\u00fctzlich sein. Es gibt zahlreiche Diskussionsforen, Social-Media-Seiten und -Gruppen, in denen sich Menschen in einer \u00e4hnlichen Situation wie Sie befinden. Es gibt auch mehrere Expat-Gruppen und -Websites, die eine gro\u00dfartige M\u00f6glichkeit sind, neue Leute kennenzulernen! Auch die Teilnahme an Aktivit\u00e4ten, lokalen Gruppen und der Schulgemeinschaft Ihres Kindes ist eine gro\u00dfartige M\u00f6glichkeit, andere kennenzulernen. &nbsp; http:\/\/www.expatforum.com\/expats\/australia-expat-forum-expats-living-australia\/ http:\/\/britishexpats.com\/forum\/australia-54\/ https:\/\/www.facebook.com\/IrishPeopleLivingInAustralia?fref=ts www.boards.ie &nbsp; Zur\u00fcck zu Australien Beratung<\/p>\n","protected":false},"author":1,"featured_media":0,"parent":0,"menu_order":0,"comment_status":"closed","ping_status":"closed","template":"","meta":{"footnotes":""},"class_list":["post-6458","page","type-page","status-publish","hentry"],"_links":{"self":[{"href":"https:\/\/globalforceresource.com\/de\/wp-json\/wp\/v2\/pages\/6458","targetHints":{"allow":["GET"]}}],"collection":[{"href":"https:\/\/globalforceresource.com\/de\/wp-json\/wp\/v2\/pages"}],"about":[{"href":"https:\/\/globalforceresource.com\/de\/wp-json\/wp\/v2\/types\/page"}],"author":[{"embeddable":true,"href":"https:\/\/globalforceresource.com\/de\/wp-json\/wp\/v2\/users\/1"}],"replies":[{"embeddable":true,"href":"https:\/\/globalforceresource.com\/de\/wp-json\/wp\/v2\/comments?post=6458"}],"version-history":[{"count":0,"href":"https:\/\/globalforceresource.com\/de\/wp-json\/wp\/v2\/pages\/6458\/revisions"}],"wp:attachment":[{"href":"https:\/\/globalforceresource.com\/de\/wp-json\/wp\/v2\/media?parent=6458"}],"curies":[{"name":"wp","href":"https:\/\/api.w.org\/{rel}","templated":true}]}}