{"id":6459,"date":"2015-02-01T13:07:57","date_gmt":"2015-02-01T13:07:57","guid":{"rendered":"https:\/\/globalforceresource.com\/gesundheit-und-bildung\/"},"modified":"2015-02-01T13:07:57","modified_gmt":"2015-02-01T13:07:57","slug":"gesundheit-und-bildung","status":"publish","type":"page","link":"https:\/\/globalforceresource.com\/de\/gesundheit-und-bildung\/","title":{"rendered":"Gesundheit und Bildung"},"content":{"rendered":"<p>Abh\u00e4ngig von Ihrem Visumstyp sind Sie m\u00f6glicherweise durch das \u00f6ffentliche Gesundheitssystem in Neuseeland abgedeckt. Dar\u00fcber hinaus k\u00f6nnen Sie eine private Krankenversicherung abschlie\u00dfen. Angebote finden Sie hier: <a href=\"http:\/\/www.everybody.co.nz\/\" target=\"_blank\">www.everybody.co.nz<\/a> oder <a href=\"http:\/\/www.insureme.co.nz\/\" target=\"_blank\">www.insureme.co.nz<\/a>.  <\/p>\n<p>Die Qualit\u00e4t der Bildung in Neuseeland ist relativ hoch. Kinder besuchen in der Regel im Alter von 5 bis 16 Jahren die Schule und besuchen eine Grundschule, eine Mittelschule und dann eine weiterf\u00fchrende Schule. Es wird von Ihnen erwartet, dass Sie einen freiwilligen Beitrag an die Schule leisten, an der Sie Ihr Kind anmelden (ca. 800 $ pro Jahr).  <\/p>\n<p>Die Beteiligung an der Schulgemeinschaft bietet eine ausgezeichnete M\u00f6glichkeit, die Ausbildung Ihres Kindes zu unterst\u00fctzen und neue Leute in Ihrer Umgebung kennenzulernen.<\/p>\n<p>Weitere Informationen zu Bildung und Schulen:<\/p>\n<p><a href=\"https:\/\/www.newzealandnow.govt.nz\/\" target=\"_blank\">https:\/\/www.newzealandnow.govt.nz\/<\/a><\/p>\n<p><a href=\"http:\/\/www.minedu.govt.nz\/\" target=\"_blank\">http:\/\/www.minedu.govt.nz\/<\/a><\/p>\n<p><strong>Zur\u00fcck zu <a href=\"https:\/\/globalforceresource.com\/jobseekers\/partner-and-family-advice\/new-zealand\/\">Neuseeland-Beratung<\/a><\/strong><\/p>\n","protected":false},"excerpt":{"rendered":"<p>Abh\u00e4ngig von Ihrem Visumstyp sind Sie m\u00f6glicherweise durch das \u00f6ffentliche Gesundheitssystem in Neuseeland abgedeckt. Dar\u00fcber hinaus k\u00f6nnen Sie eine private Krankenversicherung abschlie\u00dfen. Angebote finden Sie hier: www.everybody.co.nz oder www.insureme.co.nz. Die Qualit\u00e4t der Bildung in Neuseeland ist relativ hoch. Kinder besuchen in der Regel im Alter von 5 bis 16 Jahren die Schule und besuchen eine Grundschule, eine Mittelschule und dann eine weiterf\u00fchrende Schule. Es wird von Ihnen erwartet, dass Sie einen freiwilligen Beitrag an die Schule leisten, an der Sie Ihr Kind anmelden (ca. 800 $ pro Jahr). Die Beteiligung an der Schulgemeinschaft bietet eine ausgezeichnete M\u00f6glichkeit, die Ausbildung Ihres Kindes zu unterst\u00fctzen und neue Leute in Ihrer Umgebung kennenzulernen.<\/p>\n","protected":false},"author":1,"featured_media":0,"parent":0,"menu_order":0,"comment_status":"closed","ping_status":"closed","template":"","meta":{"footnotes":""},"class_list":["post-6459","page","type-page","status-publish","hentry"],"_links":{"self":[{"href":"https:\/\/globalforceresource.com\/de\/wp-json\/wp\/v2\/pages\/6459","targetHints":{"allow":["GET"]}}],"collection":[{"href":"https:\/\/globalforceresource.com\/de\/wp-json\/wp\/v2\/pages"}],"about":[{"href":"https:\/\/globalforceresource.com\/de\/wp-json\/wp\/v2\/types\/page"}],"author":[{"embeddable":true,"href":"https:\/\/globalforceresource.com\/de\/wp-json\/wp\/v2\/users\/1"}],"replies":[{"embeddable":true,"href":"https:\/\/globalforceresource.com\/de\/wp-json\/wp\/v2\/comments?post=6459"}],"version-history":[{"count":0,"href":"https:\/\/globalforceresource.com\/de\/wp-json\/wp\/v2\/pages\/6459\/revisions"}],"wp:attachment":[{"href":"https:\/\/globalforceresource.com\/de\/wp-json\/wp\/v2\/media?parent=6459"}],"curies":[{"name":"wp","href":"https:\/\/api.w.org\/{rel}","templated":true}]}}