{"id":6460,"date":"2015-02-01T13:20:11","date_gmt":"2015-02-01T13:20:11","guid":{"rendered":"https:\/\/globalforceresource.com\/stellen-arbeitsvisum-moeglichkeiten-2\/"},"modified":"2015-02-01T13:20:11","modified_gmt":"2015-02-01T13:20:11","slug":"stellen-arbeitsvisum-moeglichkeiten-2","status":"publish","type":"page","link":"https:\/\/globalforceresource.com\/de\/stellen-arbeitsvisum-moeglichkeiten-2\/","title":{"rendered":"Stellen-\/Arbeitsvisum-M\u00f6glichkeiten"},"content":{"rendered":"<p>Dies ist auch eine potenzielle M\u00f6glichkeit f\u00fcr Sie, Ihre Karriere voranzutreiben. Als Ehepartner oder Lebensgef\u00e4hrte gilt in der Regel, dass Sie eine eigene Arbeitserlaubnis f\u00fcr eine bestimmte Stelle beantragen k\u00f6nnen und daher die gleichen Voraussetzungen wie Ihr Partner erf\u00fcllen m\u00fcssen.<\/p>\n<p>Wie von <a href=\"http:\/\/www.cic.gc.ca\">CIC<\/a> dargelegt, besteht jedoch auch die M\u00f6glichkeit, eine offene Arbeitserlaubnis zu beantragen \u2013 die es Ihnen erm\u00f6glicht, sich f\u00fcr jede Stelle bei jedem Arbeitgeber zu bewerben \u2013, wenn Ihr Partner die folgenden Bedingungen erf\u00fcllt:<\/p>\n<p><strong>Ihr Partner:<\/strong><\/p>\n<ul>\n<li>mindestens sechs Monate in Kanada arbeiten darf,<\/li>\n<li>in Kanada einer T\u00e4tigkeit nachgeht, die ein Mindestma\u00df an Qualifikation erfordert (in der Regel eine T\u00e4tigkeit, f\u00fcr die mindestens ein Hochschulabschluss erforderlich ist), und<\/li>\n<li>eine Stelle aus\u00fcbt, die in den Kompetenzniveaus 0, A oder B der National Occupational Classification aufgef\u00fchrt ist,<\/li>\n<\/ul>\n<p>oder<\/p>\n<p><strong>Ihr Partner:<\/strong><\/p>\n<ul>\n<li>in Kanada arbeiten darf und<\/li>\n<li>in Kanada einer T\u00e4tigkeit nachgeht, die auf einer Liste der f\u00f6rderf\u00e4higen Berufe in teilnehmenden Provinzen steht.<\/li>\n<\/ul>\n<p>Wenn Ihnen eine offene Arbeitserlaubnis erteilt wird, gilt diese in der Regel f\u00fcr den gleichen Zeitraum wie die Ihres Partners.<\/p>\n<p><strong>Zur\u00fcck zu <a href=\"https:\/\/globalforceresource.com\/jobseekers\/partner-and-family-advice\/canada7\/\">Kanada-Ratgeber<\/a><\/strong><\/p>\n","protected":false},"excerpt":{"rendered":"<p>Dies ist auch eine potenzielle M\u00f6glichkeit f\u00fcr Sie, Ihre Karriere voranzutreiben. Als Ehepartner oder Lebensgef\u00e4hrte gilt in der Regel, dass Sie eine eigene Arbeitserlaubnis f\u00fcr eine bestimmte Stelle beantragen k\u00f6nnen und daher die gleichen Voraussetzungen wie Ihr Partner erf\u00fcllen m\u00fcssen. Wie von CIC dargelegt, besteht jedoch auch die M\u00f6glichkeit, eine offene Arbeitserlaubnis zu beantragen \u2013 die es Ihnen erm\u00f6glicht, sich f\u00fcr jede Stelle bei jedem Arbeitgeber zu bewerben \u2013, wenn Ihr Partner die folgenden Bedingungen erf\u00fcllt: Ihr Partner: mindestens sechs Monate in Kanada arbeiten darf, in Kanada einer T\u00e4tigkeit nachgeht, die ein Mindestma\u00df an Qualifikation erfordert (in der Regel eine T\u00e4tigkeit, f\u00fcr die mindestens ein Hochschulabschluss erforderlich ist), und eine<\/p>\n","protected":false},"author":1,"featured_media":0,"parent":0,"menu_order":0,"comment_status":"closed","ping_status":"closed","template":"","meta":{"footnotes":""},"class_list":["post-6460","page","type-page","status-publish","hentry"],"_links":{"self":[{"href":"https:\/\/globalforceresource.com\/de\/wp-json\/wp\/v2\/pages\/6460","targetHints":{"allow":["GET"]}}],"collection":[{"href":"https:\/\/globalforceresource.com\/de\/wp-json\/wp\/v2\/pages"}],"about":[{"href":"https:\/\/globalforceresource.com\/de\/wp-json\/wp\/v2\/types\/page"}],"author":[{"embeddable":true,"href":"https:\/\/globalforceresource.com\/de\/wp-json\/wp\/v2\/users\/1"}],"replies":[{"embeddable":true,"href":"https:\/\/globalforceresource.com\/de\/wp-json\/wp\/v2\/comments?post=6460"}],"version-history":[{"count":0,"href":"https:\/\/globalforceresource.com\/de\/wp-json\/wp\/v2\/pages\/6460\/revisions"}],"wp:attachment":[{"href":"https:\/\/globalforceresource.com\/de\/wp-json\/wp\/v2\/media?parent=6460"}],"curies":[{"name":"wp","href":"https:\/\/api.w.org\/{rel}","templated":true}]}}