{"id":6461,"date":"2015-02-01T11:48:39","date_gmt":"2015-02-01T11:48:39","guid":{"rendered":"https:\/\/globalforceresource.com\/gesundheit-und-bildung-2\/"},"modified":"2015-02-01T11:48:39","modified_gmt":"2015-02-01T11:48:39","slug":"gesundheit-und-bildung-2","status":"publish","type":"page","link":"https:\/\/globalforceresource.com\/de\/gesundheit-und-bildung-2\/","title":{"rendered":"Gesundheit und Bildung"},"content":{"rendered":"<h4>Bis Sie eine dauerhafte Aufenthaltsgenehmigung erhalten, sind Sie nicht durch das \u00f6ffentliche Gesundheitssystem Australiens \u2013 Medicare \u2013 abgedeckt.<\/h4>\n<p>Sie k\u00f6nnen eine Auslandsversicherung f\u00fcr Besucher abschlie\u00dfen, die etwa 175 Dollar pro Monat kostet. Vergleichen Sie die Kosten unter: <a href=\"http:\/\/www.privatehealth.gov.au\/\" target=\"_blank\">www.privatehealth.gov.au<\/a> oder <a href=\"http:\/\/www.iselect.comau\/\" target=\"_blank\">www.iselect.comau<\/a>. <\/p>\n<p>\u00d6ffentliche Schulen in Australien sind zwar technisch gesehen kostenlos, k\u00f6nnen aber von Einwanderern ein festes Schulgeld erheben, je nachdem, welches Visum Sie besitzen. Dar\u00fcber hinaus wird von den Eltern erwartet, dass sie jedes Jahr freiwillige Beitr\u00e4ge leisten.  <a href=\"http:\/\/www.australiancurriculum.edu.au\/\">www.australiancurriculum.edu.au<\/a><\/p>\n<p>Das australische Bildungssystem ist weltweit f\u00fcr seine Exzellenz bekannt. Die Beteiligung an der Schulgemeinschaft bietet eine ausgezeichnete M\u00f6glichkeit, die Ausbildung Ihres Kindes zu unterst\u00fctzen und neue Leute in Ihrer Gegend kennenzulernen. <\/p>\n<p><strong>Zur\u00fcck zu <a href=\"https:\/\/globalforceresource.com\/jobseekers\/partner-and-family-advice\/australia5\/\">Australien Beratung<\/a><\/strong><\/p>\n","protected":false},"excerpt":{"rendered":"<p>Bis Sie eine dauerhafte Aufenthaltsgenehmigung erhalten, sind Sie nicht durch das \u00f6ffentliche Gesundheitssystem Australiens \u2013 Medicare \u2013 abgedeckt. Sie k\u00f6nnen eine Auslandsversicherung f\u00fcr Besucher abschlie\u00dfen, die etwa 175 Dollar pro Monat kostet. Vergleichen Sie die Kosten unter: www.privatehealth.gov.au oder www.iselect.comau. \u00d6ffentliche Schulen in Australien sind zwar technisch gesehen kostenlos, k\u00f6nnen aber von Einwanderern ein festes Schulgeld erheben, je nachdem, welches Visum Sie besitzen. Dar\u00fcber hinaus wird von den Eltern erwartet, dass sie jedes Jahr freiwillige Beitr\u00e4ge leisten. www.australiancurriculum.edu.au Das australische Bildungssystem ist weltweit f\u00fcr seine Exzellenz bekannt. Die Beteiligung an der Schulgemeinschaft bietet eine ausgezeichnete M\u00f6glichkeit, die Ausbildung Ihres Kindes zu unterst\u00fctzen und neue Leute in Ihrer Gegend kennenzulernen. Zur\u00fcck<\/p>\n","protected":false},"author":1,"featured_media":0,"parent":0,"menu_order":0,"comment_status":"closed","ping_status":"closed","template":"","meta":{"footnotes":""},"class_list":["post-6461","page","type-page","status-publish","hentry"],"_links":{"self":[{"href":"https:\/\/globalforceresource.com\/de\/wp-json\/wp\/v2\/pages\/6461","targetHints":{"allow":["GET"]}}],"collection":[{"href":"https:\/\/globalforceresource.com\/de\/wp-json\/wp\/v2\/pages"}],"about":[{"href":"https:\/\/globalforceresource.com\/de\/wp-json\/wp\/v2\/types\/page"}],"author":[{"embeddable":true,"href":"https:\/\/globalforceresource.com\/de\/wp-json\/wp\/v2\/users\/1"}],"replies":[{"embeddable":true,"href":"https:\/\/globalforceresource.com\/de\/wp-json\/wp\/v2\/comments?post=6461"}],"version-history":[{"count":0,"href":"https:\/\/globalforceresource.com\/de\/wp-json\/wp\/v2\/pages\/6461\/revisions"}],"wp:attachment":[{"href":"https:\/\/globalforceresource.com\/de\/wp-json\/wp\/v2\/media?parent=6461"}],"curies":[{"name":"wp","href":"https:\/\/api.w.org\/{rel}","templated":true}]}}