{"id":6462,"date":"2015-02-01T11:51:26","date_gmt":"2015-02-01T11:51:26","guid":{"rendered":"https:\/\/globalforceresource.com\/sich-in-der-gemeinde-engagieren-2\/"},"modified":"2015-02-01T11:51:26","modified_gmt":"2015-02-01T11:51:26","slug":"sich-in-der-gemeinde-engagieren-2","status":"publish","type":"page","link":"https:\/\/globalforceresource.com\/de\/sich-in-der-gemeinde-engagieren-2\/","title":{"rendered":"Sich in der Gemeinde engagieren"},"content":{"rendered":"<h4>In ein anderes Land zu ziehen, in dem man nur sehr wenige Menschen kennt, kann entmutigend sein.<\/h4>\n<p>Das Online-Networking kann vor und nach Ihrem Umzug n\u00fctzlich sein. Es gibt zahlreiche Diskussionsforen, Social-Media-Seiten und -Gruppen, in denen sich Menschen in einer \u00e4hnlichen Situation wie Sie befinden. Es gibt auch mehrere Expat-Gruppen und -Websites, die eine gro\u00dfartige M\u00f6glichkeit sind, neue Leute kennenzulernen! Auch die Teilnahme an Aktivit\u00e4ten, lokalen Gruppen und der Schulgemeinschaft Ihres Kindes ist eine gute M\u00f6glichkeit, andere kennenzulernen.   <\/p>\n<p><a href=\"http:\/\/www.expatforum.com\/expats\/australia-expat-forum-expats-living-australia\/\" target=\"_blank\">http:\/\/www.expatforum.com\/expats\/australia-expat-forum-expats-living-australia\/<\/a><\/p>\n<p><a href=\"http:\/\/britishexpats.com\/forum\/australia-54\/\" target=\"_blank\">http:\/\/britishexpats.com\/forum\/australia-54\/<\/a><\/p>\n<p><a href=\"https:\/\/www.facebook.com\/IrishPeopleLivingInAustralia?fref=ts\" target=\"_blank\">https:\/\/www.facebook.com\/IrishPeopleLivingInAustralia?fref=ts<\/a><\/p>\n<p><a href=\"http:\/\/www.boards.ie\/\" target=\"_blank\">www.boards.ie<\/a><\/p>\n<h4><strong>Checkliste f\u00fcr Ihre Ankunft<\/strong><\/h4>\n<ul>\n<li>Beantragen Sie eine Krankenversicherung<\/li>\n<li>Beantragen Sie Medicare<\/li>\n<li>Beantragen Sie eine Steuernummer \u2013 diese kann vor Arbeitsbeginn beantragt werden: <a href=\"http:\/\/www.ato.gov.au\/\" target=\"_blank\"><em>ato.gov.au<\/em><\/a><em> .<\/em><\/li>\n<li>Beantragen Sie einen australischen F\u00fchrerschein \u2013 erh\u00e4ltlich beim Department of Transport Australia: <a href=\"http:\/\/australia.gov.au\/faq\/existing-licence-driving-in-australia\" target=\"_blank\"><em>http:\/\/australia.gov.au\/faq\/existing-licence-driving-in-australia<\/em><\/a><\/li>\n<li>Beantragen Sie ein Bankkonto<\/li>\n<li>Besorgen Sie sich eine mobile SIM-Karte f\u00fcr Australien<\/li>\n<\/ul>\n<p><strong>Zur\u00fcck zu <a href=\"https:\/\/globalforceresource.com\/jobseekers\/partner-and-family-advice\/australia5\/\">Australien Beratung<\/a><\/strong><\/p>\n","protected":false},"excerpt":{"rendered":"<p>In ein anderes Land zu ziehen, in dem man nur sehr wenige Menschen kennt, kann entmutigend sein. Das Online-Networking kann vor und nach Ihrem Umzug n\u00fctzlich sein. Es gibt zahlreiche Diskussionsforen, Social-Media-Seiten und -Gruppen, in denen sich Menschen in einer \u00e4hnlichen Situation wie Sie befinden. Es gibt auch mehrere Expat-Gruppen und -Websites, die eine gro\u00dfartige M\u00f6glichkeit sind, neue Leute kennenzulernen! Auch die Teilnahme an Aktivit\u00e4ten, lokalen Gruppen und der Schulgemeinschaft Ihres Kindes ist eine gute M\u00f6glichkeit, andere kennenzulernen. http:\/\/www.expatforum.com\/expats\/australia-expat-forum-expats-living-australia\/ http:\/\/britishexpats.com\/forum\/australia-54\/ https:\/\/www.facebook.com\/IrishPeopleLivingInAustralia?fref=ts www.boards.ie Checkliste f\u00fcr Ihre Ankunft Beantragen Sie eine Krankenversicherung Beantragen Sie Medicare Beantragen Sie eine Steuernummer \u2013 diese kann vor Arbeitsbeginn beantragt werden: ato.gov.au . Beantragen Sie einen australischen<\/p>\n","protected":false},"author":1,"featured_media":0,"parent":0,"menu_order":0,"comment_status":"closed","ping_status":"closed","template":"","meta":{"footnotes":""},"class_list":["post-6462","page","type-page","status-publish","hentry"],"_links":{"self":[{"href":"https:\/\/globalforceresource.com\/de\/wp-json\/wp\/v2\/pages\/6462","targetHints":{"allow":["GET"]}}],"collection":[{"href":"https:\/\/globalforceresource.com\/de\/wp-json\/wp\/v2\/pages"}],"about":[{"href":"https:\/\/globalforceresource.com\/de\/wp-json\/wp\/v2\/types\/page"}],"author":[{"embeddable":true,"href":"https:\/\/globalforceresource.com\/de\/wp-json\/wp\/v2\/users\/1"}],"replies":[{"embeddable":true,"href":"https:\/\/globalforceresource.com\/de\/wp-json\/wp\/v2\/comments?post=6462"}],"version-history":[{"count":0,"href":"https:\/\/globalforceresource.com\/de\/wp-json\/wp\/v2\/pages\/6462\/revisions"}],"wp:attachment":[{"href":"https:\/\/globalforceresource.com\/de\/wp-json\/wp\/v2\/media?parent=6462"}],"curies":[{"name":"wp","href":"https:\/\/api.w.org\/{rel}","templated":true}]}}