{"id":6463,"date":"2015-02-01T13:23:11","date_gmt":"2015-02-01T13:23:11","guid":{"rendered":"https:\/\/globalforceresource.com\/vorbereitung-auf-den-umzug\/"},"modified":"2015-02-01T13:23:11","modified_gmt":"2015-02-01T13:23:11","slug":"vorbereitung-auf-den-umzug","status":"publish","type":"page","link":"https:\/\/globalforceresource.com\/de\/vorbereitung-auf-den-umzug\/","title":{"rendered":"Vorbereitung auf den Umzug"},"content":{"rendered":"<p>Es ist wirklich wichtig, sich im Vorfeld des Umzugs umfassend vorzubereiten. Vier unmittelbare Kosten, die Sie ber\u00fccksichtigen m\u00fcssen, sind: <\/p>\n<ul>\n<li> Flugkosten<\/li>\n<li>Kosten und Pl\u00e4ne f\u00fcr die Unterkunft<\/li>\n<li>Versand von pers\u00f6nlichen Gegenst\u00e4nden<\/li>\n<li>Lebenshaltungskosten f\u00fcr den ersten Monat<\/li>\n<li>Visumkosten<\/li>\n<\/ul>\n<p>Einige der wichtigsten Dinge, die Sie ber\u00fccksichtigen m\u00fcssen, sind au\u00dferdem: Mieten\/Kaufen von Immobilien, Kauf eines Autos, Energiekosten, Lebensmittelkosten, Schulen, Gesundheitswesen, Steuern usw. Wenn Sie Ihren Standort genauer recherchieren, k\u00f6nnen Sie sich beruhigen und sicherstellen, dass Sie auf alle Eventualit\u00e4ten vorbereitet sind. Die folgenden Seiten k\u00f6nnten n\u00fctzlich sein:  <\/p>\n<p><strong>Mehr Informationen:<\/strong><\/p>\n<p><a href=\"http:\/\/www.cic.gc.ca\/english\/index-int.asp\" target=\"_blank\">http:\/\/www.cic.gc.ca\/english\/index-int.asp<\/a><\/p>\n<p><a href=\"http:\/\/www.gottarent.com\/\" target=\"_blank\">http:\/\/www.gottarent.com\/<\/a><\/p>\n<h4><strong>Leben in Kanada<\/strong><\/h4>\n<p>Unterkunft\/Wohnen<\/p>\n<ul>\n<li>Egal, ob Sie in Kanada mieten oder kaufen m\u00f6chten, stellen Sie sicher, dass Sie f\u00fcr die ersten Wochen eine Unterkunft haben. Mietverh\u00e4ltnisse beginnen in der Regel am Ende des Monats. Planen Sie Ihre Reise also so, dass Sie ein paar Wochen vorher ankommen und sehen, was verf\u00fcgbar ist. <\/li>\n<li>Die meisten Immobilien in Kanada sind unm\u00f6bliert. G\u00fcnstige M\u00f6bel finden Sie h\u00e4ufig auf Websites wie Craiglist.ca und in Gebrauchtwarenl\u00e4den. IKEA-Filialen befinden sich ebenfalls in der N\u00e4he der meisten gr\u00f6\u00dferen St\u00e4dte. <\/li>\n<li>M\u00f6glicherweise ben\u00f6tigen Sie auch ein Empfehlungsschreiben Ihres Vermieters.<\/li>\n<\/ul>\n<p>Weitere Informationen zum Thema Wohnen: <a href=\"http:\/\/www.cic.gc.ca\/english\/newcomers\/after-housing.asp\" target=\"_blank\">http:\/\/www.cic.gc.ca\/english\/newcomers\/after-housing.asp<\/a><\/p>\n<h4><strong>Checkliste<\/strong><\/h4>\n<p>Beantragen Sie eine Sozialversicherungsnummer. Sie m\u00fcssen bei der Beantragung Ihre Arbeitserlaubnis, Ihren Reisepass und Ihren Arbeitsvertrag vorlegen. <\/p>\n<p>Hier bewerben: <a href=\"http:\/\/www.servicecanada.gc.ca\/eng\/sc\/sin\/index.shtm\" target=\"_blank\">http:\/\/www.servicecanada.gc.ca\/eng\/sc\/sin\/index.shtm<\/a><\/p>\n<ul>\n<li>Holen Sie sich Ihren kanadischen F\u00fchrerschein<\/li>\n<li>Er\u00f6ffnen Sie ein Bankkonto<\/li>\n<li>Besorgen Sie sich eine mobile SIM-Karte f\u00fcr Kanada<\/li>\n<\/ul>\n<p><strong>Zur\u00fcck zu <a href=\"https:\/\/globalforceresource.com\/jobseekers\/partner-and-family-advice\/canada7\/\">Kanada-Ratgeber<\/a><\/strong><\/p>\n","protected":false},"excerpt":{"rendered":"<p>Es ist wirklich wichtig, sich im Vorfeld des Umzugs umfassend vorzubereiten. Vier unmittelbare Kosten, die Sie ber\u00fccksichtigen m\u00fcssen, sind: Flugkosten Kosten und Pl\u00e4ne f\u00fcr die Unterkunft Versand von pers\u00f6nlichen Gegenst\u00e4nden Lebenshaltungskosten f\u00fcr den ersten Monat Visumkosten Einige der wichtigsten Dinge, die Sie ber\u00fccksichtigen m\u00fcssen, sind au\u00dferdem: Mieten\/Kaufen von Immobilien, Kauf eines Autos, Energiekosten, Lebensmittelkosten, Schulen, Gesundheitswesen, Steuern usw. Wenn Sie Ihren Standort genauer recherchieren, k\u00f6nnen Sie sich beruhigen und sicherstellen, dass Sie auf alle Eventualit\u00e4ten vorbereitet sind. Die folgenden Seiten k\u00f6nnten n\u00fctzlich sein: Mehr Informationen: http:\/\/www.cic.gc.ca\/english\/index-int.asp http:\/\/www.gottarent.com\/ Leben in Kanada Unterkunft\/Wohnen Egal, ob Sie in Kanada mieten oder kaufen m\u00f6chten, stellen Sie sicher, dass Sie f\u00fcr die ersten Wochen eine<\/p>\n","protected":false},"author":1,"featured_media":0,"parent":0,"menu_order":0,"comment_status":"closed","ping_status":"closed","template":"","meta":{"footnotes":""},"class_list":["post-6463","page","type-page","status-publish","hentry"],"_links":{"self":[{"href":"https:\/\/globalforceresource.com\/de\/wp-json\/wp\/v2\/pages\/6463","targetHints":{"allow":["GET"]}}],"collection":[{"href":"https:\/\/globalforceresource.com\/de\/wp-json\/wp\/v2\/pages"}],"about":[{"href":"https:\/\/globalforceresource.com\/de\/wp-json\/wp\/v2\/types\/page"}],"author":[{"embeddable":true,"href":"https:\/\/globalforceresource.com\/de\/wp-json\/wp\/v2\/users\/1"}],"replies":[{"embeddable":true,"href":"https:\/\/globalforceresource.com\/de\/wp-json\/wp\/v2\/comments?post=6463"}],"version-history":[{"count":0,"href":"https:\/\/globalforceresource.com\/de\/wp-json\/wp\/v2\/pages\/6463\/revisions"}],"wp:attachment":[{"href":"https:\/\/globalforceresource.com\/de\/wp-json\/wp\/v2\/media?parent=6463"}],"curies":[{"name":"wp","href":"https:\/\/api.w.org\/{rel}","templated":true}]}}