{"id":6466,"date":"2015-01-29T17:50:09","date_gmt":"2015-01-29T17:50:09","guid":{"rendered":"https:\/\/globalforceresource.com\/umzug-nach-neuseeland-unterkunft\/"},"modified":"2026-01-28T14:54:59","modified_gmt":"2026-01-28T14:54:59","slug":"umzug-nach-neuseeland-unterkunft","status":"publish","type":"page","link":"https:\/\/globalforceresource.com\/de\/umzug-nach-neuseeland-unterkunft\/","title":{"rendered":"Umzug nach Neuseeland \u2013 Unterkunft"},"content":{"rendered":"<p><img decoding=\"async\" src=\"http:\/\/globalforceresource.com\/wp-content\/uploads\/2015\/01\/ACCOMADITION.jpg\" alt=\"UNTERKUNFT\"><\/p>\n<p>Mietunterk\u00fcnfte in Neuseeland sind in der Regel unm\u00f6bliert, mit einer Mindestmietdauer von 3 Monaten. Mieter m\u00fcssen eine Mietkaution von 4 Wochen zahlen, die von einer Regierungsbeh\u00f6rde verwaltet wird, sowie eine Mietgeb\u00fchr von einer Woche, wenn ein Makler beteiligt ist. <\/p>\n<p>Zu den beliebtesten Websites f\u00fcr Immobilienvermietung geh\u00f6ren www.trademe.co.nz\/property oder www.flatfinder.co.nz.<\/p>\n<p>Trademe.co.nz hat auch billige gebrauchte M\u00f6bel.<\/p>\n<p>Die Miete in der Stadt ist etwa doppelt so hoch wie in l\u00e4ndlichen Gebieten.<\/p>\n<p><strong>Zur\u00fcck zu Umzug nach <a title=\"Umzug nach Neuseeland\" href=\"https:\/\/globalforceresource.com\/relocate-new-zealand\/\">Neuseeland<\/a><\/strong><\/p>\n","protected":false},"excerpt":{"rendered":"<p>Mietunterk\u00fcnfte in Neuseeland sind in der Regel unm\u00f6bliert, mit einer Mindestmietdauer von 3 Monaten. Mieter m\u00fcssen eine Mietkaution von 4 Wochen zahlen, die von einer Regierungsbeh\u00f6rde verwaltet wird, sowie eine Mietgeb\u00fchr von einer Woche, wenn ein Makler beteiligt ist. Zu den beliebtesten Websites f\u00fcr Immobilienvermietung geh\u00f6ren www.trademe.co.nz\/property oder www.flatfinder.co.nz. Trademe.co.nz hat auch billige gebrauchte M\u00f6bel. Die Miete in der Stadt ist etwa doppelt so hoch wie in l\u00e4ndlichen Gebieten. Zur\u00fcck zu Umzug nach Neuseeland<\/p>\n","protected":false},"author":1,"featured_media":0,"parent":0,"menu_order":0,"comment_status":"closed","ping_status":"closed","template":"","meta":{"footnotes":""},"class_list":["post-6466","page","type-page","status-publish","hentry"],"_links":{"self":[{"href":"https:\/\/globalforceresource.com\/de\/wp-json\/wp\/v2\/pages\/6466","targetHints":{"allow":["GET"]}}],"collection":[{"href":"https:\/\/globalforceresource.com\/de\/wp-json\/wp\/v2\/pages"}],"about":[{"href":"https:\/\/globalforceresource.com\/de\/wp-json\/wp\/v2\/types\/page"}],"author":[{"embeddable":true,"href":"https:\/\/globalforceresource.com\/de\/wp-json\/wp\/v2\/users\/1"}],"replies":[{"embeddable":true,"href":"https:\/\/globalforceresource.com\/de\/wp-json\/wp\/v2\/comments?post=6466"}],"version-history":[{"count":1,"href":"https:\/\/globalforceresource.com\/de\/wp-json\/wp\/v2\/pages\/6466\/revisions"}],"predecessor-version":[{"id":6984,"href":"https:\/\/globalforceresource.com\/de\/wp-json\/wp\/v2\/pages\/6466\/revisions\/6984"}],"wp:attachment":[{"href":"https:\/\/globalforceresource.com\/de\/wp-json\/wp\/v2\/media?parent=6466"}],"curies":[{"name":"wp","href":"https:\/\/api.w.org\/{rel}","templated":true}]}}