{"id":6467,"date":"2015-02-01T11:47:39","date_gmt":"2015-02-01T11:47:39","guid":{"rendered":"https:\/\/globalforceresource.com\/stellen-arbeitsvisum-moeglichkeiten-3\/"},"modified":"2015-02-01T11:47:39","modified_gmt":"2015-02-01T11:47:39","slug":"stellen-arbeitsvisum-moeglichkeiten-3","status":"publish","type":"page","link":"https:\/\/globalforceresource.com\/de\/stellen-arbeitsvisum-moeglichkeiten-3\/","title":{"rendered":"Stellen-\/Arbeitsvisum-M\u00f6glichkeiten"},"content":{"rendered":"<h4><strong>Stellen-\/Arbeitsvisum-M\u00f6glichkeiten<\/strong><\/h4>\n<p>Dies ist auch eine potenzielle M\u00f6glichkeit f\u00fcr Sie, Ihre Karriere voranzutreiben. Als Ehepartner oder Partner gilt im Allgemeinen, dass Sie und Ihre Familie auf der Grundlage des 457 Temporary Work Skilled Visa Ihres Partners leben und eine Arbeitserlaubnis beantragen k\u00f6nnen. Mit diesem Visum k\u00f6nnen Sie bis zu vier Jahre in Australien leben und arbeiten und nach Belieben nach Australien ein- und ausreisen.  <\/p>\n<p>F\u00fcr weitere Ratschl\u00e4ge und Informationen zum 457 Visum und anderen Visumtypen besuchen Sie bitte: <a href=\"http:\/\/www.immi.gov.au\/Visas\/Pages\/457.aspx\" target=\"_blank\">http:\/\/www.immi.gov.au\/Visas\/Pages\/457.aspx<\/a><\/p>\n<p><strong>Zur\u00fcck zu <a href=\"https:\/\/globalforceresource.com\/jobseekers\/partner-and-family-advice\/australia5\/\">Australien Beratung<\/a><\/strong><\/p>\n","protected":false},"excerpt":{"rendered":"<p>Stellen-\/Arbeitsvisum-M\u00f6glichkeiten Dies ist auch eine potenzielle M\u00f6glichkeit f\u00fcr Sie, Ihre Karriere voranzutreiben. Als Ehepartner oder Partner gilt im Allgemeinen, dass Sie und Ihre Familie auf der Grundlage des 457 Temporary Work Skilled Visa Ihres Partners leben und eine Arbeitserlaubnis beantragen k\u00f6nnen. Mit diesem Visum k\u00f6nnen Sie bis zu vier Jahre in Australien leben und arbeiten und nach Belieben nach Australien ein- und ausreisen. F\u00fcr weitere Ratschl\u00e4ge und Informationen zum 457 Visum und anderen Visumtypen besuchen Sie bitte: http:\/\/www.immi.gov.au\/Visas\/Pages\/457.aspx Zur\u00fcck zu Australien Beratung<\/p>\n","protected":false},"author":1,"featured_media":0,"parent":0,"menu_order":0,"comment_status":"closed","ping_status":"closed","template":"","meta":{"footnotes":""},"class_list":["post-6467","page","type-page","status-publish","hentry"],"_links":{"self":[{"href":"https:\/\/globalforceresource.com\/de\/wp-json\/wp\/v2\/pages\/6467","targetHints":{"allow":["GET"]}}],"collection":[{"href":"https:\/\/globalforceresource.com\/de\/wp-json\/wp\/v2\/pages"}],"about":[{"href":"https:\/\/globalforceresource.com\/de\/wp-json\/wp\/v2\/types\/page"}],"author":[{"embeddable":true,"href":"https:\/\/globalforceresource.com\/de\/wp-json\/wp\/v2\/users\/1"}],"replies":[{"embeddable":true,"href":"https:\/\/globalforceresource.com\/de\/wp-json\/wp\/v2\/comments?post=6467"}],"version-history":[{"count":0,"href":"https:\/\/globalforceresource.com\/de\/wp-json\/wp\/v2\/pages\/6467\/revisions"}],"wp:attachment":[{"href":"https:\/\/globalforceresource.com\/de\/wp-json\/wp\/v2\/media?parent=6467"}],"curies":[{"name":"wp","href":"https:\/\/api.w.org\/{rel}","templated":true}]}}