{"id":6468,"date":"2015-02-01T13:11:02","date_gmt":"2015-02-01T13:11:02","guid":{"rendered":"https:\/\/globalforceresource.com\/vorbereitung-auf-den-umzug-2\/"},"modified":"2015-02-01T13:11:02","modified_gmt":"2015-02-01T13:11:02","slug":"vorbereitung-auf-den-umzug-2","status":"publish","type":"page","link":"https:\/\/globalforceresource.com\/de\/vorbereitung-auf-den-umzug-2\/","title":{"rendered":"Vorbereitung auf den Umzug"},"content":{"rendered":"<p><strong>Vorbereitung auf den Umzug<\/strong><\/p>\n<p><strong> <\/strong><\/p>\n<p>Es ist wirklich wichtig, sich im Vorfeld des Umzugs umfassend vorzubereiten. Zu den unmittelbaren Kosten, die Sie ber\u00fccksichtigen m\u00fcssen, geh\u00f6ren:<\/p>\n<p>&nbsp;<\/p>\n<p>\u2043 Flugkosten<\/p>\n<p>\u2043 Kosten und Pl\u00e4ne f\u00fcr die Unterkunft<\/p>\n<p>\u2043 Versand von pers\u00f6nlichen Gegenst\u00e4nden<\/p>\n<p>\u2043 Lebenshaltungskosten f\u00fcr den ersten Monat<\/p>\n<ul>\n<li>Visumkosten<\/li>\n<\/ul>\n<p>&nbsp;<\/p>\n<p>Einige der wichtigsten Dinge, die Sie ber\u00fccksichtigen m\u00fcssen, sind au\u00dferdem: Mieten\/Kaufen von Immobilien, Kauf eines Autos, Energiekosten, Lebensmittelkosten, Schulen, Gesundheitswesen, Steuern usw. Eine detailliertere Recherche Ihres Standorts kann Ihnen helfen, sich zu beruhigen und sicherzustellen, dass Sie auf alle Eventualit\u00e4ten vorbereitet sind. Die folgenden Websites k\u00f6nnten n\u00fctzlich sein:<\/p>\n<p>&nbsp;<\/p>\n<p>Mehr Informationen:<\/p>\n<p><a href=\"http:\/\/www.cic.gc.ca\/english\/index-int.asp\">http:\/\/www.cic.gc.ca\/english\/index-int.asp<\/a><\/p>\n<p>http:\/\/www.gottarent.com\/<\/p>\n<p><strong>Leben in Kanada<\/strong><\/p>\n<p>Unterkunft\/Wohnen<\/p>\n<ul>\n<li>Egal, ob Sie in Kanada mieten oder kaufen m\u00f6chten, stellen Sie sicher, dass Sie f\u00fcr die ersten Wochen eine Unterkunft haben. Mietverh\u00e4ltnisse beginnen in der Regel am Ende des Monats. Planen Sie daher Ihre Reise so, dass Sie ein paar Wochen vorher ankommen und sehen, was verf\u00fcgbar ist.<\/li>\n<li>Die meisten Immobilien in Kanada sind unm\u00f6bliert. G\u00fcnstige M\u00f6bel finden Sie h\u00e4ufig auf Websites wie Craiglist.ca und in Gebrauchtwarenl\u00e4den. IKEA-Filialen befinden sich ebenfalls in der N\u00e4he der meisten gr\u00f6\u00dferen St\u00e4dte.<\/li>\n<li>M\u00f6glicherweise ben\u00f6tigen Sie auch ein Empfehlungsschreiben Ihres Vermieters.<\/li>\n<\/ul>\n<p>&nbsp;<\/p>\n<p>Dar\u00fcber hinaus die meisten<\/p>\n<p>&nbsp;<\/p>\n<p>Weitere Informationen zum Thema Wohnen: <a href=\"http:\/\/www.cic.gc.ca\/english\/newcomers\/after-housing.asp\">http:\/\/www.cic.gc.ca\/english\/newcomers\/after-housing.asp<\/a><\/p>\n<p>&nbsp;<\/p>\n<p><strong style=\"line-height: 1.5;\">Zur\u00fcck zu <a href=\"https:\/\/globalforceresource.com\/jobseekers\/partner-and-family-advice\/new-zealand\/\">Neuseeland-Beratung<\/a><\/strong><\/p>\n","protected":false},"excerpt":{"rendered":"<p>Vorbereitung auf den Umzug Es ist wirklich wichtig, sich im Vorfeld des Umzugs umfassend vorzubereiten. Zu den unmittelbaren Kosten, die Sie ber\u00fccksichtigen m\u00fcssen, geh\u00f6ren: &nbsp; \u2043 Flugkosten \u2043 Kosten und Pl\u00e4ne f\u00fcr die Unterkunft \u2043 Versand von pers\u00f6nlichen Gegenst\u00e4nden \u2043 Lebenshaltungskosten f\u00fcr den ersten Monat Visumkosten &nbsp; Einige der wichtigsten Dinge, die Sie ber\u00fccksichtigen m\u00fcssen, sind au\u00dferdem: Mieten\/Kaufen von Immobilien, Kauf eines Autos, Energiekosten, Lebensmittelkosten, Schulen, Gesundheitswesen, Steuern usw. Eine detailliertere Recherche Ihres Standorts kann Ihnen helfen, sich zu beruhigen und sicherzustellen, dass Sie auf alle Eventualit\u00e4ten vorbereitet sind. Die folgenden Websites k\u00f6nnten n\u00fctzlich sein: &nbsp; Mehr Informationen: http:\/\/www.cic.gc.ca\/english\/index-int.asp http:\/\/www.gottarent.com\/ Leben in Kanada Unterkunft\/Wohnen Egal, ob Sie in Kanada mieten<\/p>\n","protected":false},"author":1,"featured_media":0,"parent":0,"menu_order":0,"comment_status":"closed","ping_status":"closed","template":"","meta":{"footnotes":""},"class_list":["post-6468","page","type-page","status-publish","hentry"],"_links":{"self":[{"href":"https:\/\/globalforceresource.com\/de\/wp-json\/wp\/v2\/pages\/6468","targetHints":{"allow":["GET"]}}],"collection":[{"href":"https:\/\/globalforceresource.com\/de\/wp-json\/wp\/v2\/pages"}],"about":[{"href":"https:\/\/globalforceresource.com\/de\/wp-json\/wp\/v2\/types\/page"}],"author":[{"embeddable":true,"href":"https:\/\/globalforceresource.com\/de\/wp-json\/wp\/v2\/users\/1"}],"replies":[{"embeddable":true,"href":"https:\/\/globalforceresource.com\/de\/wp-json\/wp\/v2\/comments?post=6468"}],"version-history":[{"count":0,"href":"https:\/\/globalforceresource.com\/de\/wp-json\/wp\/v2\/pages\/6468\/revisions"}],"wp:attachment":[{"href":"https:\/\/globalforceresource.com\/de\/wp-json\/wp\/v2\/media?parent=6468"}],"curies":[{"name":"wp","href":"https:\/\/api.w.org\/{rel}","templated":true}]}}