{"id":6469,"date":"2015-02-01T13:12:17","date_gmt":"2015-02-01T13:12:17","guid":{"rendered":"https:\/\/globalforceresource.com\/sich-in-der-gemeinde-engagieren-3\/"},"modified":"2015-02-01T13:12:17","modified_gmt":"2015-02-01T13:12:17","slug":"sich-in-der-gemeinde-engagieren-3","status":"publish","type":"page","link":"https:\/\/globalforceresource.com\/de\/sich-in-der-gemeinde-engagieren-3\/","title":{"rendered":"Sich in der Gemeinde engagieren"},"content":{"rendered":"<h4>In ein anderes Land zu ziehen, in dem man nur sehr wenige Menschen kennt, kann entmutigend sein.<\/h4>\n<p>Die Online-Vernetzung kann vor und nach Ihrem Umzug n\u00fctzlich sein. Es gibt zahlreiche Diskussionsforen, Social-Media-Seiten und -Gruppen, in denen sich Menschen in einer \u00e4hnlichen Situation wie Sie befinden. Es gibt auch mehrere Expat-Gruppen und -Websites, die eine gro\u00dfartige M\u00f6glichkeit sind, neue Leute kennenzulernen! Auch die Teilnahme an Aktivit\u00e4ten, lokalen Gruppen und der Schulgemeinschaft Ihres Kindes ist eine gro\u00dfartige M\u00f6glichkeit, andere kennenzulernen.<\/p>\n<p><a href=\"http:\/\/www.expatforum.com\/expats\/new-zealand-expat-forum-expats-living-new-zealand\/\" target=\"_blank\">http:\/\/www.expatforum.com<\/a><\/p>\n<p><a href=\"http:\/\/www.britishexpats.com\/\" target=\"_blank\">www.britishexpats.com<\/a><\/p>\n<p><a href=\"http:\/\/www.board.ie\/\" target=\"_blank\">www.board.ie<\/a><\/p>\n<p><a href=\"https:\/\/www.facebook.com\/irishpeoplelivinginnewzealand\" target=\"_blank\">https:\/\/www.facebook.com\/irishpeoplelivinginnewzealand<\/a><\/p>\n<p><strong>Zur\u00fcck zu <a href=\"https:\/\/globalforceresource.com\/jobseekers\/partner-and-family-advice\/new-zealand\/\">Neuseeland-Beratung<\/a><\/strong><\/p>\n","protected":false},"excerpt":{"rendered":"<p>In ein anderes Land zu ziehen, in dem man nur sehr wenige Menschen kennt, kann entmutigend sein. Die Online-Vernetzung kann vor und nach Ihrem Umzug n\u00fctzlich sein. Es gibt zahlreiche Diskussionsforen, Social-Media-Seiten und -Gruppen, in denen sich Menschen in einer \u00e4hnlichen Situation wie Sie befinden. Es gibt auch mehrere Expat-Gruppen und -Websites, die eine gro\u00dfartige M\u00f6glichkeit sind, neue Leute kennenzulernen! Auch die Teilnahme an Aktivit\u00e4ten, lokalen Gruppen und der Schulgemeinschaft Ihres Kindes ist eine gro\u00dfartige M\u00f6glichkeit, andere kennenzulernen. http:\/\/www.expatforum.com www.britishexpats.com www.board.ie https:\/\/www.facebook.com\/irishpeoplelivinginnewzealand Zur\u00fcck zu Neuseeland-Beratung<\/p>\n","protected":false},"author":1,"featured_media":0,"parent":0,"menu_order":0,"comment_status":"closed","ping_status":"closed","template":"","meta":{"footnotes":""},"class_list":["post-6469","page","type-page","status-publish","hentry"],"_links":{"self":[{"href":"https:\/\/globalforceresource.com\/de\/wp-json\/wp\/v2\/pages\/6469","targetHints":{"allow":["GET"]}}],"collection":[{"href":"https:\/\/globalforceresource.com\/de\/wp-json\/wp\/v2\/pages"}],"about":[{"href":"https:\/\/globalforceresource.com\/de\/wp-json\/wp\/v2\/types\/page"}],"author":[{"embeddable":true,"href":"https:\/\/globalforceresource.com\/de\/wp-json\/wp\/v2\/users\/1"}],"replies":[{"embeddable":true,"href":"https:\/\/globalforceresource.com\/de\/wp-json\/wp\/v2\/comments?post=6469"}],"version-history":[{"count":0,"href":"https:\/\/globalforceresource.com\/de\/wp-json\/wp\/v2\/pages\/6469\/revisions"}],"wp:attachment":[{"href":"https:\/\/globalforceresource.com\/de\/wp-json\/wp\/v2\/media?parent=6469"}],"curies":[{"name":"wp","href":"https:\/\/api.w.org\/{rel}","templated":true}]}}