{"id":6470,"date":"2015-01-29T17:43:33","date_gmt":"2015-01-29T17:43:33","guid":{"rendered":"https:\/\/globalforceresource.com\/umzug-nach-neuseeland-gesundheit\/"},"modified":"2015-01-29T17:43:33","modified_gmt":"2015-01-29T17:43:33","slug":"umzug-nach-neuseeland-gesundheit","status":"publish","type":"page","link":"https:\/\/globalforceresource.com\/de\/umzug-nach-neuseeland-gesundheit\/","title":{"rendered":"Umzug nach Neuseeland \u2013 Gesundheit"},"content":{"rendered":"<p><img decoding=\"async\" src=\"http:\/\/globalforceresource.com\/wp-content\/uploads\/2015\/01\/HEALTH1.jpg\" alt=\"GESUNDHEIT\"><\/p>\n<p>Die \u00f6ffentliche Gesundheitsversorgung in Neuseeland ist dank hoher staatlicher Subventionen kostenlos oder kosteng\u00fcnstig (obwohl Sie weiterhin eine Versicherung f\u00fcr private Gesundheitsversorgung abschlie\u00dfen k\u00f6nnen). \u00c4rzte sind in der Regel leicht erreichbar, und die Behandlung von Unf\u00e4llen und Notf\u00e4llen in Krankenh\u00e4usern ist kostenlos. Dar\u00fcber hinaus ist die zahn\u00e4rztliche Behandlung f\u00fcr Kinder unter 18 Jahren kostenlos.  <\/p>\n<p><strong>Zur\u00fcck zu <a href=\"https:\/\/globalforceresource.com\/relocate-new-zealand\/\">Umzug nach Neuseeland<\/a><\/strong><\/p>\n","protected":false},"excerpt":{"rendered":"<p>Die \u00f6ffentliche Gesundheitsversorgung in Neuseeland ist dank hoher staatlicher Subventionen kostenlos oder kosteng\u00fcnstig (obwohl Sie weiterhin eine Versicherung f\u00fcr private Gesundheitsversorgung abschlie\u00dfen k\u00f6nnen). \u00c4rzte sind in der Regel leicht erreichbar, und die Behandlung von Unf\u00e4llen und Notf\u00e4llen in Krankenh\u00e4usern ist kostenlos. Dar\u00fcber hinaus ist die zahn\u00e4rztliche Behandlung f\u00fcr Kinder unter 18 Jahren kostenlos. Zur\u00fcck zu Umzug nach Neuseeland<\/p>\n","protected":false},"author":1,"featured_media":0,"parent":0,"menu_order":0,"comment_status":"closed","ping_status":"closed","template":"","meta":{"footnotes":""},"class_list":["post-6470","page","type-page","status-publish","hentry"],"_links":{"self":[{"href":"https:\/\/globalforceresource.com\/de\/wp-json\/wp\/v2\/pages\/6470","targetHints":{"allow":["GET"]}}],"collection":[{"href":"https:\/\/globalforceresource.com\/de\/wp-json\/wp\/v2\/pages"}],"about":[{"href":"https:\/\/globalforceresource.com\/de\/wp-json\/wp\/v2\/types\/page"}],"author":[{"embeddable":true,"href":"https:\/\/globalforceresource.com\/de\/wp-json\/wp\/v2\/users\/1"}],"replies":[{"embeddable":true,"href":"https:\/\/globalforceresource.com\/de\/wp-json\/wp\/v2\/comments?post=6470"}],"version-history":[{"count":0,"href":"https:\/\/globalforceresource.com\/de\/wp-json\/wp\/v2\/pages\/6470\/revisions"}],"wp:attachment":[{"href":"https:\/\/globalforceresource.com\/de\/wp-json\/wp\/v2\/media?parent=6470"}],"curies":[{"name":"wp","href":"https:\/\/api.w.org\/{rel}","templated":true}]}}