{"id":6471,"date":"2015-01-29T17:44:35","date_gmt":"2015-01-29T17:44:35","guid":{"rendered":"https:\/\/globalforceresource.com\/umzug-nach-neuseeland-bildungswesen\/"},"modified":"2015-01-29T17:44:35","modified_gmt":"2015-01-29T17:44:35","slug":"umzug-nach-neuseeland-bildungswesen","status":"publish","type":"page","link":"https:\/\/globalforceresource.com\/de\/umzug-nach-neuseeland-bildungswesen\/","title":{"rendered":"Umzug nach Neuseeland \u2013 Bildungswesen"},"content":{"rendered":"<p><img decoding=\"async\" src=\"http:\/\/globalforceresource.com\/wp-content\/uploads\/2015\/01\/EDUCATION.jpg\" alt=\"BILDUNG\"><\/p>\n<p>Es wird sehr viel Wert auf Bildung gelegt und \u201ejedem eine faire Chance\u201c gegeben. Neuseeland hat den h\u00f6chsten Prozentsatz der \u00f6ffentlichen Ausgaben f\u00fcr Bildung bereitgestellt. Die Schulen sind mit ausgezeichneten Einrichtungen ausgestattet und ermutigen die Sch\u00fcler, an Freizeit- und Kulturaktivit\u00e4ten teilzunehmen.<\/p>\n<p>Eltern werden von den Schulen nachdr\u00fccklich ermutigt, sich durch ehrenamtliche T\u00e4tigkeiten, Elterngruppen und Kuratoriumssitzungen an der Bildung ihrer Kinder zu beteiligen. Dies ist auch eine gute M\u00f6glichkeit, Menschen in Ihrer Gemeinde kennenzulernen.<\/p>\n<p><strong>Zur\u00fcck zu Umzug nach <a title=\"Umzug nach Neuseeland\" href=\"https:\/\/globalforceresource.com\/relocate-new-zealand\/\">Neuseeland<\/a><\/strong><\/p>\n<p>&nbsp;<\/p>\n","protected":false},"excerpt":{"rendered":"<p>Es wird sehr viel Wert auf Bildung gelegt und \u201ejedem eine faire Chance\u201c gegeben. Neuseeland hat den h\u00f6chsten Prozentsatz der \u00f6ffentlichen Ausgaben f\u00fcr Bildung bereitgestellt. Die Schulen sind mit ausgezeichneten Einrichtungen ausgestattet und ermutigen die Sch\u00fcler, an Freizeit- und Kulturaktivit\u00e4ten teilzunehmen. Eltern werden von den Schulen nachdr\u00fccklich ermutigt, sich durch ehrenamtliche T\u00e4tigkeiten, Elterngruppen und Kuratoriumssitzungen an der Bildung ihrer Kinder zu beteiligen. Dies ist auch eine gute M\u00f6glichkeit, Menschen in Ihrer Gemeinde kennenzulernen. Zur\u00fcck zu Umzug nach Neuseeland &nbsp;<\/p>\n","protected":false},"author":1,"featured_media":0,"parent":0,"menu_order":0,"comment_status":"closed","ping_status":"closed","template":"","meta":{"footnotes":""},"class_list":["post-6471","page","type-page","status-publish","hentry"],"_links":{"self":[{"href":"https:\/\/globalforceresource.com\/de\/wp-json\/wp\/v2\/pages\/6471","targetHints":{"allow":["GET"]}}],"collection":[{"href":"https:\/\/globalforceresource.com\/de\/wp-json\/wp\/v2\/pages"}],"about":[{"href":"https:\/\/globalforceresource.com\/de\/wp-json\/wp\/v2\/types\/page"}],"author":[{"embeddable":true,"href":"https:\/\/globalforceresource.com\/de\/wp-json\/wp\/v2\/users\/1"}],"replies":[{"embeddable":true,"href":"https:\/\/globalforceresource.com\/de\/wp-json\/wp\/v2\/comments?post=6471"}],"version-history":[{"count":0,"href":"https:\/\/globalforceresource.com\/de\/wp-json\/wp\/v2\/pages\/6471\/revisions"}],"wp:attachment":[{"href":"https:\/\/globalforceresource.com\/de\/wp-json\/wp\/v2\/media?parent=6471"}],"curies":[{"name":"wp","href":"https:\/\/api.w.org\/{rel}","templated":true}]}}