{"id":6494,"date":"2015-01-11T11:56:27","date_gmt":"2015-01-11T11:56:27","guid":{"rendered":"https:\/\/globalforceresource.com\/arbeitgeber\/marketing-werbung-fuer-ihre-stelle\/"},"modified":"2015-01-11T11:56:27","modified_gmt":"2015-01-11T11:56:27","slug":"marketing-werbung-fuer-ihre-stelle","status":"publish","type":"page","link":"https:\/\/globalforceresource.com\/de\/arbeitgeber\/marketing-werbung-fuer-ihre-stelle\/","title":{"rendered":"Marketing &amp; Werbung f\u00fcr Ihre Stelle"},"content":{"rendered":"<p><img loading=\"lazy\" decoding=\"async\" class=\"alignright size-full wp-image-2334\" src=\"http:\/\/globalforceresource.com\/wp-content\/uploads\/2015\/01\/social-nurturing-with-linkedin-twitter-facebook-google-plus.jpg\" alt=\"Social-Nurturing mit LinkedIn, Twitter, Facebook, Google Plus\" width=\"166\" height=\"235\">In der heutigen Multimedia-Umgebung wissen wir, dass der effektivste Weg, potenzielle Kandidaten zu erreichen, darin besteht, sie \u00fcber die von ihnen gew\u00e4hlten Medien zu kontaktieren, sei es mobil, \u00fcber soziale Medien oder \u00fcber unsere Jobsuche auf unserer Website.<\/p>\n<p>Unsere Marketingstrategie zielt darauf ab, Kandidaten zu erreichen, indem wir sie \u00fcber alle potenziellen Medienplattformen hinweg erreichen und die entsprechenden Ergebnisse messen.<\/p>\n<ul>\n<li>Wir f\u00fchren regelm\u00e4\u00dfig E-Mail-Kampagnen an unsere vertrauliche Datenbank durch, in denen wir spezifische Positionen bewerben und den Kandidaten gleichzeitig n\u00fctzliche Informationen und Ratschl\u00e4ge geben.<\/li>\n<li>Mithilfe eines Google AdWords-Experten entwerfen wir eine spezifische Werbekampagne f\u00fcr Ihr Unternehmen, die direkt mit unserer Website verlinkt ist.<\/li>\n<li>Wir erstellen eine einzigartige Landingpage mit Ihrem Branding, die mit allen Werbekampagnen verlinkt ist, wodurch wir die Ergebnisse f\u00fcr jede einzelne Kampagne messen k\u00f6nnen.<\/li>\n<li>Wir schalten Anzeigen auf allen relevanten sozialen Medien, einschlie\u00dflich Facebook, Twitter, Google Plus und LinkedIn. Wir rekrutieren passiv in sozialen Medien per Messaging und arbeiten in geschlossenen Fachgruppen. <\/li>\n<li>Wir schalten Anzeigen auf einer Vielzahl von Jobb\u00f6rsen, die speziell auf Ihre Anforderungen zugeschnitten sind und zu Ihrer Kampagne passen.<\/li>\n<li>Wir \u00fcberwachen die Ergebnisse Ihrer Kampagne fortlaufend und nehmen Anpassungen vor, um die Effektivit\u00e4t im Laufe der Kampagne zu steigern. Wir verwenden Google Analytics, um zu verstehen, wie Ihre Kampagne online funktioniert, und wir nehmen fortlaufend Anpassungen vor, um die Ergebnisse zu optimieren. <\/li>\n<\/ul>\n","protected":false},"excerpt":{"rendered":"<p>In der heutigen Multimedia-Umgebung wissen wir, dass der effektivste Weg, potenzielle Kandidaten zu erreichen, darin besteht, sie \u00fcber die von ihnen gew\u00e4hlten Medien zu kontaktieren, sei es mobil, \u00fcber soziale Medien oder \u00fcber unsere Jobsuche auf unserer Website. Unsere Marketingstrategie zielt darauf ab, Kandidaten zu erreichen, indem wir sie \u00fcber alle potenziellen Medienplattformen hinweg erreichen und die entsprechenden Ergebnisse messen. Wir f\u00fchren regelm\u00e4\u00dfig E-Mail-Kampagnen an unsere vertrauliche Datenbank durch, in denen wir spezifische Positionen bewerben und den Kandidaten gleichzeitig n\u00fctzliche Informationen und Ratschl\u00e4ge geben. Mithilfe eines Google AdWords-Experten entwerfen wir eine spezifische Werbekampagne f\u00fcr Ihr Unternehmen, die direkt mit unserer Website verlinkt ist. Wir erstellen eine einzigartige Landingpage mit Ihrem<\/p>\n","protected":false},"author":1,"featured_media":0,"parent":6493,"menu_order":0,"comment_status":"closed","ping_status":"closed","template":"","meta":{"footnotes":""},"class_list":["post-6494","page","type-page","status-publish","hentry"],"_links":{"self":[{"href":"https:\/\/globalforceresource.com\/de\/wp-json\/wp\/v2\/pages\/6494","targetHints":{"allow":["GET"]}}],"collection":[{"href":"https:\/\/globalforceresource.com\/de\/wp-json\/wp\/v2\/pages"}],"about":[{"href":"https:\/\/globalforceresource.com\/de\/wp-json\/wp\/v2\/types\/page"}],"author":[{"embeddable":true,"href":"https:\/\/globalforceresource.com\/de\/wp-json\/wp\/v2\/users\/1"}],"replies":[{"embeddable":true,"href":"https:\/\/globalforceresource.com\/de\/wp-json\/wp\/v2\/comments?post=6494"}],"version-history":[{"count":0,"href":"https:\/\/globalforceresource.com\/de\/wp-json\/wp\/v2\/pages\/6494\/revisions"}],"up":[{"embeddable":true,"href":"https:\/\/globalforceresource.com\/de\/wp-json\/wp\/v2\/pages\/6493"}],"wp:attachment":[{"href":"https:\/\/globalforceresource.com\/de\/wp-json\/wp\/v2\/media?parent=6494"}],"curies":[{"name":"wp","href":"https:\/\/api.w.org\/{rel}","templated":true}]}}