{"id":6495,"date":"2015-01-11T11:57:30","date_gmt":"2015-01-11T11:57:30","guid":{"rendered":"https:\/\/globalforceresource.com\/unser-ansatz\/"},"modified":"2015-01-11T11:57:30","modified_gmt":"2015-01-11T11:57:30","slug":"unser-ansatz","status":"publish","type":"page","link":"https:\/\/globalforceresource.com\/de\/unser-ansatz\/","title":{"rendered":"Unser Ansatz"},"content":{"rendered":"<p>GlobalForce Resource ist stolz auf den umfassenden und rigorosen Auswahlprozess, der stattfindet, bevor wir unseren Kunden potenzielle Kandidaten vorstellen.<\/p>\n<p>Dieser Prozess stellt sicher, dass wir die richtige Anzahl von Kandidaten f\u00fcr Sie haben, um ein erfolgreiche Wahl zu treffen. Wenn ein Kandidat umzieht, stellen wir sicher, dass sowohl die Familie\/der Partner als auch der Kandidat gleicherma\u00dfen zum Umzug bereit sind. <\/p>\n<h4>Prozess:<\/h4>\n<ul>\n<li>Vollst\u00e4ndige Besprechung zwischen Berater und Kunde.<\/li>\n<li> Erstellung eines Auftragsbriefings und Vereinbarung von Stellen- und Kandidatenprofilen.<\/li>\n<li>Recherchegest\u00fctzte Suche von Kandidaten aus Zielunternehmen durch einen erfahrenen professionellen Researcher.<\/li>\n<li>Vertrauliche Gespr\u00e4che zwischen Berater und Kandidat, um die Eignung der Erfahrung und der pers\u00f6nlichen Eigenschaften im Vergleich zum vereinbarten Profil zu bestimmen.<\/li>\n<li>Vorlage eines detaillierten vertraulichen Berichts einschlie\u00dflich einer psychometrischen Bewertung f\u00fcr alle in die engere Wahl gekommenen Kandidaten.<\/li>\n<li> Beratung und Unterst\u00fctzung von Kunde und Kandidat bis zum erfolgreichen Abschluss des Auftrags.<\/li>\n<li>Follow-up und Unterst\u00fctzung f\u00fcr Kandidaten und Arbeitgeber nach erfolgter Vermittlung.<\/li>\n<\/ul>\n","protected":false},"excerpt":{"rendered":"<p>GlobalForce Resource ist stolz auf den umfassenden und rigorosen Auswahlprozess, der stattfindet, bevor wir unseren Kunden potenzielle Kandidaten vorstellen. Dieser Prozess stellt sicher, dass wir die richtige Anzahl von Kandidaten f\u00fcr Sie haben, um ein erfolgreiche Wahl zu treffen. Wenn ein Kandidat umzieht, stellen wir sicher, dass sowohl die Familie\/der Partner als auch der Kandidat gleicherma\u00dfen zum Umzug bereit sind. Prozess: Vollst\u00e4ndige Besprechung zwischen Berater und Kunde. Erstellung eines Auftragsbriefings und Vereinbarung von Stellen- und Kandidatenprofilen. Recherchegest\u00fctzte Suche von Kandidaten aus Zielunternehmen durch einen erfahrenen professionellen Researcher. Vertrauliche Gespr\u00e4che zwischen Berater und Kandidat, um die Eignung der Erfahrung und der pers\u00f6nlichen Eigenschaften im Vergleich zum vereinbarten Profil zu bestimmen. Vorlage<\/p>\n","protected":false},"author":1,"featured_media":0,"parent":0,"menu_order":0,"comment_status":"closed","ping_status":"closed","template":"","meta":{"footnotes":""},"class_list":["post-6495","page","type-page","status-publish","hentry"],"_links":{"self":[{"href":"https:\/\/globalforceresource.com\/de\/wp-json\/wp\/v2\/pages\/6495","targetHints":{"allow":["GET"]}}],"collection":[{"href":"https:\/\/globalforceresource.com\/de\/wp-json\/wp\/v2\/pages"}],"about":[{"href":"https:\/\/globalforceresource.com\/de\/wp-json\/wp\/v2\/types\/page"}],"author":[{"embeddable":true,"href":"https:\/\/globalforceresource.com\/de\/wp-json\/wp\/v2\/users\/1"}],"replies":[{"embeddable":true,"href":"https:\/\/globalforceresource.com\/de\/wp-json\/wp\/v2\/comments?post=6495"}],"version-history":[{"count":0,"href":"https:\/\/globalforceresource.com\/de\/wp-json\/wp\/v2\/pages\/6495\/revisions"}],"wp:attachment":[{"href":"https:\/\/globalforceresource.com\/de\/wp-json\/wp\/v2\/media?parent=6495"}],"curies":[{"name":"wp","href":"https:\/\/api.w.org\/{rel}","templated":true}]}}