{"id":6499,"date":"2014-12-29T14:31:57","date_gmt":"2014-12-29T14:31:57","guid":{"rendered":"https:\/\/globalforceresource.com\/warum-umziehen\/"},"modified":"2026-02-11T16:47:35","modified_gmt":"2026-02-11T16:47:35","slug":"warum-umziehen","status":"publish","type":"page","link":"https:\/\/globalforceresource.com\/de\/warum-umziehen\/","title":{"rendered":"Warum umziehen?"},"content":{"rendered":"\n<div class=\"wp-block-group\"><div class=\"wp-block-group__inner-container is-layout-constrained wp-block-group-is-layout-constrained\">\n<h4>Wir von GlobalForce Resource verstehen, dass ein Umzug in ein anderes Land eine wichtige Entscheidung ist, die erhebliche Auswirkungen auf das Leben von Menschen sowie deren Partnern und Familien hat.<\/h4>\n<p><img loading=\"lazy\" decoding=\"async\" class=\"alignright size-full wp-image-2327\" src=\"http:\/\/globalforceresource.com\/wp-content\/uploads\/2014\/12\/visa-info.jpg\" alt=\"Visainformationen\" width=\"300\" height=\"224\" \/>Aus diesem Grund setzen wir uns daf\u00fcr ein, die richtigen Stellenangebote auf Ihre individuellen Bed\u00fcrfnisse abzustimmen. Wir spielen auch eine wichtige Rolle, wenn es darum geht, herauszufinden, ob dieser Umzug f\u00fcr Ihre pers\u00f6nlichen Verh\u00e4ltnisse geeignet ist.<\/p>\n<p>Unserer Erfahrung nach m\u00fcssen Sie das Gef\u00fchl haben, dass der Job f\u00fcr Sie richtig ist, genauso wie wir wissen m\u00fcssen, dass Sie f\u00fcr den Job richtig sind. Sobald Sie die Entscheidung getroffen haben, bieten wir Ihnen einen Beratungs- und Support-Service, um sicherzustellen, dass Ihr Umzug so reibungslos und effizient wie m\u00f6glich verl\u00e4uft. F\u00fcr diejenigen, die wir erfolgreich vermittelt haben, hat der Umzug eine neue Lebensperspektive mit verbesserten Arbeitsbedingungen und einer h\u00f6heren Lebensqualit\u00e4t er\u00f6ffnet. Das Arbeiten im Ausland entwickelt nicht nur Ihre beruflichen F\u00e4higkeiten, sondern bietet Ihnen vor allem die M\u00f6glichkeit, Ihr Leben zu bereichern.<\/p>\n<h4><strong>Warum umziehen?<\/strong><\/h4>\n<p><strong>Verbesserte Karriereperspektiven<\/strong><\/p>\n<ul>\n<li>Viele unserer potenziellen Kandidaten m\u00f6chten die aktuellen Bedingungen ihrer Arbeit verbessern und haben m\u00f6glicherweise das Gef\u00fchl, dass sie in ihrer Karriere nicht vorankommen. Wir von GlobalForce Resource sind bestrebt, Ihnen eine echte Karrierem\u00f6glichkeit zu bieten, bei der Sie unsch\u00e4tzbare Erfahrungen sammeln k\u00f6nnen.<\/li>\n<\/ul>\n<p><strong>Mehr verdienen<\/strong><\/p>\n<ul>\n<li>Einer der Hauptgr\u00fcnde, die von unseren Kandidaten genannt werden, ist die verbesserte Lebensqualit\u00e4t, die sie aufgrund ihres h\u00f6heren Gehalts und der verbesserten Arbeitsbedingungen erfahren. Abh\u00e4ngig von Ihrem Erfahrungsstand und der Art der Rolle, die Sie in Ihrem Umzugsland suchen, k\u00f6nnen Sie erwarten, das Anderthalb- bis Doppelte Ihres derzeitigen Gehalts zu verdienen. Siehe <a href=\"http:\/\/www.payscale.com\">payscale.com<\/a><\/li>\n<\/ul>\n<p><strong>Bessere M\u00f6glichkeiten f\u00fcr Ihren Partner und Ihre Familie<\/strong><\/p>\n<ul>\n<li>Wenn Sie in einer ehe\u00e4hnlichen Gemeinschaft leben, kann Ihr Partner m\u00f6glicherweise auch auf der Grundlage Ihres Visums arbeiten. Mit Ihrem h\u00f6heren Gehalt k\u00f6nnen Sie eine h\u00f6here Lebensqualit\u00e4t erfahren. Viele unserer Vermittlungen leben in Immobilien in begehrten Stadtteilen, die in ihrem Herkunftsland zuvor unerreichbar waren.<\/li>\n<\/ul>\n<ul>\n<li>Es gibt auch die M\u00f6glichkeit f\u00fcr Ihre Familie, eine ausgezeichnete Ausbildung zu erhalten und Dinge zu sehen und zu tun, die sie noch nie zuvor erlebt h\u00e4tten. Vom Snowboarden und Skifahren in Kanada bis zum Strand und Surfen in Australien hat Ihr neuer Standort eine Vielzahl von Aktivit\u00e4ten und Erlebnissen zu bieten.<\/li>\n<\/ul>\n<h4 style=\"text-align: center;\">Standort ausw\u00e4hlen<\/h4>\n<div align=\"center\">\n<div class=\"feature_box\"><a href=\"..\/relocate-australia\/\"><span class=\"img\"><img loading=\"lazy\" decoding=\"async\" title=\"\" src=\"https:\/\/globalforceresource.com\/wp-content\/uploads\/2015\/02\/ozz.jpg\" alt=\"\" width=\"300\" height=\"172\" \/><\/span><br \/><\/a><\/p>\n<div>\u00a0<\/div>\n<div class=\"feature_text\"><a href=\"..\/relocate-australia\/\"><span class=\"p\">Australien ist daf\u00fcr bekannt, die h\u00f6chste Lebensqualit\u00e4t der Welt zu bieten.<\/span><\/a><\/div>\n<div class=\"border_bottom\">\u00a0<\/div>\n<\/div>\n<div class=\"feature_box\"><a href=\"..\/relocate-canada\/\"><span class=\"img\"><img loading=\"lazy\" decoding=\"async\" title=\"\" src=\"https:\/\/globalforceresource.com\/wp-content\/uploads\/2015\/02\/canada.jpg\" alt=\"\" width=\"300\" height=\"172\" \/><\/span><\/a><\/p>\n<div>\u00a0<\/div>\n<div class=\"feature_text\"><a href=\"..\/relocate-canada\/\"><span class=\"h2\">Kanada<\/span><span class=\"p\">In Kanada besteht derzeit eine hohe Nachfrage nach Fachkr\u00e4ften.<\/span><\/a><\/div>\n<div class=\"border_bottom\">\u00a0<\/div>\n<\/div>\n<div class=\"feature_box\"><a href=\"..\/relocate-new-zealand\/\"><span class=\"img\"><img loading=\"lazy\" decoding=\"async\" title=\"\" src=\"https:\/\/globalforceresource.com\/\/wp-content\/uploads\/2015\/02\/nz.jpg\" alt=\"\" width=\"300\" height=\"172\" \/><\/span><\/a><\/p>\n<div>\u00a0<\/div>\n<div class=\"feature_text\"><a href=\"..\/relocate-new-zealand\/\"><span class=\"h2\">Neuseeland<\/span><span class=\"p\">Neuseeland zieht aufgrund seines Klimas immer mehr Einwanderer an.<\/span><\/a><\/div>\n<div class=\"border_bottom\">\u00a0<\/div>\n<\/div>\n<\/div>\n<\/div><\/div>\n\n\n<div class=\"wp-block-image\">\n<figure class=\"aligncenter size-large is-resized\"><a href=\"https:\/\/globalforceresource.com\/de\/umzug-nach-irland\/\"><img loading=\"lazy\" decoding=\"async\" width=\"1024\" height=\"589\" src=\"http:\/\/globalforceresource.com\/wp-content\/uploads\/2026\/02\/647-e1770116519506-1024x589.jpg\" alt=\"\" class=\"wp-image-7114\" style=\"width:301px;height:auto\" title=\"\" srcset=\"https:\/\/globalforceresource.com\/wp-content\/uploads\/2026\/02\/647-e1770116519506-1024x589.jpg 1024w, https:\/\/globalforceresource.com\/wp-content\/uploads\/2026\/02\/647-e1770116519506-300x173.jpg 300w, https:\/\/globalforceresource.com\/wp-content\/uploads\/2026\/02\/647-e1770116519506-768x442.jpg 768w, https:\/\/globalforceresource.com\/wp-content\/uploads\/2026\/02\/647-e1770116519506-1536x883.jpg 1536w, https:\/\/globalforceresource.com\/wp-content\/uploads\/2026\/02\/647-e1770116519506.jpg 2000w\" sizes=\"auto, (max-width: 1024px) 100vw, 1024px\" \/><\/a><\/figure>\n<\/div>\n\n\n<p class=\"has-text-align-center\"><a href=\"https:\/\/globalforceresource.com\/de\/umzug-nach-irland\/\" data-type=\"page\" data-id=\"5561\">Irland ist bekannt f\u00fcr seinen florierenden Technologiesektor und die hohe Nachfrage nach qualifizierten internationalen Fachkr\u00e4ften.<\/a><\/p>\n\n\n<div class=\"wp-block-image\">\n<figure class=\"aligncenter size-large is-resized\"><a href=\"https:\/\/globalforceresource.com\/de\/umzug-ins-vereinigte-koenigreich\/\"><img loading=\"lazy\" decoding=\"async\" width=\"1024\" height=\"512\" src=\"https:\/\/globalforceresource.com\/wp-content\/uploads\/2026\/01\/UK-1024x512.jpg\" alt=\"\" class=\"wp-image-6689\" style=\"width:303px;height:auto\" title=\"\" srcset=\"https:\/\/globalforceresource.com\/wp-content\/uploads\/2026\/01\/UK-1024x512.jpg 1024w, https:\/\/globalforceresource.com\/wp-content\/uploads\/2026\/01\/UK-300x150.jpg 300w, https:\/\/globalforceresource.com\/wp-content\/uploads\/2026\/01\/UK-768x384.jpg 768w, https:\/\/globalforceresource.com\/wp-content\/uploads\/2026\/01\/UK-1536x768.jpg 1536w, https:\/\/globalforceresource.com\/wp-content\/uploads\/2026\/01\/UK-400x200.jpg 400w, https:\/\/globalforceresource.com\/wp-content\/uploads\/2026\/01\/UK.jpg 2000w\" sizes=\"auto, (max-width: 1024px) 100vw, 1024px\" \/><\/a><\/figure>\n<\/div>\n\n\n<p class=\"has-text-align-center\"><a href=\"https:\/\/globalforceresource.com\/de\/umzug-ins-vereinigte-koenigreich\/\" data-type=\"page\" data-id=\"6576\">Das Vereinigte K\u00f6nigreich bietet vielf\u00e4ltige Besch\u00e4ftigungsm\u00f6glichkeiten und ein dynamisches Arbeitsumfeld in vielen globalen Branchen.<\/a><\/p>\n\n\n<div class=\"wp-block-image\">\n<figure class=\"aligncenter size-large is-resized\"><a href=\"https:\/\/globalforceresource.com\/de\/umzug-nach-deutschland\/\"><img loading=\"lazy\" decoding=\"async\" width=\"1024\" height=\"614\" src=\"https:\/\/globalforceresource.com\/wp-content\/uploads\/2026\/01\/Germany-1-1024x614.jpg\" alt=\"\" class=\"wp-image-6690\" style=\"aspect-ratio:1.6677701383583736;width:304px;height:auto\" title=\"\" srcset=\"https:\/\/globalforceresource.com\/wp-content\/uploads\/2026\/01\/Germany-1-1024x614.jpg 1024w, https:\/\/globalforceresource.com\/wp-content\/uploads\/2026\/01\/Germany-1-300x180.jpg 300w, https:\/\/globalforceresource.com\/wp-content\/uploads\/2026\/01\/Germany-1-768x461.jpg 768w, https:\/\/globalforceresource.com\/wp-content\/uploads\/2026\/01\/Germany-1-1536x922.jpg 1536w, https:\/\/globalforceresource.com\/wp-content\/uploads\/2026\/01\/Germany-1.jpg 2000w\" sizes=\"auto, (max-width: 1024px) 100vw, 1024px\" \/><\/a><\/figure>\n<\/div>\n\n\n<p class=\"has-text-align-center\"><a href=\"https:\/\/globalforceresource.com\/de\/umzug-nach-deutschland\/\" data-type=\"page\" data-id=\"6579\">Deutschland bietet hervorragende Karrierem\u00f6glichkeiten in den Bereichen Ingenieurwesen, Gesundheitswesen und Technologie mit einem ausgezeichneten Lebensstandard.<\/a><\/p>\n","protected":false},"excerpt":{"rendered":"<p>Wir von GlobalForce Resource verstehen, dass ein Umzug in ein anderes Land eine wichtige Entscheidung ist, die erhebliche Auswirkungen auf das Leben von Menschen sowie deren Partnern und Familien hat. Aus diesem Grund setzen wir uns daf\u00fcr ein, die richtigen Stellenangebote auf Ihre individuellen Bed\u00fcrfnisse abzustimmen. Wir spielen auch eine wichtige Rolle, wenn es darum geht, herauszufinden, ob dieser Umzug f\u00fcr Ihre pers\u00f6nlichen Verh\u00e4ltnisse geeignet ist. Unserer Erfahrung nach m\u00fcssen Sie das Gef\u00fchl haben, dass der Job f\u00fcr Sie richtig ist, genauso wie wir wissen m\u00fcssen, dass Sie f\u00fcr den Job richtig sind. Sobald Sie die Entscheidung getroffen haben, bieten wir Ihnen einen Beratungs- und Support-Service, um sicherzustellen, dass Ihr<\/p>\n","protected":false},"author":1,"featured_media":0,"parent":0,"menu_order":0,"comment_status":"closed","ping_status":"closed","template":"","meta":{"footnotes":""},"class_list":["post-6499","page","type-page","status-publish","hentry"],"_links":{"self":[{"href":"https:\/\/globalforceresource.com\/de\/wp-json\/wp\/v2\/pages\/6499","targetHints":{"allow":["GET"]}}],"collection":[{"href":"https:\/\/globalforceresource.com\/de\/wp-json\/wp\/v2\/pages"}],"about":[{"href":"https:\/\/globalforceresource.com\/de\/wp-json\/wp\/v2\/types\/page"}],"author":[{"embeddable":true,"href":"https:\/\/globalforceresource.com\/de\/wp-json\/wp\/v2\/users\/1"}],"replies":[{"embeddable":true,"href":"https:\/\/globalforceresource.com\/de\/wp-json\/wp\/v2\/comments?post=6499"}],"version-history":[{"count":18,"href":"https:\/\/globalforceresource.com\/de\/wp-json\/wp\/v2\/pages\/6499\/revisions"}],"predecessor-version":[{"id":7217,"href":"https:\/\/globalforceresource.com\/de\/wp-json\/wp\/v2\/pages\/6499\/revisions\/7217"}],"wp:attachment":[{"href":"https:\/\/globalforceresource.com\/de\/wp-json\/wp\/v2\/media?parent=6499"}],"curies":[{"name":"wp","href":"https:\/\/api.w.org\/{rel}","templated":true}]}}