{"id":6507,"date":"2015-01-22T19:26:07","date_gmt":"2015-01-22T19:26:07","guid":{"rendered":"https:\/\/globalforceresource.com\/umzug-nach-neuseeland-2\/"},"modified":"2026-02-03T14:55:35","modified_gmt":"2026-02-03T14:55:35","slug":"umzug-nach-neuseeland-2","status":"publish","type":"page","link":"https:\/\/globalforceresource.com\/de\/umzug-nach-neuseeland-2\/","title":{"rendered":"Umzug nach Neuseeland"},"content":{"rendered":"\n<div class=\"wp-block-group\"><div class=\"wp-block-group__inner-container is-layout-constrained wp-block-group-is-layout-constrained\">\n<p><strong><img loading=\"lazy\" decoding=\"async\" class=\"alignright size-full wp-image-2472\" src=\"http:\/\/globalforceresource.com\/wp-content\/uploads\/2015\/01\/relocate-newzealand.jpg\" alt=\"Nach Neuseeland umziehen\" width=\"479\" height=\"264\" srcset=\"https:\/\/globalforceresource.com\/wp-content\/uploads\/2015\/01\/relocate-newzealand.jpg 479w, https:\/\/globalforceresource.com\/wp-content\/uploads\/2015\/01\/relocate-newzealand-300x165.jpg 300w\" sizes=\"auto, (max-width: 479px) 100vw, 479px\" \/>Warum nach Neuseeland umziehen?<\/strong><\/p>\n<p>Neuseeland zieht aufgrund seines gem\u00e4\u00dfigten Klimas, seiner sauberen, wundersch\u00f6nen Landschaften und seiner niedrigen Lebenshaltungskosten immer mehr Einwanderer an. Es ist eine hervorragende Gelegenheit f\u00fcr junge Menschen und Familien, die einen Neuanfang, eine hohe Lebensqualit\u00e4t und eine bessere Work-Life-Balance suchen.<\/p>\n<p>Es besteht ein Bedarf an Einwanderern, um den Fachkr\u00e4ftemangel in Neuseeland zu beheben, insbesondere in den Bereichen Mechanik und Baugewerbe, Gesundheitswesen und Informationstechnologie. Warum ziehen also Menschen nach Neuseeland?<\/p>\n<p><strong>Wichtigste Vorteile<\/strong><\/p>\n<ul>\n<li>Das gem\u00e4\u00dfigte Klima bietet den B\u00fcrgern die M\u00f6glichkeit, im Sommer an Sandstr\u00e4nden zu entspannen und zu surfen, wundersch\u00f6ne Seen, Fl\u00fcsse und Landschaften zu erkunden und im Winter Skigebiete zu besuchen.<\/li>\n<li>Derzeit gibt es eine hohe Auswanderung aus Neuseeland, was zu Chancen f\u00fcr Einwanderer mit bestimmten F\u00e4higkeiten gef\u00fchrt hat.<\/li>\n<li>Mehr als alles andere ist Neuseeland f\u00fcr seine unber\u00fchrte Landschaft und seine sauberen und wundersch\u00f6nen Landschaften bekannt.<\/li>\n<li>Neuseel\u00e4nder sind bekannt f\u00fcr ihre entspannte Lebensweise und freundliche Einstellung, die den Mitarbeitern eine ausgezeichnete Work-Life-Balance bietet.<\/li>\n<\/ul>\n<div class=\"feature_box4\"><a href=\"..\/jobseekers\/partner-and-family-advice\/new-zealand\/relocate-new-zealand-visa-infromation\/\"><span class=\"img\"><img loading=\"lazy\" decoding=\"async\" title=\"\" src=\"https:\/\/globalforceresource.com\/wp-content\/uploads\/2015\/02\/visa.jpg\" alt=\"\" width=\"300\" height=\"172\" \/><\/span><br \/><\/a>\n<div>\u00a0<\/div>\n<div class=\"feature_text\"><a href=\"..\/jobseekers\/partner-and-family-advice\/new-zealand\/relocate-new-zealand-visa-infromation\/\"><span class=\"h2\">VISA<\/span><\/a><\/div>\n<div>\u00a0<\/div>\n<div class=\"feature_text\"><a href=\"..\/jobseekers\/partner-and-family-advice\/new-zealand\/relocate-new-zealand-visa-infromation\/\"><span class=\"p\">Informationen<\/span><\/a><a href=\"..\/jobseekers\/partner-and-family-advice\/new-zealand\/relocate-new-zealand-visa-infromation\/\"><span class=\"p\"> zu VISA f\u00fcr Neuseeland.<\/span><\/a><\/div>\n<\/div>\n<div class=\"feature_box4\">\n<div class=\"feature_text\">\u00a0<\/div>\n<div class=\"border_bottom\">\u00a0<\/div>\n<\/div>\n<div class=\"feature_box4\"><a href=\"..\/jobseekers\/partner-and-family-advice\/new-zealand\/relocate-new-zealand-health\/\"><span class=\"img\"><img loading=\"lazy\" decoding=\"async\" title=\"\" src=\"http:\/\/globalforceresource.com\/wp-content\/uploads\/2015\/02\/health1.jpg\" alt=\"\" width=\"300\" height=\"172\" \/><\/span><br \/><\/a>\n<div>\u00a0<\/div>\n<div class=\"feature_text\"><a href=\"..\/jobseekers\/partner-and-family-advice\/new-zealand\/relocate-new-zealand-health\/\"><span class=\"h2\">GESUNDHEIT<\/span><\/a><\/div>\n<div>\u00a0<\/div>\n<div class=\"feature_text\"><a href=\"..\/jobseekers\/partner-and-family-advice\/new-zealand\/relocate-new-zealand-health\/\"><span class=\"p\">Informationen zu Gesundheitsdiensten in Neuseeland.<\/span><\/a><\/div>\n<div class=\"border_bottom\">\u00a0<\/div>\n<\/div>\n<div class=\"feature_box4\"><a href=\"..\/jobseekers\/partner-and-family-advice\/new-zealand\/relocate-new-zealand-education\/\"><span class=\"img\"><img loading=\"lazy\" decoding=\"async\" title=\"\" src=\"https:\/\/globalforceresource.com\/wp-content\/uploads\/2015\/02\/edu.jpg\" alt=\"\" width=\"300\" height=\"172\" \/><\/span><br \/><\/a>\n<div>\u00a0<\/div>\n<div class=\"feature_text\"><a href=\"..\/jobseekers\/partner-and-family-advice\/new-zealand\/relocate-new-zealand-education\/\"><span class=\"h2\">BILDUNG<\/span><\/a><\/div>\n<div>\u00a0<\/div>\n<div class=\"feature_text\"><a href=\"..\/jobseekers\/partner-and-family-advice\/new-zealand\/relocate-new-zealand-education\/\"><span class=\"p\">Bildung in Neuseeland.<\/span><\/a><\/div>\n<div class=\"border_bottom\">\u00a0<\/div>\n<\/div>\n<\/div><\/div>\n\n\n\n<figure class=\"wp-block-image size-full is-resized\"><a href=\"https:\/\/globalforceresource.com\/de\/umzug-nach-neuseeland-unterkunft\/\"><img loading=\"lazy\" decoding=\"async\" width=\"512\" height=\"341\" src=\"https:\/\/globalforceresource.com\/wp-content\/uploads\/2026\/01\/accomodation-photo-3.jpg\" alt=\"\" class=\"wp-image-6785\" style=\"aspect-ratio:1.5015098722415796;width:302px;height:auto\" srcset=\"https:\/\/globalforceresource.com\/wp-content\/uploads\/2026\/01\/accomodation-photo-3.jpg 512w, https:\/\/globalforceresource.com\/wp-content\/uploads\/2026\/01\/accomodation-photo-3-300x200.jpg 300w\" sizes=\"auto, (max-width: 512px) 100vw, 512px\" \/><\/a><\/figure>\n\n\n\n<p><a href=\"..\/relocate-new-zealand-accommodation\/\">UNTERKUNFT<\/a><\/p>\n\n\n\n<p><a href=\"..\/relocate-new-zealand-accommodation\/\">Eine Unterkunft in Neuseeland finden.<\/a><\/p>\n","protected":false},"excerpt":{"rendered":"<p>Warum nach Neuseeland umziehen? Neuseeland zieht aufgrund seines gem\u00e4\u00dfigten Klimas, seiner sauberen, wundersch\u00f6nen Landschaften und seiner niedrigen Lebenshaltungskosten immer mehr Einwanderer an. Es ist eine hervorragende Gelegenheit f\u00fcr junge Menschen und Familien, die einen Neuanfang, eine hohe Lebensqualit\u00e4t und eine bessere Work-Life-Balance suchen. Es besteht ein Bedarf an Einwanderern, um den Fachkr\u00e4ftemangel in Neuseeland zu beheben, insbesondere in den Bereichen Mechanik und Baugewerbe, Gesundheitswesen und Informationstechnologie. Warum ziehen also Menschen nach Neuseeland? Wichtigste Vorteile Das gem\u00e4\u00dfigte Klima bietet den B\u00fcrgern die M\u00f6glichkeit, im Sommer an Sandstr\u00e4nden zu entspannen und zu surfen, wundersch\u00f6ne Seen, Fl\u00fcsse und Landschaften zu erkunden und im Winter Skigebiete zu besuchen. Derzeit gibt es eine hohe Auswanderung<\/p>\n","protected":false},"author":1,"featured_media":0,"parent":0,"menu_order":0,"comment_status":"closed","ping_status":"closed","template":"","meta":{"footnotes":""},"class_list":["post-6507","page","type-page","status-publish","hentry"],"_links":{"self":[{"href":"https:\/\/globalforceresource.com\/de\/wp-json\/wp\/v2\/pages\/6507","targetHints":{"allow":["GET"]}}],"collection":[{"href":"https:\/\/globalforceresource.com\/de\/wp-json\/wp\/v2\/pages"}],"about":[{"href":"https:\/\/globalforceresource.com\/de\/wp-json\/wp\/v2\/types\/page"}],"author":[{"embeddable":true,"href":"https:\/\/globalforceresource.com\/de\/wp-json\/wp\/v2\/users\/1"}],"replies":[{"embeddable":true,"href":"https:\/\/globalforceresource.com\/de\/wp-json\/wp\/v2\/comments?post=6507"}],"version-history":[{"count":6,"href":"https:\/\/globalforceresource.com\/de\/wp-json\/wp\/v2\/pages\/6507\/revisions"}],"predecessor-version":[{"id":7133,"href":"https:\/\/globalforceresource.com\/de\/wp-json\/wp\/v2\/pages\/6507\/revisions\/7133"}],"wp:attachment":[{"href":"https:\/\/globalforceresource.com\/de\/wp-json\/wp\/v2\/media?parent=6507"}],"curies":[{"name":"wp","href":"https:\/\/api.w.org\/{rel}","templated":true}]}}