{"id":6509,"date":"2014-12-29T14:33:42","date_gmt":"2014-12-29T14:33:42","guid":{"rendered":"https:\/\/globalforceresource.com\/warum-umziehen\/partner-und-familienberatung\/"},"modified":"2026-02-03T14:58:30","modified_gmt":"2026-02-03T14:58:30","slug":"partner-und-familienberatung","status":"publish","type":"page","link":"https:\/\/globalforceresource.com\/de\/warum-umziehen\/partner-und-familienberatung\/","title":{"rendered":"Partner- und Familienberatung"},"content":{"rendered":"<h4>Umzug \u2013 Alles, was Sie f\u00fcr sich und Ihre Familie wissen m\u00fcssen<\/h4>\n<p><img loading=\"lazy\" decoding=\"async\" class=\"alignright size-medium wp-image-2325\" src=\"http:\/\/globalforceresource.com\/wp-content\/uploads\/2014\/12\/family-300x200.jpg\" alt=\"Familie\" width=\"300\" height=\"200\">Die Entscheidung f\u00fcr einen Umzug kann f\u00fcr jeden Partner oder jede Familie eine schwierige Entscheidung sein. Einer der gr\u00f6\u00dften Faktoren, der unserer Erfahrung nach einen erfolgreichen Umzug beeinflusst, ist sicherzustellen, dass Partner und Familie von Anfang an mit der Entscheidung einverstanden sind. Es ist sehr wichtig, dass das Ziel vollst\u00e4ndig recherchiert wird und dass die Familie oder das Paar sich aller Unterschiede zwischen ihrem Zielort und ihrem aktuellen Standort bewusst sind. F\u00fcr die meisten bedeutet der Nutzen des neuen Lebensstils, der eine bessere Lebensqualit\u00e4t, ein besseres Gehalt und bessere Bedingungen bietet, dass der Umzug ihnen und ihrer Familie die Chance ihres Lebens geboten hat.<\/p>\n<p>Um sicherzustellen, dass Sie und Ihr Partner oder Ihre Familie f\u00fcr einen Umzug geeignet sind, hat Globalforce Resource Informationen zusammengestellt, die Sie n\u00fctzlich finden werden, einschlie\u00dflich Informationen zu Visa, Gesundheit und Bildung, Unterkunft und Familiendienstleistungen. W\u00e4hlen Sie unten Ihren Zielort aus und beginnen Sie Ihre Reise zu einem neuen Leben f\u00fcr Sie und Ihre Familie.<\/p>\n<div align=\"center\">\n<h2>Land f\u00fcr weitere Informationen ausw\u00e4hlen<\/h2>\n<div class=\"feature_box\">\n<div class=\"border_bottom\"> <\/div>\n<\/div>\n<\/div>\n\n<div class=\"wp-block-image\">\n<figure class=\"aligncenter size-full is-resized\"><a href=\"https:\/\/globalforceresource.com\/de\/relocate-australia\/\"><img loading=\"lazy\" decoding=\"async\" width=\"595\" height=\"341\" src=\"https:\/\/globalforceresource.com\/wp-content\/uploads\/2026\/01\/Screenshot-2026-01-27-at-09.15.42-2.png\" alt=\"\" class=\"wp-image-6824\" style=\"aspect-ratio:1.7448824528470546;width:307px;height:auto\" srcset=\"https:\/\/globalforceresource.com\/wp-content\/uploads\/2026\/01\/Screenshot-2026-01-27-at-09.15.42-2.png 595w, https:\/\/globalforceresource.com\/wp-content\/uploads\/2026\/01\/Screenshot-2026-01-27-at-09.15.42-2-300x172.png 300w\" sizes=\"auto, (max-width: 595px) 100vw, 595px\" \/><\/a><\/figure>\n<\/div>\n\n\n<p class=\"has-text-align-center\"><a href=\"https:\/\/globalforceresource.com\/de\/relocate-australia\/\" data-type=\"page\" data-id=\"2343\">Australien<\/a><\/p>\n\n\n<div class=\"wp-block-image\">\n<figure class=\"aligncenter size-full is-resized\"><a href=\"https:\/\/globalforceresource.com\/de\/umzug-nach-kanada\/\"><img loading=\"lazy\" decoding=\"async\" width=\"602\" height=\"346\" src=\"https:\/\/globalforceresource.com\/wp-content\/uploads\/2026\/01\/Screenshot-2026-01-27-at-09.16.45.png\" alt=\"\" class=\"wp-image-6810\" style=\"aspect-ratio:1.740016992353441;width:310px;height:auto\" srcset=\"https:\/\/globalforceresource.com\/wp-content\/uploads\/2026\/01\/Screenshot-2026-01-27-at-09.16.45.png 602w, https:\/\/globalforceresource.com\/wp-content\/uploads\/2026\/01\/Screenshot-2026-01-27-at-09.16.45-300x172.png 300w\" sizes=\"auto, (max-width: 602px) 100vw, 602px\" \/><\/a><\/figure>\n<\/div>\n\n\n<p class=\"has-text-align-center\"><a href=\"https:\/\/globalforceresource.com\/de\/umzug-nach-kanada\/\" data-type=\"page\" data-id=\"2341\">Kanada<\/a><\/p>\n\n\n<div class=\"wp-block-image\">\n<figure class=\"aligncenter size-full is-resized\"><a href=\"https:\/\/globalforceresource.com\/de\/umzug-nach-neuseeland-2\/\"><img loading=\"lazy\" decoding=\"async\" width=\"600\" height=\"346\" src=\"https:\/\/globalforceresource.com\/wp-content\/uploads\/2026\/01\/Screenshot-2026-01-27-at-09.17.04.png\" alt=\"\" class=\"wp-image-6813\" style=\"width:310px;height:auto\" srcset=\"https:\/\/globalforceresource.com\/wp-content\/uploads\/2026\/01\/Screenshot-2026-01-27-at-09.17.04.png 600w, https:\/\/globalforceresource.com\/wp-content\/uploads\/2026\/01\/Screenshot-2026-01-27-at-09.17.04-300x173.png 300w\" sizes=\"auto, (max-width: 600px) 100vw, 600px\" \/><\/a><\/figure>\n<\/div>\n\n\n<p class=\"has-text-align-center\"><a href=\"https:\/\/globalforceresource.com\/de\/umzug-nach-neuseeland-2\/\" data-type=\"page\" data-id=\"2345\">Neuseeland<\/a><\/p>\n\n\n<div class=\"wp-block-image\">\n<figure class=\"aligncenter size-large is-resized\"><a href=\"http:\/\/globalforceresource.com\/wp-content\/uploads\/2026\/02\/647-e1770116519506.jpg\"><img loading=\"lazy\" decoding=\"async\" width=\"1024\" height=\"589\" src=\"http:\/\/globalforceresource.com\/wp-content\/uploads\/2026\/02\/647-e1770116519506-1024x589.jpg\" alt=\"\" class=\"wp-image-7114\" style=\"aspect-ratio:1.7385680098311882;width:311px;height:auto\" srcset=\"https:\/\/globalforceresource.com\/wp-content\/uploads\/2026\/02\/647-e1770116519506-1024x589.jpg 1024w, https:\/\/globalforceresource.com\/wp-content\/uploads\/2026\/02\/647-e1770116519506-300x173.jpg 300w, https:\/\/globalforceresource.com\/wp-content\/uploads\/2026\/02\/647-e1770116519506-768x442.jpg 768w, https:\/\/globalforceresource.com\/wp-content\/uploads\/2026\/02\/647-e1770116519506-1536x883.jpg 1536w, https:\/\/globalforceresource.com\/wp-content\/uploads\/2026\/02\/647-e1770116519506.jpg 2000w\" sizes=\"auto, (max-width: 1024px) 100vw, 1024px\" \/><\/a><\/figure>\n<\/div>\n\n\n<p class=\"has-text-align-center\"><a href=\"https:\/\/globalforceresource.com\/de\/umzug-nach-irland\/\" data-type=\"page\" data-id=\"5561\">Irland<\/a><\/p>\n\n\n<div class=\"wp-block-image\">\n<figure class=\"aligncenter size-large is-resized\"><a href=\"https:\/\/globalforceresource.com\/de\/umzug-ins-vereinigte-koenigreich\/\"><img loading=\"lazy\" decoding=\"async\" width=\"1024\" height=\"512\" src=\"https:\/\/globalforceresource.com\/wp-content\/uploads\/2026\/01\/UK-1-1024x512.jpg\" alt=\"\" class=\"wp-image-6818\" style=\"width:310px;height:auto\" srcset=\"https:\/\/globalforceresource.com\/wp-content\/uploads\/2026\/01\/UK-1-1024x512.jpg 1024w, https:\/\/globalforceresource.com\/wp-content\/uploads\/2026\/01\/UK-1-300x150.jpg 300w, https:\/\/globalforceresource.com\/wp-content\/uploads\/2026\/01\/UK-1-768x384.jpg 768w, https:\/\/globalforceresource.com\/wp-content\/uploads\/2026\/01\/UK-1-1536x768.jpg 1536w, https:\/\/globalforceresource.com\/wp-content\/uploads\/2026\/01\/UK-1-400x200.jpg 400w, https:\/\/globalforceresource.com\/wp-content\/uploads\/2026\/01\/UK-1.jpg 2000w\" sizes=\"auto, (max-width: 1024px) 100vw, 1024px\" \/><\/a><\/figure>\n<\/div>\n\n\n<p class=\"has-text-align-center\"><a href=\"https:\/\/globalforceresource.com\/de\/umzug-ins-vereinigte-koenigreich\/\/\" data-type=\"page\" data-id=\"6576\">Vereinigtes K\u00f6nigreich<\/a><\/p>\n\n\n<div class=\"wp-block-image\">\n<figure class=\"aligncenter size-large is-resized\"><a href=\"https:\/\/globalforceresource.com\/de\/umzug-nach-deutschland\/\"><img loading=\"lazy\" decoding=\"async\" width=\"1024\" height=\"614\" src=\"https:\/\/globalforceresource.com\/wp-content\/uploads\/2026\/01\/Germany-1-1-1024x614.jpg\" alt=\"\" class=\"wp-image-6820\" style=\"width:312px;height:auto\" srcset=\"https:\/\/globalforceresource.com\/wp-content\/uploads\/2026\/01\/Germany-1-1-1024x614.jpg 1024w, https:\/\/globalforceresource.com\/wp-content\/uploads\/2026\/01\/Germany-1-1-300x180.jpg 300w, https:\/\/globalforceresource.com\/wp-content\/uploads\/2026\/01\/Germany-1-1-768x461.jpg 768w, https:\/\/globalforceresource.com\/wp-content\/uploads\/2026\/01\/Germany-1-1-1536x922.jpg 1536w, https:\/\/globalforceresource.com\/wp-content\/uploads\/2026\/01\/Germany-1-1.jpg 2000w\" sizes=\"auto, (max-width: 1024px) 100vw, 1024px\" \/><\/a><\/figure>\n<\/div>\n\n\n<p class=\"has-text-align-center\"><a href=\"https:\/\/globalforceresource.com\/de\/umzug-nach-deutschland\/\" data-type=\"page\" data-id=\"6579\">Deutschland<\/a><\/p>\n","protected":false},"excerpt":{"rendered":"<p>Umzug \u2013 Alles, was Sie f\u00fcr sich und Ihre Familie wissen m\u00fcssen Die Entscheidung f\u00fcr einen Umzug kann f\u00fcr jeden Partner oder jede Familie eine schwierige Entscheidung sein. Einer der gr\u00f6\u00dften Faktoren, der unserer Erfahrung nach einen erfolgreichen Umzug beeinflusst, ist sicherzustellen, dass Partner und Familie von Anfang an mit der Entscheidung einverstanden sind. Es ist sehr wichtig, dass das Ziel vollst\u00e4ndig recherchiert wird und dass die Familie oder das Paar sich aller Unterschiede zwischen ihrem Zielort und ihrem aktuellen Standort bewusst sind. F\u00fcr die meisten bedeutet der Nutzen des neuen Lebensstils, der eine bessere Lebensqualit\u00e4t, ein besseres Gehalt und bessere Bedingungen bietet, dass der Umzug ihnen und ihrer Familie<\/p>\n","protected":false},"author":1,"featured_media":0,"parent":6499,"menu_order":0,"comment_status":"closed","ping_status":"closed","template":"","meta":{"footnotes":""},"class_list":["post-6509","page","type-page","status-publish","hentry"],"_links":{"self":[{"href":"https:\/\/globalforceresource.com\/de\/wp-json\/wp\/v2\/pages\/6509","targetHints":{"allow":["GET"]}}],"collection":[{"href":"https:\/\/globalforceresource.com\/de\/wp-json\/wp\/v2\/pages"}],"about":[{"href":"https:\/\/globalforceresource.com\/de\/wp-json\/wp\/v2\/types\/page"}],"author":[{"embeddable":true,"href":"https:\/\/globalforceresource.com\/de\/wp-json\/wp\/v2\/users\/1"}],"replies":[{"embeddable":true,"href":"https:\/\/globalforceresource.com\/de\/wp-json\/wp\/v2\/comments?post=6509"}],"version-history":[{"count":7,"href":"https:\/\/globalforceresource.com\/de\/wp-json\/wp\/v2\/pages\/6509\/revisions"}],"predecessor-version":[{"id":7143,"href":"https:\/\/globalforceresource.com\/de\/wp-json\/wp\/v2\/pages\/6509\/revisions\/7143"}],"up":[{"embeddable":true,"href":"https:\/\/globalforceresource.com\/de\/wp-json\/wp\/v2\/pages\/6499"}],"wp:attachment":[{"href":"https:\/\/globalforceresource.com\/de\/wp-json\/wp\/v2\/media?parent=6509"}],"curies":[{"name":"wp","href":"https:\/\/api.w.org\/{rel}","templated":true}]}}