{"id":6512,"date":"2015-01-22T19:25:47","date_gmt":"2015-01-22T19:25:47","guid":{"rendered":"https:\/\/globalforceresource.com\/relocate-australia\/"},"modified":"2026-02-03T14:52:05","modified_gmt":"2026-02-03T14:52:05","slug":"relocate-australia","status":"publish","type":"page","link":"https:\/\/globalforceresource.com\/de\/relocate-australia\/","title":{"rendered":"Umzug nach Australien"},"content":{"rendered":"\n<div class=\"wp-block-columns is-layout-flex wp-container-core-columns-is-layout-9d6595d7 wp-block-columns-is-layout-flex\">\n<div class=\"wp-block-column is-layout-flow wp-block-column-is-layout-flow\" style=\"flex-basis:100%\">\n<h4><strong><img loading=\"lazy\" decoding=\"async\" class=\"alignright size-full wp-image-2469\" src=\"http:\/\/globalforceresource.com\/wp-content\/uploads\/2015\/01\/relocate-australia.jpg\" alt=\"Umzug nach Australien\" width=\"479\" height=\"264\" srcset=\"https:\/\/globalforceresource.com\/wp-content\/uploads\/2015\/01\/relocate-australia.jpg 479w, https:\/\/globalforceresource.com\/wp-content\/uploads\/2015\/01\/relocate-australia-300x165.jpg 300w\" sizes=\"auto, (max-width: 479px) 100vw, 479px\" \/>Nach Australien umziehen<\/strong><\/h4>\n<p>Australien ist daf\u00fcr bekannt, eine der besten Lebensqualit\u00e4ten der Welt zu bieten und steht seit vier Jahren an der Spitze des OECD Better Life Index. Australien besticht durch wundersch\u00f6ne Landschaften, saubere und sichere Umgebung, eine stabile Wirtschaft sowie technologisch fortschrittliche Infrastruktur- und Transportsysteme. Sie und Ihre Familie haben Zugang zu einem hervorragenden Bildungs- und Gesundheitssystem sowie zu vielf\u00e4ltigen M\u00f6glichkeiten f\u00fcr Outdoor-Aktivit\u00e4ten und Sport. Die Australier zeichnen sich durch eine entspannte, gelassene Einstellung und eine allgemein \u201eno worries\u201c-Lebensauffassung aus. Obendrein ist das Klima das ganze Jahr \u00fcber meist trocken und warm!<\/p>\n<h4><strong>Wesentliche Vorteile:<\/strong><\/h4>\n<ul>\n<li>Einer der gr\u00f6\u00dften Anziehungspunkte f\u00fcr unsere Kandidaten, die sich f\u00fcr einen Umzug nach Australien entschieden haben, ist eindeutig der fantastische Lebensstil, der geboten wird, einschlie\u00dflich der vielf\u00e4ltigen Sport- und Freizeitm\u00f6glichkeiten, die durch das einladende australische Klima beg\u00fcnstigt werden.<\/li>\n<li>Die australische Wirtschaft w\u00e4chst, was zu einem lebendigen und florierenden Arbeitsmarkt f\u00fchrt. Dies wird durch eine Kultur der beruflichen Weiterentwicklung erg\u00e4nzt, die Talente und F\u00e4higkeiten f\u00f6rdert.<\/li>\n<li>Die australische Arbeitsphilosophie sch\u00e4tzt das Leben au\u00dferhalb der Arbeit und bietet Flexibilit\u00e4t, um das Privatleben genie\u00dfen zu k\u00f6nnen.<\/li>\n<li>Es gibt M\u00f6glichkeiten f\u00fcr qualifizierte Arbeitskr\u00e4fte, f\u00fcr zugelassene Arbeitgeber in Australien bis zu vier Jahre zu arbeiten. Ihr Ehepartner oder Ihre Partnerin kann ebenfalls in Ihren Antrag aufgenommen werden.<\/li>\n<li>Die Gesundheitsversorgung ist f\u00fcr diejenigen, die f\u00fcr einen dauerhaften Aufenthalt in Australien berechtigt sind, erschwinglich und von hoher Qualit\u00e4t und wird durch das \u00f6ffentliche Gesundheitssystem Medicare abgedeckt.<\/li>\n<li>Die Bildung wird von der Regierung kostenlos angeboten und ist f\u00fcr ihre hohe Qualit\u00e4t bekannt.<\/li>\n<\/ul>\n<div class=\"feature_box4\"><a href=\"..\/jobseekers\/partner-and-family-advice\/australia5\/relocate-australia-visa-infromation\/\"><span class=\"img\"><img loading=\"lazy\" decoding=\"async\" title=\"\" src=\"https:\/\/globalforceresource.com\/wp-content\/uploads\/2015\/02\/visa.jpg\" alt=\"\" width=\"300\" height=\"172\" \/><\/span><br \/><\/a>\n<div>\u00a0<\/div>\n<div class=\"feature_text\"><a href=\"..\/jobseekers\/partner-and-family-advice\/australia5\/relocate-australia-visa-infromation\/\"><span class=\"h2\">VISA<\/span><\/a><\/div>\n<div>\u00a0<\/div>\n<div class=\"feature_text\"><a href=\"..\/jobseekers\/partner-and-family-advice\/australia5\/relocate-australia-visa-infromation\/\"><span class=\"p\">Erhalten Sie wichtige Informationen zu VISA f\u00fcr Australien.<\/span><\/a><\/div>\n<div class=\"feature_text\">\u00a0<\/div>\n<\/div>\n<div>\u00a0<\/div>\n<div class=\"feature_box4\"><a href=\"..\/jobseekers\/partner-and-family-advice\/australia5\/relocate-australia-health\/\"><span class=\"img\"><img loading=\"lazy\" decoding=\"async\" title=\"\" src=\"http:\/\/globalforceresource.com\/wp-content\/uploads\/2015\/02\/health1.jpg\" alt=\"\" width=\"300\" height=\"172\" \/><\/span><br \/><\/a>\n<div>\u00a0<\/div>\n<div class=\"feature_text\"><a href=\"..\/jobseekers\/partner-and-family-advice\/australia5\/relocate-australia-health\/\"><span class=\"h2\">GESUNDHEIT<\/span><\/a><\/div>\n<div>\u00a0<\/div>\n<div class=\"feature_text\"><a href=\"..\/jobseekers\/partner-and-family-advice\/australia5\/relocate-australia-health\/\"><span class=\"p\">Alles, was Sie \u00fcber Gesundheit und Australien wissen m\u00fcssen.<\/span><\/a><\/div>\n<div class=\"feature_text\">\u00a0<\/div>\n<\/div>\n<div class=\"feature_box4\"><a href=\"..\/jobseekers\/partner-and-family-advice\/australia5\/relocate-australia-education\/\"><span class=\"img\"><img loading=\"lazy\" decoding=\"async\" title=\"\" src=\"https:\/\/globalforceresource.com\/wp-content\/uploads\/2015\/02\/edu.jpg\" alt=\"\" width=\"300\" height=\"172\" \/><\/span><br \/><\/a>\n<div>\u00a0<\/div>\n<div class=\"feature_text\"><a href=\"..\/jobseekers\/partner-and-family-advice\/australia5\/relocate-australia-education\/\"><span class=\"h2\">BILDUNG<\/span><\/a><\/div>\n<div>\u00a0<\/div>\n<div class=\"feature_text\"><a href=\"..\/jobseekers\/partner-and-family-advice\/australia5\/relocate-australia-education\/\"><span class=\"p\">Alles, was Sie \u00fcber Bildung in Down Under wissen m\u00fcssen.<\/span><\/a><\/div>\n<div class=\"feature_text\">\u00a0<\/div>\n<div class=\"border_bottom\">\u00a0<\/div>\n<\/div>\n\n\n\n<figure class=\"wp-block-image size-full is-resized\"><a href=\"https:\/\/globalforceresource.com\/de\/relocate-australia-unterkunft\/\"><img loading=\"lazy\" decoding=\"async\" width=\"512\" height=\"341\" src=\"https:\/\/globalforceresource.com\/wp-content\/uploads\/2026\/01\/accomodation-photo-2.jpg\" alt=\"\" class=\"wp-image-6782\" style=\"aspect-ratio:1.5015515023083328;width:307px;height:auto\" srcset=\"https:\/\/globalforceresource.com\/wp-content\/uploads\/2026\/01\/accomodation-photo-2.jpg 512w, https:\/\/globalforceresource.com\/wp-content\/uploads\/2026\/01\/accomodation-photo-2-300x200.jpg 300w\" sizes=\"auto, (max-width: 512px) 100vw, 512px\" \/><\/a><\/figure>\n<\/div>\n<\/div>\n\n\n\n<p><a href=\"..\/jobseekers\/partner-and-family-advice\/australia5\/relocate-australia-accommodation\/\">UNTERKUNFT<\/a><\/p>\n\n\n\n<p><a href=\"..\/jobseekers\/partner-and-family-advice\/australia5\/relocate-australia-accommodation\/\">Hier erhalten Sie Hilfe bei der Suche nach einer Unterkunft in Australien.<\/a><\/p>\n","protected":false},"excerpt":{"rendered":"<p>Nach Australien umziehen Australien ist daf\u00fcr bekannt, eine der besten Lebensqualit\u00e4ten der Welt zu bieten und steht seit vier Jahren an der Spitze des OECD Better Life Index. Australien besticht durch wundersch\u00f6ne Landschaften, saubere und sichere Umgebung, eine stabile Wirtschaft sowie technologisch fortschrittliche Infrastruktur- und Transportsysteme. Sie und Ihre Familie haben Zugang zu einem hervorragenden Bildungs- und Gesundheitssystem sowie zu vielf\u00e4ltigen M\u00f6glichkeiten f\u00fcr Outdoor-Aktivit\u00e4ten und Sport. Die Australier zeichnen sich durch eine entspannte, gelassene Einstellung und eine allgemein \u201eno worries\u201c-Lebensauffassung aus. Obendrein ist das Klima das ganze Jahr \u00fcber meist trocken und warm! Wesentliche Vorteile: Einer der gr\u00f6\u00dften Anziehungspunkte f\u00fcr unsere Kandidaten, die sich f\u00fcr einen Umzug nach Australien entschieden<\/p>\n","protected":false},"author":1,"featured_media":0,"parent":0,"menu_order":0,"comment_status":"closed","ping_status":"closed","template":"","meta":{"footnotes":""},"class_list":["post-6512","page","type-page","status-publish","hentry"],"_links":{"self":[{"href":"https:\/\/globalforceresource.com\/de\/wp-json\/wp\/v2\/pages\/6512","targetHints":{"allow":["GET"]}}],"collection":[{"href":"https:\/\/globalforceresource.com\/de\/wp-json\/wp\/v2\/pages"}],"about":[{"href":"https:\/\/globalforceresource.com\/de\/wp-json\/wp\/v2\/types\/page"}],"author":[{"embeddable":true,"href":"https:\/\/globalforceresource.com\/de\/wp-json\/wp\/v2\/users\/1"}],"replies":[{"embeddable":true,"href":"https:\/\/globalforceresource.com\/de\/wp-json\/wp\/v2\/comments?post=6512"}],"version-history":[{"count":17,"href":"https:\/\/globalforceresource.com\/de\/wp-json\/wp\/v2\/pages\/6512\/revisions"}],"predecessor-version":[{"id":7122,"href":"https:\/\/globalforceresource.com\/de\/wp-json\/wp\/v2\/pages\/6512\/revisions\/7122"}],"wp:attachment":[{"href":"https:\/\/globalforceresource.com\/de\/wp-json\/wp\/v2\/media?parent=6512"}],"curies":[{"name":"wp","href":"https:\/\/api.w.org\/{rel}","templated":true}]}}