{"id":6515,"date":"2015-01-22T19:25:26","date_gmt":"2015-01-22T19:25:26","guid":{"rendered":"https:\/\/globalforceresource.com\/umzug-nach-kanada\/"},"modified":"2026-02-03T14:53:09","modified_gmt":"2026-02-03T14:53:09","slug":"umzug-nach-kanada","status":"publish","type":"page","link":"https:\/\/globalforceresource.com\/de\/umzug-nach-kanada\/","title":{"rendered":"Umzug nach Kanada"},"content":{"rendered":"<h4><strong><img loading=\"lazy\" decoding=\"async\" class=\"alignright size-full wp-image-2479\" src=\"http:\/\/globalforceresource.com\/wp-content\/uploads\/2015\/01\/relocate-canada.jpg\" alt=\"Umzug nach Kanada\" width=\"479\" height=\"264\" srcset=\"https:\/\/globalforceresource.com\/wp-content\/uploads\/2015\/01\/relocate-canada.jpg 479w, https:\/\/globalforceresource.com\/wp-content\/uploads\/2015\/01\/relocate-canada-300x165.jpg 300w\" sizes=\"auto, (max-width: 479px) 100vw, 479px\" \/>Warum nach Kanada umziehen?<\/strong><\/h4>\n<p>In Kanada besteht derzeit eine hohe Nachfrage nach Fachkr\u00e4ften im Handwerk, und GlobalForce deckt diese Nachfrage, indem es international Kandidaten sucht, die von einer verbesserten Lebensqualit\u00e4t und der M\u00f6glichkeit, mehr Geld zu verdienen, profitieren.<\/p>\n<p><strong>Wesentliche Vorteile:<\/strong><\/p>\n<ul>\n<li>Kanada hat einen wachsenden Arbeitsmarkt und eine hohe Nachfrage nach Fachkr\u00e4ften im Handwerk.<\/li>\n<li>Die Arbeitsbedingungen in Kanada sind von hohem Standard, und die Verg\u00fctung wird oft als Grund f\u00fcr einen Umzug genannt, wobei die Geh\u00e4lter im Vergleich sehr wettbewerbsf\u00e4hig sind.<\/li>\n<li>Erteilte Arbeitsgenehmigungen k\u00f6nnen Ihnen die M\u00f6glichkeit geben, eine dauerhafte Aufenthaltsgenehmigung in Kanada zu beantragen und in Zukunft kanadischer Staatsb\u00fcrger zu werden. Ihr Ehepartner darf ebenfalls arbeiten, w\u00e4hrend Sie eine g\u00fcltige Arbeitserlaubnis besitzen.<\/li>\n<li>Kanada verf\u00fcgt \u00fcber ein kostenloses Gesundheitssystem, das die meisten medizinischen Leistungen einschlie\u00dflich Krankenhausaufenthalte abdeckt.<\/li>\n<li>Kanada ist bekannt f\u00fcr seine Lebensqualit\u00e4t und vielf\u00e4ltige Kultur und wurde zur drittbesten Nation der Welt gew\u00e4hlt, um darin zu leben.<\/li>\n<li>Seine hei\u00dfen Sommer und kalten Winter bedeuten, dass es viele M\u00f6glichkeiten gibt, an einer Vielzahl von Wintersportarten und -aktivit\u00e4ten teilzunehmen sowie die vielen Attraktionen des Landes bei hei\u00dfem Wetter zu genie\u00dfen.<\/li>\n<li>Die Ausbildung wird von der Regierung kostenlos zur Verf\u00fcgung gestellt. Die Qualit\u00e4t der Ausbildung ist hoch und die Mehrheit der Kinder schlie\u00dft die High School ab und erwirbt Qualifikationen und Abschl\u00fcsse.<\/li>\n<\/ul>\n<div class=\"feature_box4\"><a href=\"..\/relocate-canada\/relocate-canada-visa-information\/\"><span class=\"img\"><img loading=\"lazy\" decoding=\"async\" title=\"\" src=\"https:\/\/globalforceresource.com\/wp-content\/uploads\/2015\/02\/visa.jpg\" alt=\"\" width=\"300\" height=\"172\" \/><\/span><br \/><\/a>\n<div>\u00a0<\/div>\n<div class=\"feature_text\"><a href=\"..\/relocate-canada\/relocate-canada-visa-information\/\"><span class=\"h2\">VISA<\/span><\/a><\/div>\n<div>\u00a0<\/div>\n<div class=\"feature_text\"><a href=\"..\/relocate-canada\/relocate-canada-visa-information\/\"><span class=\"p\">Informationen zu VISA f\u00fcr Kanada.<\/span><\/a><\/div>\n<\/div>\n<div>\u00a0<\/div>\n<div>\u00a0<\/div>\n<div class=\"feature_box4\"><a href=\"..\/relocate-canada\/relocate-canada-health\/\"><span class=\"img\"><img loading=\"lazy\" decoding=\"async\" title=\"\" src=\"http:\/\/globalforceresource.com\/wp-content\/uploads\/2015\/02\/health1.jpg\" alt=\"\" width=\"300\" height=\"172\" \/><\/span><br \/><\/a>\n<div>\u00a0<\/div>\n<div class=\"feature_text\"><a href=\"..\/relocate-canada\/relocate-canada-health\/\"><span class=\"h2\">GESUNDHEIT<\/span><\/a><\/div>\n<div>\u00a0<\/div>\n<div class=\"feature_text\"><a href=\"..\/relocate-canada\/relocate-canada-health\/\"><span class=\"p\">Informationen zur Gesundheit in Kanada.<\/span><\/a><\/div>\n<div>\u00a0<\/div>\n<div class=\"border_bottom\">\u00a0<\/div>\n<\/div>\n<div class=\"feature_box4\"><a href=\"..\/relocate-canada\/relocate-canada-education\/\"><span class=\"img\"><img loading=\"lazy\" decoding=\"async\" title=\"\" src=\"https:\/\/globalforceresource.com\/wp-content\/uploads\/2015\/02\/edu.jpg\" alt=\"\" width=\"300\" height=\"172\" \/><\/span><br \/><\/a>\n<div>\u00a0<\/div>\n<div class=\"feature_text\"><a href=\"..\/relocate-canada\/relocate-canada-education\/\"><span class=\"h2\">BILDUNG<\/span><\/a><\/div>\n<div>\u00a0<\/div>\n<div class=\"feature_text\"><a href=\"..\/relocate-canada\/relocate-canada-education\/\"><span class=\"p\"> Bildung in Kanada.<\/span><\/a><\/div>\n<div class=\"border_bottom\">\u00a0<\/div>\n<\/div>\n\n\n<figure class=\"wp-block-image size-full is-resized\"><a href=\"..\/relocate-canada\/relocate-canada-accommodation\/\"><img loading=\"lazy\" decoding=\"async\" width=\"512\" height=\"341\" src=\"https:\/\/globalforceresource.com\/wp-content\/uploads\/2026\/01\/accomodation-photo-1.jpg\" alt=\"\" class=\"wp-image-6776\" style=\"width:304px;height:auto\" srcset=\"https:\/\/globalforceresource.com\/wp-content\/uploads\/2026\/01\/accomodation-photo-1.jpg 512w, https:\/\/globalforceresource.com\/wp-content\/uploads\/2026\/01\/accomodation-photo-1-300x200.jpg 300w\" sizes=\"auto, (max-width: 512px) 100vw, 512px\" \/><\/a><\/figure>\n\n\n\n<p><\/p>\n\n\n\n<p class=\"has-text-align-left\"><a href=\"..\/relocate-canada\/relocate-canada-accommodation\/\">UNTERKUNFT<\/a><\/p>\n\n\n\n<p><a href=\"..\/relocate-canada\/relocate-canada-accommodation\/\">Eine Unterkunft in Kanada finden.<\/a><\/p>\n\n\n\n<p><\/p>\n","protected":false},"excerpt":{"rendered":"<p>Warum nach Kanada umziehen? In Kanada besteht derzeit eine hohe Nachfrage nach Fachkr\u00e4ften im Handwerk, und GlobalForce deckt diese Nachfrage, indem es international Kandidaten sucht, die von einer verbesserten Lebensqualit\u00e4t und der M\u00f6glichkeit, mehr Geld zu verdienen, profitieren. Wesentliche Vorteile: Kanada hat einen wachsenden Arbeitsmarkt und eine hohe Nachfrage nach Fachkr\u00e4ften im Handwerk. Die Arbeitsbedingungen in Kanada sind von hohem Standard, und die Verg\u00fctung wird oft als Grund f\u00fcr einen Umzug genannt, wobei die Geh\u00e4lter im Vergleich sehr wettbewerbsf\u00e4hig sind. Erteilte Arbeitsgenehmigungen k\u00f6nnen Ihnen die M\u00f6glichkeit geben, eine dauerhafte Aufenthaltsgenehmigung in Kanada zu beantragen und in Zukunft kanadischer Staatsb\u00fcrger zu werden. Ihr Ehepartner darf ebenfalls arbeiten, w\u00e4hrend Sie eine g\u00fcltige<\/p>\n","protected":false},"author":1,"featured_media":0,"parent":0,"menu_order":0,"comment_status":"closed","ping_status":"closed","template":"","meta":{"footnotes":""},"class_list":["post-6515","page","type-page","status-publish","hentry"],"_links":{"self":[{"href":"https:\/\/globalforceresource.com\/de\/wp-json\/wp\/v2\/pages\/6515","targetHints":{"allow":["GET"]}}],"collection":[{"href":"https:\/\/globalforceresource.com\/de\/wp-json\/wp\/v2\/pages"}],"about":[{"href":"https:\/\/globalforceresource.com\/de\/wp-json\/wp\/v2\/types\/page"}],"author":[{"embeddable":true,"href":"https:\/\/globalforceresource.com\/de\/wp-json\/wp\/v2\/users\/1"}],"replies":[{"embeddable":true,"href":"https:\/\/globalforceresource.com\/de\/wp-json\/wp\/v2\/comments?post=6515"}],"version-history":[{"count":9,"href":"https:\/\/globalforceresource.com\/de\/wp-json\/wp\/v2\/pages\/6515\/revisions"}],"predecessor-version":[{"id":7130,"href":"https:\/\/globalforceresource.com\/de\/wp-json\/wp\/v2\/pages\/6515\/revisions\/7130"}],"wp:attachment":[{"href":"https:\/\/globalforceresource.com\/de\/wp-json\/wp\/v2\/media?parent=6515"}],"curies":[{"name":"wp","href":"https:\/\/api.w.org\/{rel}","templated":true}]}}