{"id":6526,"date":"2014-12-29T14:32:40","date_gmt":"2014-12-29T14:32:40","guid":{"rendered":"https:\/\/globalforceresource.com\/warum-umziehen\/tipps-fuer-das-vorstellungsgespraech\/"},"modified":"2014-12-29T14:32:40","modified_gmt":"2014-12-29T14:32:40","slug":"tipps-fuer-das-vorstellungsgespraech","status":"publish","type":"page","link":"https:\/\/globalforceresource.com\/de\/warum-umziehen\/tipps-fuer-das-vorstellungsgespraech\/","title":{"rendered":"Tipps f\u00fcr das Vorstellungsgespr\u00e4ch"},"content":{"rendered":"<p>Die meisten Arbeitgeber werden Ihnen sagen, dass die Vorbereitung und Recherche f\u00fcr Ihr Vorstellungsgespr\u00e4ch der Schl\u00fcssel zur Sicherung einer Stelle ist. Wir haben einige Top-Tipps zusammengestellt, die wir aus jahrelanger Erfahrung gelernt haben und die Ihnen helfen werden, Ihren Erfolg im Vorstellungsgespr\u00e4ch sicherzustellen. <\/p>\n<p><strong>Recherchieren Sie das Unternehmen und die Branche<\/strong><\/p>\n<p><img loading=\"lazy\" decoding=\"async\" class=\"alignright size-medium wp-image-2354\" src=\"http:\/\/globalforceresource.com\/wp-content\/uploads\/2014\/12\/inerview-300x219.jpg\" alt=\"Vorstellungsgespr\u00e4ch\" width=\"300\" height=\"219\" srcset=\"https:\/\/globalforceresource.com\/wp-content\/uploads\/2014\/12\/inerview-300x219.jpg 300w, https:\/\/globalforceresource.com\/wp-content\/uploads\/2014\/12\/inerview.jpg 315w\" sizes=\"auto, (max-width: 300px) 100vw, 300px\" \/>Ihnen werden mit Sicherheit Fragen zu dem Unternehmen gestellt, bei dem Sie sich bewerben. Stellen Sie also sicher, dass Sie Ihre Hausaufgaben gemacht haben.<\/p>\n<p>Nutzen Sie das Internet und recherchieren Sie das Unternehmen im Detail:<\/p>\n<ul>\n<li>Informieren Sie sich \u00fcber die Geschichte, die Produkte, die Dienstleistungen und die Leistung im letzten Jahr.<\/li>\n<li>Finden Sie alles heraus, was Sie wissen m\u00fcssen, und \u00fcberlegen Sie, wie Sie in das Unternehmen passen und wie Ihre F\u00e4higkeiten und Fertigkeiten f\u00fcr das Unternehmen von Vorteil sein k\u00f6nnen.<\/li>\n<li>Studieren Sie den Industriesektor in dem Land, in dem Sie sich bewerben: Was passiert in der Branche? Wer sind die Wettbewerber? Vor welchen Herausforderungen steht die Branche?  <\/li>\n<\/ul>\n<p><strong>Kennen Sie die Stelle, auf die Sie sich bewerben<\/strong><\/p>\n<p>\u00dcberpr\u00fcfen Sie die Stellenbeschreibung und recherchieren Sie die Stelle, auf die Sie sich bewerben. \u00dcberlegen Sie, wonach das Unternehmen in dieser Rolle sucht. Welche F\u00e4higkeiten und Fertigkeiten sind erforderlich? Wie passen Sie dazu? Wenn das Unternehmen nach Erfahrung mit Volvo Trucks sucht, denken Sie \u00fcber Ihre eigenen Erfahrungen nach und formulieren Sie eine Antwort auf dieser Grundlage.    <\/p>\n<p><strong>Sich gut pr\u00e4sentieren<\/strong><\/p>\n<p>Es ist sehr wichtig, dass alle Ihre F\u00e4higkeiten, Leistungen und Kompetenzen im Vorstellungsgespr\u00e4ch zur Geltung kommen. Stellen Sie sicher, dass Sie sich selbst gerecht werden, indem Sie: <\/p>\n<ul>\n<li>Den Inhalt Ihrer Bewerbung und Ihres Lebenslaufs wie Ihre Westentasche kennen!<\/li>\n<li>Erweitern und formulieren Sie Antworten auf alle Ihre F\u00e4higkeiten, Leistungen und Erfahrungen.<\/li>\n<li>Lesen Sie die Stellenbeschreibung und die Spezifikation durch und versuchen Sie, Ihre Erfahrungen dort einzubringen, wo sie relevant sind.<\/li>\n<li>Formulieren Sie Szenarien \u2013 denken Sie \u00fcber Situationen nach, in denen Sie vor einer Herausforderung standen und wie Sie damit umgegangen sind, oder \u00fcber eine Situation, in der Sie Ihre F\u00e4higkeiten und Kompetenzen eingesetzt haben, um etwas zu verbessern.<\/li>\n<\/ul>\n<p><img loading=\"lazy\" decoding=\"async\" class=\"aligncenter wp-image-2355 size-full\" src=\"http:\/\/globalforceresource.com\/wp-content\/uploads\/2014\/12\/initerview-2.jpg\" alt=\"Vorstellungsgespr\u00e4ch 2\" width=\"510\" height=\"183\" srcset=\"https:\/\/globalforceresource.com\/wp-content\/uploads\/2014\/12\/initerview-2.jpg 510w, https:\/\/globalforceresource.com\/wp-content\/uploads\/2014\/12\/initerview-2-300x108.jpg 300w\" sizes=\"auto, (max-width: 510px) 100vw, 510px\" \/><\/p>\n<p><strong>Weitere Tipps<\/strong><\/p>\n<ul>\n<li>Nehmen Sie sich am Tag des Vorstellungsgespr\u00e4chs gen\u00fcgend Zeit f\u00fcr die Anreise.<\/li>\n<li>Kommen Sie immer mindestens 15 Minuten vor dem vereinbarten Termin an.<\/li>\n<li>\u00dcberpr\u00fcfen Sie die Details, den Ort und die Uhrzeit Ihres Vorstellungsgespr\u00e4chs.<\/li>\n<li>Sehen Sie passend aus, kleiden Sie sich gut und achten Sie auf Ihr Aussehen.<\/li>\n<li>\u00dcben Sie Fragen und Antworten f\u00fcr das Vorstellungsgespr\u00e4ch. Unsere Ressourcenspezialisten geben Ihnen einen guten Hinweis auf die Art der Fragen, die der Interviewer stellen wird. <\/li>\n<li>Versuchen Sie, so detailliert wie m\u00f6glich zu antworten, beantworten Sie Fragen nicht mit \u201eJa\u201c oder \u201eNein\u201c.<\/li>\n<li>Behalten Sie w\u00e4hrend des gesamten Vorstellungsgespr\u00e4chs eine positive Einstellung bei und versuchen Sie, alle Ihre Antworten positiv zu formulieren!<\/li>\n<li>Sehen Sie pr\u00e4sentabel und professionell aus.<\/li>\n<li>Schauen Sie den Interviewer an<\/li>\n<li>H\u00f6ren Sie zu, was Sie gefragt werden, denken Sie nach, bevor Sie antworten.<\/li>\n<li>Sitzen Sie aufrecht, f\u00fchlen Sie sich selbstbewusst und entspannen Sie sich!<\/li>\n<li>L\u00e4cheln Sie und zeigen Sie Begeisterung!!<\/li>\n<\/ul>\n","protected":false},"excerpt":{"rendered":"<p>Die meisten Arbeitgeber werden Ihnen sagen, dass die Vorbereitung und Recherche f\u00fcr Ihr Vorstellungsgespr\u00e4ch der Schl\u00fcssel zur Sicherung einer Stelle ist. Wir haben einige Top-Tipps zusammengestellt, die wir aus jahrelanger Erfahrung gelernt haben und die Ihnen helfen werden, Ihren Erfolg im Vorstellungsgespr\u00e4ch sicherzustellen. Recherchieren Sie das Unternehmen und die Branche Ihnen werden mit Sicherheit Fragen zu dem Unternehmen gestellt, bei dem Sie sich bewerben. Stellen Sie also sicher, dass Sie Ihre Hausaufgaben gemacht haben. Nutzen Sie das Internet und recherchieren Sie das Unternehmen im Detail: Informieren Sie sich \u00fcber die Geschichte, die Produkte, die Dienstleistungen und die Leistung im letzten Jahr. Finden Sie alles heraus, was Sie wissen m\u00fcssen, und<\/p>\n","protected":false},"author":1,"featured_media":0,"parent":6499,"menu_order":0,"comment_status":"closed","ping_status":"closed","template":"page-templates\/full-width.php","meta":{"footnotes":""},"class_list":["post-6526","page","type-page","status-publish","hentry"],"_links":{"self":[{"href":"https:\/\/globalforceresource.com\/de\/wp-json\/wp\/v2\/pages\/6526","targetHints":{"allow":["GET"]}}],"collection":[{"href":"https:\/\/globalforceresource.com\/de\/wp-json\/wp\/v2\/pages"}],"about":[{"href":"https:\/\/globalforceresource.com\/de\/wp-json\/wp\/v2\/types\/page"}],"author":[{"embeddable":true,"href":"https:\/\/globalforceresource.com\/de\/wp-json\/wp\/v2\/users\/1"}],"replies":[{"embeddable":true,"href":"https:\/\/globalforceresource.com\/de\/wp-json\/wp\/v2\/comments?post=6526"}],"version-history":[{"count":0,"href":"https:\/\/globalforceresource.com\/de\/wp-json\/wp\/v2\/pages\/6526\/revisions"}],"up":[{"embeddable":true,"href":"https:\/\/globalforceresource.com\/de\/wp-json\/wp\/v2\/pages\/6499"}],"wp:attachment":[{"href":"https:\/\/globalforceresource.com\/de\/wp-json\/wp\/v2\/media?parent=6526"}],"curies":[{"name":"wp","href":"https:\/\/api.w.org\/{rel}","templated":true}]}}