{"id":6891,"date":"2026-01-22T08:53:59","date_gmt":"2026-01-22T08:53:59","guid":{"rendered":"https:\/\/globalforceresource.com\/umzug-ins-vereinigte-koenigreich\/"},"modified":"2026-01-28T17:15:24","modified_gmt":"2026-01-28T17:15:24","slug":"umzug-ins-vereinigte-koenigreich","status":"publish","type":"page","link":"https:\/\/globalforceresource.com\/de\/umzug-ins-vereinigte-koenigreich\/","title":{"rendered":"Umzug ins Vereinigte K\u00f6nigreich"},"content":{"rendered":"\n<h3 class=\"wp-block-heading\"><strong>Warum ins Vereinigte K\u00f6nigreich umziehen?<\/strong><\/h3>\n\n\n\n<figure class=\"wp-block-image size-full is-resized\"><a href=\"https:\/\/globalforceresource.com\/wp-content\/uploads\/2026\/01\/london-3.jpg\"><img loading=\"lazy\" decoding=\"async\" width=\"512\" height=\"341\" src=\"https:\/\/globalforceresource.com\/wp-content\/uploads\/2026\/01\/london-3.jpg\" alt=\"\" class=\"wp-image-6711\" style=\"aspect-ratio:2.7280744732974034;width:840px;height:auto\" srcset=\"https:\/\/globalforceresource.com\/wp-content\/uploads\/2026\/01\/london-3.jpg 512w, https:\/\/globalforceresource.com\/wp-content\/uploads\/2026\/01\/london-3-300x200.jpg 300w\" sizes=\"auto, (max-width: 512px) 100vw, 512px\" \/><\/a><\/figure>\n\n\n\n<p>Ein Umzug ins Vereinigte K\u00f6nigreich kann erhebliche Karriere- und Einkommensverbesserungen erm\u00f6glichen. Das Vereinigte K\u00f6nigreich verf\u00fcgt \u00fcber eine vielf\u00e4ltige und widerstandsf\u00e4hige Wirtschaft mit einer starken Nachfrage nach internationalen Fachkr\u00e4ften in Sektoren wie Gesundheitswesen, Bauwesen, Gastgewerbe, Ingenieurwesen, IT und Sozialwesen. Wettbewerbsf\u00e4hige L\u00f6hne, klare Arbeitnehmerrechte und strukturierte Visumwege \u2013 wie z. B. Facharbeiterrouten \u2013 bieten einen stabilen und transparenten Rahmen f\u00fcr legales Arbeiten und den Aufbau einer Zukunft. Als englischsprachiges Land mit einer multikulturellen Gesellschaft erm\u00f6glicht das Vereinigte K\u00f6nigreich eine einfachere Integration am Arbeitsplatz und den Zugang zu globalen Berufsnetzwerken, w\u00e4hrend seine etablierten Bildungs-, Gesundheits- und \u00f6ffentlichen Dienstleistungssysteme eine langfristige Niederlassung, finanzielle Stabilit\u00e4t und eine verbesserte Lebensqualit\u00e4t unterst\u00fctzen.   <\/p>\n\n\n\n<p><strong>Wesentliche Vorteile:<\/strong><\/p>\n\n\n\n<ul class=\"wp-block-list\">\n<li>Breites Spektrum an Arbeitsm\u00f6glichkeiten in verschiedenen Branchen<\/li>\n\n\n\n<li>Wettbewerbsf\u00e4hige L\u00f6hne und starke Arbeitnehmerrechte und -schutzma\u00dfnahmen<\/li>\n\n\n\n<li>Klare und strukturierte Arbeitsvisumwege f\u00fcr internationale Fachkr\u00e4fte<\/li>\n\n\n\n<li>Englischsprachige Umgebung, die die Kommunikation und Integration erleichtert<\/li>\n\n\n\n<li>Multikulturelle Gesellschaft mit vielf\u00e4ltigen Gemeinschaften und globalen Netzwerken<\/li>\n\n\n\n<li>Weltklasse-Bildungs- und Ausbildungsm\u00f6glichkeiten<\/li>\n\n\n\n<li>Zugang zu einem umfassenden \u00f6ffentlichen Gesundheitssystem<\/li>\n\n\n\n<li>Starke Infrastruktur und globale Konnektivit\u00e4t f\u00fcr Reisen und Gesch\u00e4fte<\/li>\n<\/ul>\n\n\n\n<p><\/p>\n\n\n\n<p><\/p>\n\n\n\n<figure class=\"wp-block-image size-full\"><a href=\"https:\/\/globalforceresource.com\/de\/umzug-ins-vereinigte-koenigreich-visainformationen\/\"><img loading=\"lazy\" decoding=\"async\" width=\"300\" height=\"172\" src=\"http:\/\/globalforceresource.com\/wp-content\/uploads\/2026\/01\/visa.jpg\" alt=\"\" class=\"wp-image-6609\"\/><\/a><\/figure>\n\n\n\n<p><a href=\"https:\/\/globalforceresource.com\/de\/umzug-ins-vereinigte-koenigreich-visainformationen\/\" data-type=\"page\" data-id=\"6642\">VISA<\/a><\/p>\n\n\n\n<p><a href=\"https:\/\/globalforceresource.com\/de\/umzug-ins-vereinigte-koenigreich-visainformationen\/\" data-type=\"page\" data-id=\"6642\">Erhalten Sie wichtige Informationen zu VISA f\u00fcr das Vereinigte K\u00f6nigreich.<\/a><\/p>\n\n\n\n<figure class=\"wp-block-image size-full\"><a href=\"https:\/\/globalforceresource.com\/de\/umzug-ins-vereinigte-koenigreich-gesundheit\/\/\"><img loading=\"lazy\" decoding=\"async\" width=\"300\" height=\"172\" src=\"https:\/\/globalforceresource.com\/wp-content\/uploads\/2026\/01\/health1-1.jpg\" alt=\"\" class=\"wp-image-6615\"\/><\/a><\/figure>\n\n\n\n<p><a href=\"https:\/\/globalforceresource.com\/de\/umzug-ins-vereinigte-koenigreich-gesundheit\/\" data-type=\"page\" data-id=\"6647\">GESUNDHEIT<\/a><\/p>\n\n\n\n<p><a href=\"https:\/\/globalforceresource.com\/de\/umzug-ins-vereinigte-koenigreich-gesundheit\/\" data-type=\"page\" data-id=\"6647\">Alles, was Sie \u00fcber Gesundheit und das Vereinigte K\u00f6nigreich wissen m\u00fcssen.<\/a><\/p>\n\n\n\n<figure class=\"wp-block-image size-full\"><a href=\"https:\/\/globalforceresource.com\/de\/umzug-ins-vereinigte-koenigreich-bildung\/\"><img loading=\"lazy\" decoding=\"async\" width=\"300\" height=\"172\" src=\"https:\/\/globalforceresource.com\/wp-content\/uploads\/2026\/01\/edu-1.jpg\" alt=\"\" class=\"wp-image-6616\"\/><\/a><\/figure>\n\n\n\n<p><a href=\"https:\/\/globalforceresource.com\/de\/umzug-ins-vereinigte-koenigreich-bildung\/\" data-type=\"page\" data-id=\"6649\">BILDUNG<\/a><\/p>\n\n\n\n<p><a href=\"https:\/\/globalforceresource.com\/de\/umzug-ins-vereinigte-koenigreich-bildung\/\" data-type=\"page\" data-id=\"6649\">Alles, was Sie \u00fcber Bildung in Down Under wissen m\u00fcssen.<\/a><\/p>\n\n\n\n<figure class=\"wp-block-image size-full is-resized\"><a href=\"https:\/\/globalforceresource.com\/de\/nach-grossbritannien-umziehen-unterkunft\/\"><img loading=\"lazy\" decoding=\"async\" width=\"512\" height=\"341\" src=\"https:\/\/globalforceresource.com\/wp-content\/uploads\/2026\/01\/accomodation-photo-5.jpg\" alt=\"\" class=\"wp-image-6794\" style=\"width:306px;height:auto\" srcset=\"https:\/\/globalforceresource.com\/wp-content\/uploads\/2026\/01\/accomodation-photo-5.jpg 512w, https:\/\/globalforceresource.com\/wp-content\/uploads\/2026\/01\/accomodation-photo-5-300x200.jpg 300w\" sizes=\"auto, (max-width: 512px) 100vw, 512px\" \/><\/a><\/figure>\n\n\n\n<p><a href=\"https:\/\/globalforceresource.com\/de\/nach-grossbritannien-umziehen-unterkunft\/\" data-type=\"page\" data-id=\"6644\">UNTERKUNFT<\/a><\/p>\n\n\n\n<p><a href=\"https:\/\/globalforceresource.com\/de\/nach-grossbritannien-umziehen-unterkunft\/\" data-type=\"page\" data-id=\"6644\">Lassen Sie sich bei der Suche nach einer Unterkunft im Vereinigten K\u00f6nigreich helfen.<\/a><\/p>\n","protected":false},"excerpt":{"rendered":"<p>Warum ins Vereinigte K\u00f6nigreich umziehen? Ein Umzug ins Vereinigte K\u00f6nigreich kann erhebliche Karriere- und Einkommensverbesserungen erm\u00f6glichen. Das Vereinigte K\u00f6nigreich verf\u00fcgt \u00fcber eine vielf\u00e4ltige und widerstandsf\u00e4hige Wirtschaft mit einer starken Nachfrage nach internationalen Fachkr\u00e4ften in Sektoren wie Gesundheitswesen, Bauwesen, Gastgewerbe, Ingenieurwesen, IT und Sozialwesen. Wettbewerbsf\u00e4hige L\u00f6hne, klare Arbeitnehmerrechte und strukturierte Visumwege \u2013 wie z. B. Facharbeiterrouten \u2013 bieten einen stabilen und transparenten Rahmen f\u00fcr legales Arbeiten und den Aufbau einer Zukunft. Als englischsprachiges Land mit einer multikulturellen Gesellschaft erm\u00f6glicht das Vereinigte K\u00f6nigreich eine einfachere Integration am Arbeitsplatz und den Zugang zu globalen Berufsnetzwerken, w\u00e4hrend seine etablierten Bildungs-, Gesundheits- und \u00f6ffentlichen Dienstleistungssysteme eine langfristige Niederlassung, finanzielle Stabilit\u00e4t und eine verbesserte Lebensqualit\u00e4t unterst\u00fctzen.<\/p>\n","protected":false},"author":32,"featured_media":0,"parent":0,"menu_order":0,"comment_status":"closed","ping_status":"closed","template":"","meta":{"footnotes":""},"class_list":["post-6891","page","type-page","status-publish","hentry"],"_links":{"self":[{"href":"https:\/\/globalforceresource.com\/de\/wp-json\/wp\/v2\/pages\/6891","targetHints":{"allow":["GET"]}}],"collection":[{"href":"https:\/\/globalforceresource.com\/de\/wp-json\/wp\/v2\/pages"}],"about":[{"href":"https:\/\/globalforceresource.com\/de\/wp-json\/wp\/v2\/types\/page"}],"author":[{"embeddable":true,"href":"https:\/\/globalforceresource.com\/de\/wp-json\/wp\/v2\/users\/32"}],"replies":[{"embeddable":true,"href":"https:\/\/globalforceresource.com\/de\/wp-json\/wp\/v2\/comments?post=6891"}],"version-history":[{"count":10,"href":"https:\/\/globalforceresource.com\/de\/wp-json\/wp\/v2\/pages\/6891\/revisions"}],"predecessor-version":[{"id":7042,"href":"https:\/\/globalforceresource.com\/de\/wp-json\/wp\/v2\/pages\/6891\/revisions\/7042"}],"wp:attachment":[{"href":"https:\/\/globalforceresource.com\/de\/wp-json\/wp\/v2\/media?parent=6891"}],"curies":[{"name":"wp","href":"https:\/\/api.w.org\/{rel}","templated":true}]}}