{"id":6906,"date":"2015-01-29T17:21:02","date_gmt":"2015-01-29T17:21:02","guid":{"rendered":"https:\/\/globalforceresource.com\/umzug-nach-kanada\/umzug-nach-kanada-unterkunft\/"},"modified":"2026-01-28T09:45:45","modified_gmt":"2026-01-28T09:45:45","slug":"umzug-nach-kanada-unterkunft","status":"publish","type":"page","link":"https:\/\/globalforceresource.com\/de\/umzug-nach-kanada\/umzug-nach-kanada-unterkunft\/","title":{"rendered":"Umzug nach Kanada \u2013 Unterkunft"},"content":{"rendered":"<p><strong><img loading=\"lazy\" decoding=\"async\" class=\"alignnone size-full wp-image-2360\" src=\"http:\/\/globalforceresource.com\/wp-content\/uploads\/2015\/01\/ACCOMADITION.jpg\" alt=\"UNTERKUNFT\" width=\"296\" height=\"39\"><\/strong><\/p>\n<p>Die von der Regierung betriebene Website Canada Mortgage and Housing Corporation (<a href=\"https:\/\/www.cmhc-schl.gc.ca\">https:\/\/www.cmhc-schl.gc.ca<\/a>) bietet umfassende Informationen \u00fcber den Kauf oder die Miete von Wohnraum in allen kanadischen St\u00e4dten sowie Zielort-Leitf\u00e4den.<\/p>\n<p>Beachten Sie bei der Anmietung eines Hauses, dass Immobilien kalendermonatlich vermietet werden. Daher ist es am besten, kurz vor Monatsende anzureisen, wenn die Auswahl gr\u00f6\u00dfer ist.<\/p>\n<p>M\u00f6blierte Apartments k\u00f6nnen wochenweise gemietet werden, was eine n\u00fctzliche kurzfristige Option sein kann. Siehe <a href=\"http:\/\/www.moving2canada.com\/\">www.Moving2canada.com<\/a>. <\/p>\n<p>Mit Ausnahme von Untermietverh\u00e4ltnissen sind fast alle Mietobjekte in Kanada unm\u00f6bliert. G\u00fcnstige M\u00f6bel finden Sie in Gebrauchtwarenl\u00e4den wie Craiglist.ca. <\/p>\n<p>Vermieter verlangen in der Regel Referenzen, und einige fordern Angaben zu Besch\u00e4ftigung und Einkommen an.<\/p>\n<p><strong>ZUR\u00dcCK ZU UMZUG <a title=\"Umzug nach Kanada\" href=\"https:\/\/globalforceresource.com\/relocate-canada\/\">KANADA<\/a><\/strong><\/p>\n","protected":false},"excerpt":{"rendered":"<p>Die von der Regierung betriebene Website Canada Mortgage and Housing Corporation (https:\/\/www.cmhc-schl.gc.ca) bietet umfassende Informationen \u00fcber den Kauf oder die Miete von Wohnraum in allen kanadischen St\u00e4dten sowie Zielort-Leitf\u00e4den. Beachten Sie bei der Anmietung eines Hauses, dass Immobilien kalendermonatlich vermietet werden. Daher ist es am besten, kurz vor Monatsende anzureisen, wenn die Auswahl gr\u00f6\u00dfer ist. M\u00f6blierte Apartments k\u00f6nnen wochenweise gemietet werden, was eine n\u00fctzliche kurzfristige Option sein kann. Siehe www.Moving2canada.com. Mit Ausnahme von Untermietverh\u00e4ltnissen sind fast alle Mietobjekte in Kanada unm\u00f6bliert. G\u00fcnstige M\u00f6bel finden Sie in Gebrauchtwarenl\u00e4den wie Craiglist.ca. Vermieter verlangen in der Regel Referenzen, und einige fordern Angaben zu Besch\u00e4ftigung und Einkommen an. ZUR\u00dcCK ZU UMZUG KANADA<\/p>\n","protected":false},"author":1,"featured_media":0,"parent":6515,"menu_order":0,"comment_status":"closed","ping_status":"closed","template":"","meta":{"footnotes":""},"class_list":["post-6906","page","type-page","status-publish","hentry"],"_links":{"self":[{"href":"https:\/\/globalforceresource.com\/de\/wp-json\/wp\/v2\/pages\/6906","targetHints":{"allow":["GET"]}}],"collection":[{"href":"https:\/\/globalforceresource.com\/de\/wp-json\/wp\/v2\/pages"}],"about":[{"href":"https:\/\/globalforceresource.com\/de\/wp-json\/wp\/v2\/types\/page"}],"author":[{"embeddable":true,"href":"https:\/\/globalforceresource.com\/de\/wp-json\/wp\/v2\/users\/1"}],"replies":[{"embeddable":true,"href":"https:\/\/globalforceresource.com\/de\/wp-json\/wp\/v2\/comments?post=6906"}],"version-history":[{"count":1,"href":"https:\/\/globalforceresource.com\/de\/wp-json\/wp\/v2\/pages\/6906\/revisions"}],"predecessor-version":[{"id":6910,"href":"https:\/\/globalforceresource.com\/de\/wp-json\/wp\/v2\/pages\/6906\/revisions\/6910"}],"up":[{"embeddable":true,"href":"https:\/\/globalforceresource.com\/de\/wp-json\/wp\/v2\/pages\/6515"}],"wp:attachment":[{"href":"https:\/\/globalforceresource.com\/de\/wp-json\/wp\/v2\/media?parent=6906"}],"curies":[{"name":"wp","href":"https:\/\/api.w.org\/{rel}","templated":true}]}}