{"id":6907,"date":"2015-01-29T17:19:45","date_gmt":"2015-01-29T17:19:45","guid":{"rendered":"https:\/\/globalforceresource.com\/umzug-nach-kanada\/umzug-nach-kanada-bildung\/"},"modified":"2015-01-29T17:19:45","modified_gmt":"2015-01-29T17:19:45","slug":"umzug-nach-kanada-bildung","status":"publish","type":"page","link":"https:\/\/globalforceresource.com\/de\/umzug-nach-kanada\/umzug-nach-kanada-bildung\/","title":{"rendered":"Umzug nach Kanada \u2013 Bildung"},"content":{"rendered":"<h4><a href=\"http:\/\/globalforceresource.com\/wp-content\/uploads\/2015\/01\/EDUCATION.jpg\"><img loading=\"lazy\" decoding=\"async\" class=\"alignnone size-full wp-image-2366\" src=\"http:\/\/globalforceresource.com\/wp-content\/uploads\/2015\/01\/EDUCATION.jpg\" alt=\"BILDUNG\" width=\"214\" height=\"35\"><\/a><\/h4>\n<p>Bildung ist f\u00fcr Einwohner sowohl auf Primar- als auch auf Sekundarstufe in der Regel kostenlos, und Kinder m\u00fcssen im Alter von f\u00fcnf oder sechs Jahren mit der Schule beginnen. Da Kanada zweisprachig ist, gibt es im ganzen Land Sprachschulen, was eine Option f\u00fcr Ihre Familie ist, wenn Sie dies w\u00fcnschen. Privatschulen sind ebenfalls gegen unterschiedliche Geb\u00fchren verf\u00fcgbar. W\u00e4hrend viele kanadische \u00f6ffentliche Schulen internationale Kinder aufnehmen, verlangen einige, dass Sie Geb\u00fchren zahlen, daher m\u00fcssen Sie hier recherchieren.   <\/p>\n<p>International genie\u00dfen kanadische Universit\u00e4ten einen guten Ruf, wobei laut den QS World University Rankings 2014\/2015 drei zu den 50 besten der Welt geh\u00f6ren.<\/p>\n<p><strong>ZUR\u00dcCK ZU UMZUG <a title=\"Umzug nach Kanada\" href=\"https:\/\/globalforceresource.com\/relocate-canada\/\">KANADA<\/a><\/strong><\/p>\n","protected":false},"excerpt":{"rendered":"<p>Bildung ist f\u00fcr Einwohner sowohl auf Primar- als auch auf Sekundarstufe in der Regel kostenlos, und Kinder m\u00fcssen im Alter von f\u00fcnf oder sechs Jahren mit der Schule beginnen. Da Kanada zweisprachig ist, gibt es im ganzen Land Sprachschulen, was eine Option f\u00fcr Ihre Familie ist, wenn Sie dies w\u00fcnschen. Privatschulen sind ebenfalls gegen unterschiedliche Geb\u00fchren verf\u00fcgbar. W\u00e4hrend viele kanadische \u00f6ffentliche Schulen internationale Kinder aufnehmen, verlangen einige, dass Sie Geb\u00fchren zahlen, daher m\u00fcssen Sie hier recherchieren. International genie\u00dfen kanadische Universit\u00e4ten einen guten Ruf, wobei laut den QS World University Rankings 2014\/2015 drei zu den 50 besten der Welt geh\u00f6ren. ZUR\u00dcCK ZU UMZUG KANADA<\/p>\n","protected":false},"author":1,"featured_media":0,"parent":6515,"menu_order":0,"comment_status":"closed","ping_status":"closed","template":"","meta":{"footnotes":""},"class_list":["post-6907","page","type-page","status-publish","hentry"],"_links":{"self":[{"href":"https:\/\/globalforceresource.com\/de\/wp-json\/wp\/v2\/pages\/6907","targetHints":{"allow":["GET"]}}],"collection":[{"href":"https:\/\/globalforceresource.com\/de\/wp-json\/wp\/v2\/pages"}],"about":[{"href":"https:\/\/globalforceresource.com\/de\/wp-json\/wp\/v2\/types\/page"}],"author":[{"embeddable":true,"href":"https:\/\/globalforceresource.com\/de\/wp-json\/wp\/v2\/users\/1"}],"replies":[{"embeddable":true,"href":"https:\/\/globalforceresource.com\/de\/wp-json\/wp\/v2\/comments?post=6907"}],"version-history":[{"count":0,"href":"https:\/\/globalforceresource.com\/de\/wp-json\/wp\/v2\/pages\/6907\/revisions"}],"up":[{"embeddable":true,"href":"https:\/\/globalforceresource.com\/de\/wp-json\/wp\/v2\/pages\/6515"}],"wp:attachment":[{"href":"https:\/\/globalforceresource.com\/de\/wp-json\/wp\/v2\/media?parent=6907"}],"curies":[{"name":"wp","href":"https:\/\/api.w.org\/{rel}","templated":true}]}}