{"id":6908,"date":"2015-01-29T17:18:43","date_gmt":"2015-01-29T17:18:43","guid":{"rendered":"https:\/\/globalforceresource.com\/umzug-nach-kanada\/umzug-nach-kanada-gesundheit\/"},"modified":"2015-01-29T17:18:43","modified_gmt":"2015-01-29T17:18:43","slug":"umzug-nach-kanada-gesundheit","status":"publish","type":"page","link":"https:\/\/globalforceresource.com\/de\/umzug-nach-kanada\/umzug-nach-kanada-gesundheit\/","title":{"rendered":"Umzug nach Kanada \u2013 Gesundheit"},"content":{"rendered":"<p><a href=\"http:\/\/globalforceresource.com\/wp-content\/uploads\/2015\/01\/HEALTH1.jpg\"><img loading=\"lazy\" decoding=\"async\" class=\"alignnone size-full wp-image-2365\" src=\"http:\/\/globalforceresource.com\/wp-content\/uploads\/2015\/01\/HEALTH1.jpg\" alt=\"GESUNDHEIT\" width=\"159\" height=\"41\"><\/a><\/p>\n<p>Kanada ist weltweit bekannt f\u00fcr sein kostenloses Gesundheitssystem. Jede der 10 Provinzen und drei Territorien Kanadas finanziert und betreibt ein landesweites Krankenversicherungsprogramm, Medicare, das die meisten grundlegenden medizinischen Leistungen abdeckt, einschlie\u00dflich Krankenhausaufenthalte und Operationen.<\/p>\n<p>Es kann vorkommen, dass Sie sich nicht f\u00fcr das Gesundheitssystem Ihrer Provinz qualifizieren. In einigen Provinzen gibt es eine Wartezeit, oder Sie m\u00fcssen m\u00f6glicherweise kanadischer Staatsb\u00fcrger sein, um anspruchsberechtigt zu sein. Daher wird Neuank\u00f6mmlingen empfohlen, eine private Krankenversicherung abzuschlie\u00dfen, um ihren Aufenthalt zu decken, bis sie Zugang zur staatlichen Krankenversicherung erhalten haben.  <\/p>\n<p><strong>ZUR\u00dcCK ZU UMZUG <a title=\"Umzug nach Kanada\" href=\"https:\/\/globalforceresource.com\/relocate-canada\/\">KANADA<\/a><\/strong><\/p>\n","protected":false},"excerpt":{"rendered":"<p>Kanada ist weltweit bekannt f\u00fcr sein kostenloses Gesundheitssystem. Jede der 10 Provinzen und drei Territorien Kanadas finanziert und betreibt ein landesweites Krankenversicherungsprogramm, Medicare, das die meisten grundlegenden medizinischen Leistungen abdeckt, einschlie\u00dflich Krankenhausaufenthalte und Operationen. Es kann vorkommen, dass Sie sich nicht f\u00fcr das Gesundheitssystem Ihrer Provinz qualifizieren. In einigen Provinzen gibt es eine Wartezeit, oder Sie m\u00fcssen m\u00f6glicherweise kanadischer Staatsb\u00fcrger sein, um anspruchsberechtigt zu sein. Daher wird Neuank\u00f6mmlingen empfohlen, eine private Krankenversicherung abzuschlie\u00dfen, um ihren Aufenthalt zu decken, bis sie Zugang zur staatlichen Krankenversicherung erhalten haben. ZUR\u00dcCK ZU UMZUG KANADA<\/p>\n","protected":false},"author":1,"featured_media":0,"parent":6515,"menu_order":0,"comment_status":"closed","ping_status":"closed","template":"","meta":{"footnotes":""},"class_list":["post-6908","page","type-page","status-publish","hentry"],"_links":{"self":[{"href":"https:\/\/globalforceresource.com\/de\/wp-json\/wp\/v2\/pages\/6908","targetHints":{"allow":["GET"]}}],"collection":[{"href":"https:\/\/globalforceresource.com\/de\/wp-json\/wp\/v2\/pages"}],"about":[{"href":"https:\/\/globalforceresource.com\/de\/wp-json\/wp\/v2\/types\/page"}],"author":[{"embeddable":true,"href":"https:\/\/globalforceresource.com\/de\/wp-json\/wp\/v2\/users\/1"}],"replies":[{"embeddable":true,"href":"https:\/\/globalforceresource.com\/de\/wp-json\/wp\/v2\/comments?post=6908"}],"version-history":[{"count":0,"href":"https:\/\/globalforceresource.com\/de\/wp-json\/wp\/v2\/pages\/6908\/revisions"}],"up":[{"embeddable":true,"href":"https:\/\/globalforceresource.com\/de\/wp-json\/wp\/v2\/pages\/6515"}],"wp:attachment":[{"href":"https:\/\/globalforceresource.com\/de\/wp-json\/wp\/v2\/media?parent=6908"}],"curies":[{"name":"wp","href":"https:\/\/api.w.org\/{rel}","templated":true}]}}