{"id":6909,"date":"2015-01-29T17:17:00","date_gmt":"2015-01-29T17:17:00","guid":{"rendered":"https:\/\/globalforceresource.com\/umzug-nach-kanada\/umzug-nach-kanada-visa-informationen\/"},"modified":"2015-01-29T17:17:00","modified_gmt":"2015-01-29T17:17:00","slug":"umzug-nach-kanada-visa-informationen","status":"publish","type":"page","link":"https:\/\/globalforceresource.com\/de\/umzug-nach-kanada\/umzug-nach-kanada-visa-informationen\/","title":{"rendered":"Umzug nach Kanada \u2013 Visa-Informationen"},"content":{"rendered":"<p><img loading=\"lazy\" decoding=\"async\" class=\"alignnone size-medium wp-image-2362\" src=\"http:\/\/globalforceresource.com\/wp-content\/uploads\/2015\/01\/VISA-INFO-300x51.jpg\" alt=\"VISA-INFO\" width=\"300\" height=\"51\"><\/p>\n<p>Die Website von Citizenship and Immigration Canada bietet sehr umfassende Informationen zu Visa.<\/p>\n<p>Sie ben\u00f6tigen eine Arbeitserlaubnis, um in Kanada zu arbeiten. Es gibt eine kleine Anzahl von Berufen, f\u00fcr die keine Arbeitserlaubnis erforderlich ist. Weitere Informationen finden Sie auf der Website <span style=\"color: #333399;\"><a style=\"color: #333399;\" href=\"http:\/\/www.cic.gc.ca\/english\/work\/apply-who-nopermit.asp#p\"><span style=\"text-decoration: underline;\">Citizenship and Immigration Canada<\/span><\/a> <\/span>.  <\/p>\n<p><strong>Sie m\u00fcssen die folgenden Voraussetzungen erf\u00fcllen:<\/strong><\/p>\n<ul>\n<li>Einreise in das Land<\/li>\n<li>Aufenthalt in Kanada und<\/li>\n<li>Beantragung einer Arbeitserlaubnis.<\/li>\n<\/ul>\n<p>Mit einer Arbeitserlaubnis k\u00f6nnen Sie nicht dauerhaft in Kanada leben. Um dies zu erreichen, m\u00fcssen Sie sich im Rahmen einer Einwanderungskategorie qualifizieren. Ihr Ehepartner oder Lebenspartner und Ihre unterhaltsberechtigten Kinder k\u00f6nnen einen Antrag stellen, um mit Ihnen nach Kanada zu kommen, und, falls gew\u00fcnscht, eine Studien- oder Arbeitserlaubnis beantragen. <\/p>\n<p>Seit Januar 2015 gibt es ein neues System zur Verwaltung der Antr\u00e4ge von Personen mit qualifizierter Berufserfahrung auf Einwanderung nach Kanada. Es hei\u00dft Express Entry. Express Entry bedeutet, dass bestimmte Fachkr\u00e4fte ein Online-Profil erstellen k\u00f6nnen, um ihr Interesse an einem dauerhaften Wohnsitz in Kanada zu bekunden. Weitere Informationen finden Sie auf der Seite <a href=\"http:\/\/www.cic.gc.ca\/english\/work\/apply-who-nopermit.asp#p\"><span style=\"color: #3366ff;\"><span style=\"color: #333399;\"><span style=\"text-decoration: underline;\">Canadian Immigration<\/span><\/span><\/span><\/a> \u00fcber Einwanderung.   <\/p>\n<p><strong>ZUR\u00dcCK ZU UMZUG <a title=\"Umzug nach Kanada\" href=\"https:\/\/globalforceresource.com\/relocate-canada\/\">KANADA<\/a><\/strong><\/p>\n","protected":false},"excerpt":{"rendered":"<p>Die Website von Citizenship and Immigration Canada bietet sehr umfassende Informationen zu Visa. Sie ben\u00f6tigen eine Arbeitserlaubnis, um in Kanada zu arbeiten. Es gibt eine kleine Anzahl von Berufen, f\u00fcr die keine Arbeitserlaubnis erforderlich ist. Weitere Informationen finden Sie auf der Website Citizenship and Immigration Canada . Sie m\u00fcssen die folgenden Voraussetzungen erf\u00fcllen: Einreise in das Land Aufenthalt in Kanada und Beantragung einer Arbeitserlaubnis. Mit einer Arbeitserlaubnis k\u00f6nnen Sie nicht dauerhaft in Kanada leben. Um dies zu erreichen, m\u00fcssen Sie sich im Rahmen einer Einwanderungskategorie qualifizieren. Ihr Ehepartner oder Lebenspartner und Ihre unterhaltsberechtigten Kinder k\u00f6nnen einen Antrag stellen, um mit Ihnen nach Kanada zu kommen, und, falls gew\u00fcnscht, eine Studien-<\/p>\n","protected":false},"author":1,"featured_media":0,"parent":6515,"menu_order":0,"comment_status":"closed","ping_status":"closed","template":"","meta":{"footnotes":""},"class_list":["post-6909","page","type-page","status-publish","hentry"],"_links":{"self":[{"href":"https:\/\/globalforceresource.com\/de\/wp-json\/wp\/v2\/pages\/6909","targetHints":{"allow":["GET"]}}],"collection":[{"href":"https:\/\/globalforceresource.com\/de\/wp-json\/wp\/v2\/pages"}],"about":[{"href":"https:\/\/globalforceresource.com\/de\/wp-json\/wp\/v2\/types\/page"}],"author":[{"embeddable":true,"href":"https:\/\/globalforceresource.com\/de\/wp-json\/wp\/v2\/users\/1"}],"replies":[{"embeddable":true,"href":"https:\/\/globalforceresource.com\/de\/wp-json\/wp\/v2\/comments?post=6909"}],"version-history":[{"count":0,"href":"https:\/\/globalforceresource.com\/de\/wp-json\/wp\/v2\/pages\/6909\/revisions"}],"up":[{"embeddable":true,"href":"https:\/\/globalforceresource.com\/de\/wp-json\/wp\/v2\/pages\/6515"}],"wp:attachment":[{"href":"https:\/\/globalforceresource.com\/de\/wp-json\/wp\/v2\/media?parent=6909"}],"curies":[{"name":"wp","href":"https:\/\/api.w.org\/{rel}","templated":true}]}}