{"id":6915,"date":"2026-01-22T08:57:29","date_gmt":"2026-01-22T08:57:29","guid":{"rendered":"https:\/\/globalforceresource.com\/umzug-nach-deutschland\/"},"modified":"2026-01-28T17:19:49","modified_gmt":"2026-01-28T17:19:49","slug":"umzug-nach-deutschland","status":"publish","type":"page","link":"https:\/\/globalforceresource.com\/de\/umzug-nach-deutschland\/","title":{"rendered":"Umzug nach Deutschland"},"content":{"rendered":"\n<h3 class=\"wp-block-heading\"><strong>Warum nach Deutschland umziehen?<\/strong><\/h3>\n\n\n<div class=\"wp-block-image\">\n<figure class=\"alignright size-full is-resized\"><a href=\"https:\/\/globalforceresource.com\/wp-content\/uploads\/2026\/01\/germany.jpg\"><img loading=\"lazy\" decoding=\"async\" width=\"512\" height=\"341\" src=\"https:\/\/globalforceresource.com\/wp-content\/uploads\/2026\/01\/germany.jpg\" alt=\"\" class=\"wp-image-6653\" style=\"aspect-ratio:1.5014963659683624;width:497px;height:auto\" srcset=\"https:\/\/globalforceresource.com\/wp-content\/uploads\/2026\/01\/germany.jpg 512w, https:\/\/globalforceresource.com\/wp-content\/uploads\/2026\/01\/germany-300x200.jpg 300w\" sizes=\"auto, (max-width: 512px) 100vw, 512px\" \/><\/a><\/figure>\n<\/div>\n\n\n<p>F\u00fcr internationale Arbeitssuchende bietet ein Umzug nach Deutschland gute M\u00f6glichkeiten f\u00fcr wirtschaftliche Stabilit\u00e4t, berufliches Wachstum und langfristige Sicherheit. Deutschland hat die gr\u00f6\u00dfte Volkswirtschaft Europas und eine stetige Nachfrage nach Fach- und Hilfskr\u00e4ften in Branchen wie Ingenieurwesen, Fertigung, Gesundheitswesen, IT, Logistik und Bauwesen. Wettbewerbsf\u00e4hige L\u00f6hne, ein starker Arbeitnehmerschutz und ein klarer rechtlicher Rahmen f\u00fcr die Besch\u00e4ftigung bieten einen verl\u00e4sslichen Weg zu einem verbesserten Lebensstandard. Deutschland bietet au\u00dferdem erschwingliche oder kosteng\u00fcnstige Bildung und starke Sozialleistungen, w\u00e4hrend seine Arbeitsvisumwege und potenziellen Wege zum Daueraufenthalt es zu einem attraktiven Ziel f\u00fcr Personen machen, die beruflichen Aufstieg, finanzielle Sicherheit und eine bessere Lebensqualit\u00e4t suchen.   <\/p>\n\n\n\n<p><strong>Wesentliche Vorteile:<\/strong><\/p>\n\n\n\n<ul class=\"wp-block-list\">\n<li>Starke und stabile Wirtschaft mit hoher Nachfrage nach internationalen Arbeitskr\u00e4ften<\/li>\n\n\n\n<li>Wettbewerbsf\u00e4hige L\u00f6hne und starke Arbeitsgesetze zum Schutz der Arbeitnehmer<\/li>\n\n\n\n<li>Breites Spektrum an Arbeitsm\u00f6glichkeiten in qualifizierten und angelernten Bereichen<\/li>\n\n\n\n<li>Klare Wege f\u00fcr Arbeitsvisa und langfristige Aufenthaltsgenehmigungen<\/li>\n\n\n\n<li>Hochwertige \u00f6ffentliche Gesundheitsversorgung und Sozialleistungen<\/li>\n\n\n\n<li>Erschwingliche oder kosteng\u00fcnstige Bildung und Berufsausbildung<\/li>\n\n\n\n<li>Hoher Lebensstandard mit effizienten \u00f6ffentlichen Dienstleistungen und Infrastruktur<\/li>\n\n\n\n<li>Zentrale Lage in Europa, die Mobilit\u00e4t und Karrierem\u00f6glichkeiten in der gesamten EU bietet<\/li>\n<\/ul>\n\n\n\n<p><\/p>\n\n\n\n<figure class=\"wp-block-image size-full\"><a href=\"https:\/\/globalforceresource.com\/de\/umzug-nach-deutschland-informationen-zum-visum\/\"><img loading=\"lazy\" decoding=\"async\" width=\"300\" height=\"172\" src=\"http:\/\/globalforceresource.com\/wp-content\/uploads\/2026\/01\/visa.jpg\" alt=\"\" class=\"wp-image-6609\"\/><\/a><\/figure>\n\n\n\n<p><a href=\"https:\/\/globalforceresource.com\/de\/umzug-nach-deutschland-informationen-zum-visum\/\" data-type=\"page\" data-id=\"6658\">VISA<\/a><\/p>\n\n\n\n<p><a href=\"https:\/\/globalforceresource.com\/de\/umzug-nach-deutschland-informationen-zum-visum\/\" data-type=\"page\" data-id=\"6658\">Erhalten Sie wichtige Informationen zu VISA f\u00fcr Deutschland.<\/a><\/p>\n\n\n\n<figure class=\"wp-block-image size-full\"><a href=\"https:\/\/globalforceresource.com\/de\/umzug-nach-deutschland-gesundheit\/\"><img loading=\"lazy\" decoding=\"async\" width=\"300\" height=\"172\" src=\"https:\/\/globalforceresource.com\/wp-content\/uploads\/2026\/01\/health1-1.jpg\" alt=\"\" class=\"wp-image-6615\"\/><\/a><\/figure>\n\n\n\n<p><a href=\"https:\/\/globalforceresource.com\/de\/umzug-nach-deutschland-gesundheit\/\" data-type=\"page\" data-id=\"6663\">GESUNDHEIT<\/a><\/p>\n\n\n\n<p><a href=\"https:\/\/globalforceresource.com\/de\/umzug-nach-deutschland-gesundheit\/\" data-type=\"page\" data-id=\"6663\">Alles, was Sie \u00fcber Gesundheit und Deutschland wissen m\u00fcssen.<\/a><\/p>\n\n\n\n<figure class=\"wp-block-image size-full\"><a href=\"https:\/\/globalforceresource.com\/de\/nach-deutschland-umziehen-bildung\/\"><img loading=\"lazy\" decoding=\"async\" width=\"300\" height=\"172\" src=\"https:\/\/globalforceresource.com\/wp-content\/uploads\/2026\/01\/edu-1.jpg\" alt=\"\" class=\"wp-image-6616\"\/><\/a><\/figure>\n\n\n\n<p><a href=\"https:\/\/globalforceresource.com\/de\/nach-deutschland-umziehen-bildung\/\" data-type=\"page\" data-id=\"6666\">BILDUNG<\/a><\/p>\n\n\n\n<p><a href=\"https:\/\/globalforceresource.com\/de\/nach-deutschland-umziehen-bildung\/\" data-type=\"page\" data-id=\"6666\">Alles, was Sie \u00fcber Bildung in Down Under wissen m\u00fcssen.<\/a><\/p>\n\n\n\n<figure class=\"wp-block-image size-full is-resized\"><a href=\"https:\/\/globalforceresource.com\/de\/nach-deutschland-umziehen-unterkunft\/\"><img loading=\"lazy\" decoding=\"async\" width=\"512\" height=\"341\" src=\"https:\/\/globalforceresource.com\/wp-content\/uploads\/2026\/01\/accomodation-photo-6.jpg\" alt=\"\" class=\"wp-image-6798\" style=\"aspect-ratio:1.5015384615384615;width:303px;height:auto\" srcset=\"https:\/\/globalforceresource.com\/wp-content\/uploads\/2026\/01\/accomodation-photo-6.jpg 512w, https:\/\/globalforceresource.com\/wp-content\/uploads\/2026\/01\/accomodation-photo-6-300x200.jpg 300w\" sizes=\"auto, (max-width: 512px) 100vw, 512px\" \/><\/a><\/figure>\n\n\n\n<p><a href=\"https:\/\/globalforceresource.com\/de\/nach-deutschland-umziehen-unterkunft\/\" data-type=\"page\" data-id=\"6661\">UNTERKUNFT<\/a><\/p>\n\n\n\n<p><a href=\"https:\/\/globalforceresource.com\/de\/nach-deutschland-umziehen-unterkunft\/\" data-type=\"page\" data-id=\"6661\">Lassen Sie sich bei der Suche nach einer Unterkunft in Deutschland helfen.<\/a><\/p>\n","protected":false},"excerpt":{"rendered":"<p>Warum nach Deutschland umziehen? F\u00fcr internationale Arbeitssuchende bietet ein Umzug nach Deutschland gute M\u00f6glichkeiten f\u00fcr wirtschaftliche Stabilit\u00e4t, berufliches Wachstum und langfristige Sicherheit. Deutschland hat die gr\u00f6\u00dfte Volkswirtschaft Europas und eine stetige Nachfrage nach Fach- und Hilfskr\u00e4ften in Branchen wie Ingenieurwesen, Fertigung, Gesundheitswesen, IT, Logistik und Bauwesen. Wettbewerbsf\u00e4hige L\u00f6hne, ein starker Arbeitnehmerschutz und ein klarer rechtlicher Rahmen f\u00fcr die Besch\u00e4ftigung bieten einen verl\u00e4sslichen Weg zu einem verbesserten Lebensstandard. Deutschland bietet au\u00dferdem erschwingliche oder kosteng\u00fcnstige Bildung und starke Sozialleistungen, w\u00e4hrend seine Arbeitsvisumwege und potenziellen Wege zum Daueraufenthalt es zu einem attraktiven Ziel f\u00fcr Personen machen, die beruflichen Aufstieg, finanzielle Sicherheit und eine bessere Lebensqualit\u00e4t suchen. Wesentliche Vorteile: VISA Erhalten Sie wichtige Informationen<\/p>\n","protected":false},"author":32,"featured_media":0,"parent":0,"menu_order":0,"comment_status":"closed","ping_status":"closed","template":"","meta":{"footnotes":""},"class_list":["post-6915","page","type-page","status-publish","hentry"],"_links":{"self":[{"href":"https:\/\/globalforceresource.com\/de\/wp-json\/wp\/v2\/pages\/6915","targetHints":{"allow":["GET"]}}],"collection":[{"href":"https:\/\/globalforceresource.com\/de\/wp-json\/wp\/v2\/pages"}],"about":[{"href":"https:\/\/globalforceresource.com\/de\/wp-json\/wp\/v2\/types\/page"}],"author":[{"embeddable":true,"href":"https:\/\/globalforceresource.com\/de\/wp-json\/wp\/v2\/users\/32"}],"replies":[{"embeddable":true,"href":"https:\/\/globalforceresource.com\/de\/wp-json\/wp\/v2\/comments?post=6915"}],"version-history":[{"count":2,"href":"https:\/\/globalforceresource.com\/de\/wp-json\/wp\/v2\/pages\/6915\/revisions"}],"predecessor-version":[{"id":7044,"href":"https:\/\/globalforceresource.com\/de\/wp-json\/wp\/v2\/pages\/6915\/revisions\/7044"}],"wp:attachment":[{"href":"https:\/\/globalforceresource.com\/de\/wp-json\/wp\/v2\/media?parent=6915"}],"curies":[{"name":"wp","href":"https:\/\/api.w.org\/{rel}","templated":true}]}}