{"id":6935,"date":"2026-01-22T09:31:35","date_gmt":"2026-01-22T09:31:35","guid":{"rendered":"https:\/\/globalforceresource.com\/umzug-nach-irland-gesundheit\/"},"modified":"2026-01-28T11:06:22","modified_gmt":"2026-01-28T11:06:22","slug":"umzug-nach-irland-gesundheit","status":"publish","type":"page","link":"https:\/\/globalforceresource.com\/de\/umzug-nach-irland-gesundheit\/","title":{"rendered":"Umzug nach Irland \u2013 Gesundheit"},"content":{"rendered":"\n<figure class=\"wp-block-image\"><a href=\"http:\/\/globalforceresource.com\/wp-content\/uploads\/2015\/01\/HEALTH1.jpg\"><img loading=\"lazy\" decoding=\"async\" width=\"159\" height=\"41\" src=\"http:\/\/globalforceresource.com\/wp-content\/uploads\/2015\/01\/HEALTH1.jpg\" alt=\"GESUNDHEIT\" class=\"wp-image-2365\"\/><\/a><\/figure>\n\n<p>Irland verf\u00fcgt \u00fcber ein hochentwickeltes Gesundheitssystem, das \u00f6ffentliche und private Leistungen kombiniert und Einwohnern Zugang zu hochwertiger medizinischer Versorgung bietet. Sobald Sie sich legal in Irland aufhalten, k\u00f6nnen Sie das \u00f6ffentliche Gesundheitssystem nutzen, das Krankenhausversorgung, Mutterschaftsleistungen und Notfallbehandlungen abdeckt, wobei f\u00fcr nicht dringende Leistungen Wartezeiten entstehen k\u00f6nnen. Viele Einwohner entscheiden sich auch f\u00fcr eine private Krankenversicherung, um schnelleren Zugang zu Fach\u00e4rzten und Krankenh\u00e4usern zu erhalten. Allgemeinmediziner (GPs) sind im ganzen Land weit verbreitet und dienen als erste Anlaufstelle f\u00fcr die meisten medizinischen Bed\u00fcrfnisse. Irland legt gro\u00dfen Wert auf Patientensicherheit, hohe medizinische Standards und Pr\u00e4ventivversorgung, was es zu einer zuverl\u00e4ssigen und beruhigenden Gesundheitsumgebung f\u00fcr Einzelpersonen und Familien macht, die aus dem Ausland umziehen.    <\/p>\n\n<p><strong>Zur\u00fcck zum Umzug nach <a href=\"https:\/\/globalforceresource.com\/why-relocate-to-ireland\/\" data-type=\"page\" data-id=\"5561\">Irland<\/a><\/strong><\/p>\n","protected":false},"excerpt":{"rendered":"<p>Irland verf\u00fcgt \u00fcber ein hochentwickeltes Gesundheitssystem, das \u00f6ffentliche und private Leistungen kombiniert und Einwohnern Zugang zu hochwertiger medizinischer Versorgung bietet. Sobald Sie sich legal in Irland aufhalten, k\u00f6nnen Sie das \u00f6ffentliche Gesundheitssystem nutzen, das Krankenhausversorgung, Mutterschaftsleistungen und Notfallbehandlungen abdeckt, wobei f\u00fcr nicht dringende Leistungen Wartezeiten entstehen k\u00f6nnen. Viele Einwohner entscheiden sich auch f\u00fcr eine private Krankenversicherung, um schnelleren Zugang zu Fach\u00e4rzten und Krankenh\u00e4usern zu erhalten. Allgemeinmediziner (GPs) sind im ganzen Land weit verbreitet und dienen als erste Anlaufstelle f\u00fcr die meisten medizinischen Bed\u00fcrfnisse. Irland legt gro\u00dfen Wert auf Patientensicherheit, hohe medizinische Standards und Pr\u00e4ventivversorgung, was es zu einer zuverl\u00e4ssigen und beruhigenden Gesundheitsumgebung f\u00fcr Einzelpersonen und Familien macht, die aus dem<\/p>\n","protected":false},"author":32,"featured_media":0,"parent":0,"menu_order":0,"comment_status":"closed","ping_status":"closed","template":"","meta":{"footnotes":""},"class_list":["post-6935","page","type-page","status-publish","hentry"],"_links":{"self":[{"href":"https:\/\/globalforceresource.com\/de\/wp-json\/wp\/v2\/pages\/6935","targetHints":{"allow":["GET"]}}],"collection":[{"href":"https:\/\/globalforceresource.com\/de\/wp-json\/wp\/v2\/pages"}],"about":[{"href":"https:\/\/globalforceresource.com\/de\/wp-json\/wp\/v2\/types\/page"}],"author":[{"embeddable":true,"href":"https:\/\/globalforceresource.com\/de\/wp-json\/wp\/v2\/users\/32"}],"replies":[{"embeddable":true,"href":"https:\/\/globalforceresource.com\/de\/wp-json\/wp\/v2\/comments?post=6935"}],"version-history":[{"count":1,"href":"https:\/\/globalforceresource.com\/de\/wp-json\/wp\/v2\/pages\/6935\/revisions"}],"predecessor-version":[{"id":6936,"href":"https:\/\/globalforceresource.com\/de\/wp-json\/wp\/v2\/pages\/6935\/revisions\/6936"}],"wp:attachment":[{"href":"https:\/\/globalforceresource.com\/de\/wp-json\/wp\/v2\/media?parent=6935"}],"curies":[{"name":"wp","href":"https:\/\/api.w.org\/{rel}","templated":true}]}}