{"id":6937,"date":"2026-01-22T09:22:02","date_gmt":"2026-01-22T09:22:02","guid":{"rendered":"https:\/\/globalforceresource.com\/umzug-nach-irland-visa-informationen\/"},"modified":"2026-01-28T15:47:41","modified_gmt":"2026-01-28T15:47:41","slug":"umzug-nach-irland-visa-informationen","status":"publish","type":"page","link":"https:\/\/globalforceresource.com\/de\/umzug-nach-irland-visa-informationen\/","title":{"rendered":"Umzug nach Irland \u2013 Visa-Informationen"},"content":{"rendered":"\n<figure class=\"wp-block-image\"><img loading=\"lazy\" decoding=\"async\" width=\"300\" height=\"51\" src=\"http:\/\/globalforceresource.com\/wp-content\/uploads\/2015\/01\/VISA-INFO-300x51.jpg\" alt=\"VISA-INFO\" class=\"wp-image-2362\"\/><\/figure>\n\n<p>1. Sie ben\u00f6tigen in der Regel sowohl eine Arbeitserlaubnis als auch ein Visum<br\/>Wenn Sie kein Staatsb\u00fcrger der EU\/des EWR\/des Vereinigten K\u00f6nigreichs\/der Schweiz sind, m\u00fcssen Sie zuerst eine Arbeitserlaubnis einholen, bevor Sie legal in Irland arbeiten d\u00fcrfen. Sobald Sie die Erlaubnis haben, m\u00fcssen Sie ein entsprechendes Arbeitsvisum beantragen (wenn Ihre Staatsangeh\u00f6rigkeit ein Visum f\u00fcr die Einreise nach Irland erfordert), bevor Sie reisen.  <\/p>\n\n<p>2. Arten von Arbeitserlaubnissen<br\/>Irland bietet verschiedene Haupttypen von Arbeitserlaubnissen f\u00fcr internationale Arbeitnehmer an:<\/p>\n\n<ul class=\"wp-block-list\">\n<li>Critical Skills Employment Permit: F\u00fcr hochqualifizierte Positionen (z. B. IKT, Ingenieurwesen, Gesundheitswesen). Diese Genehmigung hat h\u00f6here Gehaltsschwellen und soll Talente anziehen und schneller zu einem langfristigen Aufenthaltsrecht f\u00fchren.  <\/li>\n\n\n\n<li>General Employment Permit: Deckt ein breiteres Spektrum an Arbeitspl\u00e4tzen ab, erfordert aber in der Regel ein j\u00e4hrliches Mindestgehalt (\u00fcblicherweise um die 30.000 \u20ac) und einen Test des Arbeitsmarktes, um nachzuweisen, dass die Stelle nicht von einem EWR-\/Schweizer Arbeitnehmer besetzt werden konnte. <\/li>\n\n\n\n<li>Weitere spezielle Genehmigungen umfassen Intra-Company Transfer, Hosting Agreement Scheme f\u00fcr Forscher und Genehmigungen f\u00fcr Krankenschwestern oder bestimmte Sektoren. <\/li>\n<\/ul>\n\n<p>3. Wichtige Voraussetzungen vor der Antragstellung<\/p>\n\n<ul class=\"wp-block-list\">\n<li>Sie m\u00fcssen ein best\u00e4tigtes Stellenangebot von einem Arbeitgeber in Irland haben. <\/li>\n\n\n\n<li>Arbeitgeber m\u00fcssen in der Regel die Einhaltung des irischen Arbeitsrechts nachweisen und f\u00fcr einige Genehmigungen nachweisen, dass die Stelle lokalen\/EWR-Arbeitssuchenden angeboten wurde. <\/li>\n\n\n\n<li>Der Arbeitsvertrag, der Nachweis Ihrer Qualifikationen und der Nachweis der Gehaltsanforderungen sind Teil des Antragsverfahrens. <\/li>\n<\/ul>\n\n<p>4. Visumantrag<br\/>Nachdem die Arbeitserlaubnis erteilt wurde, beantragen Sie, wenn Sie aus einem Land kommen, das ein Visum f\u00fcr die Einreise nach Irland ben\u00f6tigt, ein Langzeitvisum (D) f\u00fcr die Besch\u00e4ftigung von Ihrem Heimatland aus bis etwa drei Monate vor Reiseantritt.<\/p>\n\n<p>5. Aufenthaltsrecht und langfristige Optionen<br\/>Sobald Sie in Irland leben und arbeiten und \u00fcber qualifizierende Genehmigungen f\u00fcr eine bestimmte Anzahl von Jahren (in der Regel etwa 60 Monate) verf\u00fcgen, k\u00f6nnen Sie m\u00f6glicherweise eine langfristige Aufenthaltsgenehmigung erhalten. <\/p>\n\n<p><strong>Zur\u00fcck zum Umzug nach <a href=\"https:\/\/globalforceresource.com\/why-relocate-to-ireland\/\" data-type=\"page\" data-id=\"5561\">Irland<\/a><\/strong><\/p>\n","protected":false},"excerpt":{"rendered":"<p>1. Sie ben\u00f6tigen in der Regel sowohl eine Arbeitserlaubnis als auch ein VisumWenn Sie kein Staatsb\u00fcrger der EU\/des EWR\/des Vereinigten K\u00f6nigreichs\/der Schweiz sind, m\u00fcssen Sie zuerst eine Arbeitserlaubnis einholen, bevor Sie legal in Irland arbeiten d\u00fcrfen. Sobald Sie die Erlaubnis haben, m\u00fcssen Sie ein entsprechendes Arbeitsvisum beantragen (wenn Ihre Staatsangeh\u00f6rigkeit ein Visum f\u00fcr die Einreise nach Irland erfordert), bevor Sie reisen. 2. Arten von ArbeitserlaubnissenIrland bietet verschiedene Haupttypen von Arbeitserlaubnissen f\u00fcr internationale Arbeitnehmer an: 3. Wichtige Voraussetzungen vor der Antragstellung 4. VisumantragNachdem die Arbeitserlaubnis erteilt wurde, beantragen Sie, wenn Sie aus einem Land kommen, das ein Visum f\u00fcr die Einreise nach Irland ben\u00f6tigt, ein Langzeitvisum (D) f\u00fcr die Besch\u00e4ftigung von<\/p>\n","protected":false},"author":32,"featured_media":0,"parent":0,"menu_order":0,"comment_status":"closed","ping_status":"closed","template":"","meta":{"footnotes":""},"class_list":["post-6937","page","type-page","status-publish","hentry"],"_links":{"self":[{"href":"https:\/\/globalforceresource.com\/de\/wp-json\/wp\/v2\/pages\/6937","targetHints":{"allow":["GET"]}}],"collection":[{"href":"https:\/\/globalforceresource.com\/de\/wp-json\/wp\/v2\/pages"}],"about":[{"href":"https:\/\/globalforceresource.com\/de\/wp-json\/wp\/v2\/types\/page"}],"author":[{"embeddable":true,"href":"https:\/\/globalforceresource.com\/de\/wp-json\/wp\/v2\/users\/32"}],"replies":[{"embeddable":true,"href":"https:\/\/globalforceresource.com\/de\/wp-json\/wp\/v2\/comments?post=6937"}],"version-history":[{"count":7,"href":"https:\/\/globalforceresource.com\/de\/wp-json\/wp\/v2\/pages\/6937\/revisions"}],"predecessor-version":[{"id":7008,"href":"https:\/\/globalforceresource.com\/de\/wp-json\/wp\/v2\/pages\/6937\/revisions\/7008"}],"wp:attachment":[{"href":"https:\/\/globalforceresource.com\/de\/wp-json\/wp\/v2\/media?parent=6937"}],"curies":[{"name":"wp","href":"https:\/\/api.w.org\/{rel}","templated":true}]}}