{"id":6961,"date":"2015-01-29T17:31:43","date_gmt":"2015-01-29T17:31:43","guid":{"rendered":"https:\/\/globalforceresource.com\/umzug-nach-australien-bildung\/"},"modified":"2015-01-29T17:31:43","modified_gmt":"2015-01-29T17:31:43","slug":"umzug-nach-australien-bildung","status":"publish","type":"page","link":"https:\/\/globalforceresource.com\/de\/umzug-nach-australien-bildung\/","title":{"rendered":"Umzug nach Australien \u2013 Bildung"},"content":{"rendered":"<p><img loading=\"lazy\" decoding=\"async\" class=\"alignnone size-full wp-image-2366\" src=\"http:\/\/globalforceresource.com\/wp-content\/uploads\/2015\/01\/EDUCATION.jpg\" alt=\"BILDUNG\" width=\"214\" height=\"35\"><\/p>\n<p>\u00d6ffentliche Schulen sind kostenlos, mit Ausnahme eines freiwilligen Beitrags pro Jahr. Wie in Irland besuchen die meisten Kinder \u00f6ffentliche Schulen, w\u00e4hrend eine Minderheit Privatschulen besucht. Die meisten \u00f6ffentlichen Schulen sind offen, d. h. sie nehmen jedes Kind in ihrem Einzugsgebiet auf, aber einige verlangen von Studieninteressierten, Aufnahmepr\u00fcfungen abzulegen. Diese Schulen gelten als angesehener und stehen Inhabern eines permanenten Visums offen. Weitere Informationen zum Lehrplan finden Sie unter <a href=\"http:\/\/www.australiancurriculum.edu.au\">www.australiancurriculum.edu.au<\/a>. Die Geb\u00fchren f\u00fcr Privatschulen betragen ab 20.000 $ (14.000 \u20ac) pro Jahr und sind f\u00fcr Nichtans\u00e4ssige in der Regel bis zu 50 Prozent h\u00f6her.     <\/p>\n<p>Informationen zu Studiengeb\u00fchren, Subventionen und Studentenkrediten finden Sie unter studyassist.gov.au.<\/p>\n<p><strong>Zur\u00fcck zu Umzug<a title=\"Relocate Australia\" href=\"https:\/\/globalforceresource.com\/relocate-australia\/\"> Australien<\/a><\/strong><\/p>\n","protected":false},"excerpt":{"rendered":"<p>\u00d6ffentliche Schulen sind kostenlos, mit Ausnahme eines freiwilligen Beitrags pro Jahr. Wie in Irland besuchen die meisten Kinder \u00f6ffentliche Schulen, w\u00e4hrend eine Minderheit Privatschulen besucht. Die meisten \u00f6ffentlichen Schulen sind offen, d. h. sie nehmen jedes Kind in ihrem Einzugsgebiet auf, aber einige verlangen von Studieninteressierten, Aufnahmepr\u00fcfungen abzulegen. Diese Schulen gelten als angesehener und stehen Inhabern eines permanenten Visums offen. Weitere Informationen zum Lehrplan finden Sie unter www.australiancurriculum.edu.au. Die Geb\u00fchren f\u00fcr Privatschulen betragen ab 20.000 $ (14.000 \u20ac) pro Jahr und sind f\u00fcr Nichtans\u00e4ssige in der Regel bis zu 50 Prozent h\u00f6her. Informationen zu Studiengeb\u00fchren, Subventionen und Studentenkrediten finden Sie unter studyassist.gov.au. Zur\u00fcck zu Umzug Australien<\/p>\n","protected":false},"author":1,"featured_media":0,"parent":0,"menu_order":0,"comment_status":"closed","ping_status":"closed","template":"","meta":{"footnotes":""},"class_list":["post-6961","page","type-page","status-publish","hentry"],"_links":{"self":[{"href":"https:\/\/globalforceresource.com\/de\/wp-json\/wp\/v2\/pages\/6961","targetHints":{"allow":["GET"]}}],"collection":[{"href":"https:\/\/globalforceresource.com\/de\/wp-json\/wp\/v2\/pages"}],"about":[{"href":"https:\/\/globalforceresource.com\/de\/wp-json\/wp\/v2\/types\/page"}],"author":[{"embeddable":true,"href":"https:\/\/globalforceresource.com\/de\/wp-json\/wp\/v2\/users\/1"}],"replies":[{"embeddable":true,"href":"https:\/\/globalforceresource.com\/de\/wp-json\/wp\/v2\/comments?post=6961"}],"version-history":[{"count":0,"href":"https:\/\/globalforceresource.com\/de\/wp-json\/wp\/v2\/pages\/6961\/revisions"}],"wp:attachment":[{"href":"https:\/\/globalforceresource.com\/de\/wp-json\/wp\/v2\/media?parent=6961"}],"curies":[{"name":"wp","href":"https:\/\/api.w.org\/{rel}","templated":true}]}}