{"id":6962,"date":"2015-01-29T17:32:56","date_gmt":"2015-01-29T17:32:56","guid":{"rendered":"https:\/\/globalforceresource.com\/relocate-australia-unterkunft\/"},"modified":"2015-01-29T17:32:56","modified_gmt":"2015-01-29T17:32:56","slug":"relocate-australia-unterkunft","status":"publish","type":"page","link":"https:\/\/globalforceresource.com\/de\/relocate-australia-unterkunft\/","title":{"rendered":"Relocate Australia \u2013 Unterkunft"},"content":{"rendered":"<p><img loading=\"lazy\" decoding=\"async\" class=\"alignnone size-full wp-image-2360\" src=\"http:\/\/globalforceresource.com\/wp-content\/uploads\/2015\/01\/ACCOMADITION.jpg\" alt=\"UNTERKUNFT\" width=\"296\" height=\"39\"><\/p>\n<p>Mietobjekte sind in den australischen Gro\u00dfst\u00e4dten nicht billig. Immobilien in der N\u00e4he der Stadt oder in den begehrten Vororten k\u00f6nnen extrem teuer sein. Der Wettbewerb ist ebenfalls sehr gro\u00df, seien Sie also darauf vorbereitet, eine Anzahlung und alle notwendigen Unterlagen mitzubringen.  <\/p>\n<p>Australische Vermieter ben\u00f6tigen mehr Unterlagen von Mietern, und ein Teil der Vorbereitung hierf\u00fcr sollte erfolgen, bevor Sie nach Australien abreisen. Sie ben\u00f6tigen einen Lichtbildausweis, einen Nachweis \u00fcber Ihre aktuelle Besch\u00e4ftigung und Ihr Gehalt, ein Schreiben, aus dem hervorgeht, dass Sie ein australisches Bankkonto haben, zwei Leumundszeugnisse und ein Schreiben eines fr\u00fcheren Vermieters. <\/p>\n<p>Eine anerkannte Schwierigkeit besteht darin, dass die Entfernung zwischen Australien und den meisten europ\u00e4ischen L\u00e4ndern bedeutet, dass die meisten Menschen vor dem Umzug keinen Besuch abstatten k\u00f6nnen und Vermieter keine Immobilien an Mieter vermieten d\u00fcrfen, die sie nicht gesehen haben. Eine gr\u00fcndliche Recherche im Voraus ist unerl\u00e4sslich, und es ist ratsam, Zeit f\u00fcr die Suche nach einer Unterkunft einzuplanen, bevor Sie Ihre Arbeit aufnehmen. Sie k\u00f6nnen vor\u00fcbergehend m\u00f6blierte Unterk\u00fcnfte \u00fcber Websites wie Rentahome.com.au und Stayz.com.au mieten, w\u00e4hrend Sie nach einem dauerhafteren Zuhause suchen.  <\/p>\n<p>Mieter m\u00fcssen in der Regel eine Monatsmiete im Voraus sowie eine Mietkaution entrichten, die in der Regel einer zus\u00e4tzlichen Monatsmiete entspricht. Mietobjekte werden in der Regel unm\u00f6bliert vermietet. Schauen Sie sich <a href=\"http:\/\/www.gumtree.au\">Gumtree<\/a> an, um Ihre Wohnung kosteng\u00fcnstiger einzurichten.  <\/p>\n<p><strong>Zur\u00fcck zu Relocate <a title=\"Relocate Australia\" href=\"https:\/\/globalforceresource.com\/relocate-australia\/\">Australia<\/a><\/strong><\/p>\n","protected":false},"excerpt":{"rendered":"<p>Mietobjekte sind in den australischen Gro\u00dfst\u00e4dten nicht billig. Immobilien in der N\u00e4he der Stadt oder in den begehrten Vororten k\u00f6nnen extrem teuer sein. Der Wettbewerb ist ebenfalls sehr gro\u00df, seien Sie also darauf vorbereitet, eine Anzahlung und alle notwendigen Unterlagen mitzubringen. Australische Vermieter ben\u00f6tigen mehr Unterlagen von Mietern, und ein Teil der Vorbereitung hierf\u00fcr sollte erfolgen, bevor Sie nach Australien abreisen. Sie ben\u00f6tigen einen Lichtbildausweis, einen Nachweis \u00fcber Ihre aktuelle Besch\u00e4ftigung und Ihr Gehalt, ein Schreiben, aus dem hervorgeht, dass Sie ein australisches Bankkonto haben, zwei Leumundszeugnisse und ein Schreiben eines fr\u00fcheren Vermieters. Eine anerkannte Schwierigkeit besteht darin, dass die Entfernung zwischen Australien und den meisten europ\u00e4ischen L\u00e4ndern bedeutet, dass<\/p>\n","protected":false},"author":1,"featured_media":0,"parent":0,"menu_order":0,"comment_status":"closed","ping_status":"closed","template":"","meta":{"footnotes":""},"class_list":["post-6962","page","type-page","status-publish","hentry"],"_links":{"self":[{"href":"https:\/\/globalforceresource.com\/de\/wp-json\/wp\/v2\/pages\/6962","targetHints":{"allow":["GET"]}}],"collection":[{"href":"https:\/\/globalforceresource.com\/de\/wp-json\/wp\/v2\/pages"}],"about":[{"href":"https:\/\/globalforceresource.com\/de\/wp-json\/wp\/v2\/types\/page"}],"author":[{"embeddable":true,"href":"https:\/\/globalforceresource.com\/de\/wp-json\/wp\/v2\/users\/1"}],"replies":[{"embeddable":true,"href":"https:\/\/globalforceresource.com\/de\/wp-json\/wp\/v2\/comments?post=6962"}],"version-history":[{"count":0,"href":"https:\/\/globalforceresource.com\/de\/wp-json\/wp\/v2\/pages\/6962\/revisions"}],"wp:attachment":[{"href":"https:\/\/globalforceresource.com\/de\/wp-json\/wp\/v2\/media?parent=6962"}],"curies":[{"name":"wp","href":"https:\/\/api.w.org\/{rel}","templated":true}]}}