{"id":6963,"date":"2015-01-29T17:29:45","date_gmt":"2015-01-29T17:29:45","guid":{"rendered":"https:\/\/globalforceresource.com\/umzug-nach-australien-gesundheit\/"},"modified":"2015-01-29T17:29:45","modified_gmt":"2015-01-29T17:29:45","slug":"umzug-nach-australien-gesundheit","status":"publish","type":"page","link":"https:\/\/globalforceresource.com\/de\/umzug-nach-australien-gesundheit\/","title":{"rendered":"Umzug nach Australien \u2013 Gesundheit"},"content":{"rendered":"<p><img loading=\"lazy\" decoding=\"async\" class=\"alignnone size-full wp-image-2365\" src=\"http:\/\/globalforceresource.com\/wp-content\/uploads\/2015\/01\/HEALTH1.jpg\" alt=\"GESUNDHEIT\" width=\"159\" height=\"41\"><\/p>\n<p>Das australische Gesundheitssystem ist f\u00fcr seine Erschwinglichkeit und Zug\u00e4nglichkeit bekannt. Es gibt sowohl die M\u00f6glichkeit der \u00f6ffentlichen als auch der privaten Gesundheitsversorgung. <\/p>\n<ul>\n<li>Wer Anspruch auf einen dauerhaften Wohnsitz hat, kann sich f\u00fcr das \u00f6ffentliche Gesundheitssystem Medicare anmelden, das eine Vielzahl kostenloser medizinischer Behandlungen anbietet.<\/li>\n<li>Auch ohne Medicare haben Sie Anspruch auf sofortige Behandlung im \u00f6ffentlichen Gesundheitssystem bei dringenden Gesundheitsproblemen, da Irland und Australien in diesem Bereich ein Gegenseitigkeitsabkommen haben.<\/li>\n<li>In Bezug auf die private Gesundheitsversorgung gew\u00e4hrt die australische Regierung einen Zuschuss (ca. 30 %) f\u00fcr diejenigen, die eine private Krankenversicherung abschlie\u00dfen.<\/li>\n<li>Wie in Irland gelten Wartezeiten f\u00fcr den Versicherungsschutz bei bereits bestehenden Erkrankungen, und nicht alle Policen decken die vollen Kosten aller Behandlungen ab. Lesen Sie daher das Kleingedruckte sorgf\u00e4ltig durch.<\/li>\n<\/ul>\n<p><strong>Zur\u00fcck zu Relocate <a title=\"Relocate Australia\" href=\"https:\/\/globalforceresource.com\/relocate-australia\/\">Australia<\/a><\/strong><\/p>\n","protected":false},"excerpt":{"rendered":"<p>Das australische Gesundheitssystem ist f\u00fcr seine Erschwinglichkeit und Zug\u00e4nglichkeit bekannt. Es gibt sowohl die M\u00f6glichkeit der \u00f6ffentlichen als auch der privaten Gesundheitsversorgung. Wer Anspruch auf einen dauerhaften Wohnsitz hat, kann sich f\u00fcr das \u00f6ffentliche Gesundheitssystem Medicare anmelden, das eine Vielzahl kostenloser medizinischer Behandlungen anbietet. Auch ohne Medicare haben Sie Anspruch auf sofortige Behandlung im \u00f6ffentlichen Gesundheitssystem bei dringenden Gesundheitsproblemen, da Irland und Australien in diesem Bereich ein Gegenseitigkeitsabkommen haben. In Bezug auf die private Gesundheitsversorgung gew\u00e4hrt die australische Regierung einen Zuschuss (ca. 30 %) f\u00fcr diejenigen, die eine private Krankenversicherung abschlie\u00dfen. Wie in Irland gelten Wartezeiten f\u00fcr den Versicherungsschutz bei bereits bestehenden Erkrankungen, und nicht alle Policen decken die vollen<\/p>\n","protected":false},"author":1,"featured_media":0,"parent":0,"menu_order":0,"comment_status":"closed","ping_status":"closed","template":"","meta":{"footnotes":""},"class_list":["post-6963","page","type-page","status-publish","hentry"],"_links":{"self":[{"href":"https:\/\/globalforceresource.com\/de\/wp-json\/wp\/v2\/pages\/6963","targetHints":{"allow":["GET"]}}],"collection":[{"href":"https:\/\/globalforceresource.com\/de\/wp-json\/wp\/v2\/pages"}],"about":[{"href":"https:\/\/globalforceresource.com\/de\/wp-json\/wp\/v2\/types\/page"}],"author":[{"embeddable":true,"href":"https:\/\/globalforceresource.com\/de\/wp-json\/wp\/v2\/users\/1"}],"replies":[{"embeddable":true,"href":"https:\/\/globalforceresource.com\/de\/wp-json\/wp\/v2\/comments?post=6963"}],"version-history":[{"count":0,"href":"https:\/\/globalforceresource.com\/de\/wp-json\/wp\/v2\/pages\/6963\/revisions"}],"wp:attachment":[{"href":"https:\/\/globalforceresource.com\/de\/wp-json\/wp\/v2\/media?parent=6963"}],"curies":[{"name":"wp","href":"https:\/\/api.w.org\/{rel}","templated":true}]}}