{"id":6964,"date":"2026-01-22T10:44:09","date_gmt":"2026-01-22T10:44:09","guid":{"rendered":"https:\/\/globalforceresource.com\/umzug-nach-deutschland-gesundheit\/"},"modified":"2026-01-28T11:41:34","modified_gmt":"2026-01-28T11:41:34","slug":"umzug-nach-deutschland-gesundheit","status":"publish","type":"page","link":"https:\/\/globalforceresource.com\/de\/umzug-nach-deutschland-gesundheit\/","title":{"rendered":"Umzug nach Deutschland \u2013 Gesundheit"},"content":{"rendered":"\n<figure class=\"wp-block-image\"><a href=\"http:\/\/globalforceresource.com\/wp-content\/uploads\/2015\/01\/HEALTH1.jpg\"><img loading=\"lazy\" decoding=\"async\" width=\"159\" height=\"41\" src=\"http:\/\/globalforceresource.com\/wp-content\/uploads\/2015\/01\/HEALTH1.jpg\" alt=\"GESUNDHEIT\" class=\"wp-image-2365\"\/><\/a><\/figure>\n\n<p>Deutschland bietet eines der st\u00e4rksten und zuverl\u00e4ssigsten Gesundheitssysteme in Europa und gew\u00e4hrleistet eine ausgezeichnete medizinische Versorgung f\u00fcr Einwohner und Neuank\u00f6mmlinge gleicherma\u00dfen. Sobald internationale Arbeitnehmer legal in Deutschland besch\u00e4ftigt sind und dort leben, sind sie verpflichtet, eine Krankenversicherung abzuschlie\u00dfen, entweder \u00fcber das \u00f6ffentliche, gesetzliche Krankenversicherungssystem oder \u00fcber eine anerkannte private Versicherung. Die \u00f6ffentliche Krankenversicherung deckt Arztbesuche, Krankenhausbehandlungen, Notfallversorgung, Mutterschaftsleistungen und verschreibungspflichtige Medikamente ab, wobei landesweit hohe Versorgungsstandards gelten. \u00c4rzte und Krankenh\u00e4user sind gut ausgestattet, die Wartezeiten sind in der Regel angemessen und die Patienten haben die freie Wahl ihrer Gesundheitsdienstleister. Deutschlands umfassende Krankenversicherung, der starke Patientenschutz und die Betonung der Pr\u00e4ventivmedizin bieten internationale Arbeitssuchende und ihre Familien, die in das Land umziehen, Sicherheit und ein gutes Gef\u00fchl.    <\/p>\n\n<p><strong>Zur\u00fcck zum Umzug nach <a href=\"https:\/\/globalforceresource.com\/relocate-germany\/\" data-type=\"page\" data-id=\"6579\">Deutschland<\/a><\/strong><\/p>\n","protected":false},"excerpt":{"rendered":"<p>Deutschland bietet eines der st\u00e4rksten und zuverl\u00e4ssigsten Gesundheitssysteme in Europa und gew\u00e4hrleistet eine ausgezeichnete medizinische Versorgung f\u00fcr Einwohner und Neuank\u00f6mmlinge gleicherma\u00dfen. Sobald internationale Arbeitnehmer legal in Deutschland besch\u00e4ftigt sind und dort leben, sind sie verpflichtet, eine Krankenversicherung abzuschlie\u00dfen, entweder \u00fcber das \u00f6ffentliche, gesetzliche Krankenversicherungssystem oder \u00fcber eine anerkannte private Versicherung. Die \u00f6ffentliche Krankenversicherung deckt Arztbesuche, Krankenhausbehandlungen, Notfallversorgung, Mutterschaftsleistungen und verschreibungspflichtige Medikamente ab, wobei landesweit hohe Versorgungsstandards gelten. \u00c4rzte und Krankenh\u00e4user sind gut ausgestattet, die Wartezeiten sind in der Regel angemessen und die Patienten haben die freie Wahl ihrer Gesundheitsdienstleister. Deutschlands umfassende Krankenversicherung, der starke Patientenschutz und die Betonung der Pr\u00e4ventivmedizin bieten internationale Arbeitssuchende und ihre Familien, die in das Land<\/p>\n","protected":false},"author":32,"featured_media":0,"parent":0,"menu_order":0,"comment_status":"closed","ping_status":"closed","template":"","meta":{"footnotes":""},"class_list":["post-6964","page","type-page","status-publish","hentry"],"_links":{"self":[{"href":"https:\/\/globalforceresource.com\/de\/wp-json\/wp\/v2\/pages\/6964","targetHints":{"allow":["GET"]}}],"collection":[{"href":"https:\/\/globalforceresource.com\/de\/wp-json\/wp\/v2\/pages"}],"about":[{"href":"https:\/\/globalforceresource.com\/de\/wp-json\/wp\/v2\/types\/page"}],"author":[{"embeddable":true,"href":"https:\/\/globalforceresource.com\/de\/wp-json\/wp\/v2\/users\/32"}],"replies":[{"embeddable":true,"href":"https:\/\/globalforceresource.com\/de\/wp-json\/wp\/v2\/comments?post=6964"}],"version-history":[{"count":1,"href":"https:\/\/globalforceresource.com\/de\/wp-json\/wp\/v2\/pages\/6964\/revisions"}],"predecessor-version":[{"id":6965,"href":"https:\/\/globalforceresource.com\/de\/wp-json\/wp\/v2\/pages\/6964\/revisions\/6965"}],"wp:attachment":[{"href":"https:\/\/globalforceresource.com\/de\/wp-json\/wp\/v2\/media?parent=6964"}],"curies":[{"name":"wp","href":"https:\/\/api.w.org\/{rel}","templated":true}]}}