{"id":6987,"date":"2015-01-29T17:42:22","date_gmt":"2015-01-29T17:42:22","guid":{"rendered":"https:\/\/globalforceresource.com\/neuseeland-umziehen-visa-informationen\/"},"modified":"2026-01-28T15:20:16","modified_gmt":"2026-01-28T15:20:16","slug":"neuseeland-umziehen-visa-informationen","status":"publish","type":"page","link":"https:\/\/globalforceresource.com\/de\/neuseeland-umziehen-visa-informationen\/","title":{"rendered":"Neuseeland umziehen \u2013 Visa-Informationen"},"content":{"rendered":"<p><img decoding=\"async\" src=\"http:\/\/globalforceresource.com\/wp-content\/uploads\/2015\/01\/VISA-INFO-300x51.jpg\" alt=\"VISA-INFO\"><br \/>\nDie Website von <a href=\"http:\/\/www.immigration.govt.nz\/migrant\">Immigration New Zealand<\/a> bietet umfassende Informationen zu Visa und kann Ihnen dabei helfen, den richtigen Visumtyp f\u00fcr Ihren Antrag auszuw\u00e4hlen. Auf der Website der neuseel\u00e4ndischen Einwanderungsbeh\u00f6rde gibt es das Tool <a href=\"https:\/\/visaoptions.immigration.govt.nz\/\">VisaOptions<\/a> mit dem Sie das passende Visum f\u00fcr sich finden k\u00f6nnen: <a href=\"http:\/\/tinyurl.com\/3fjnpkg%20\">http:\/\/tinyurl.com\/3fjnpkg<\/a> <\/p>\n<p>Die folgenden Informationen sind eine kurze Zusammenfassung der Visumtypen, die f\u00fcr Bewerber in mechanischen Berufen relevant sind.<\/p>\n<h4><strong>Visum f\u00fcr wesentliche Fachkr\u00e4fte<\/strong><\/h4>\n<p>Wenn Sie ein Jobangebot von einem neuseel\u00e4ndischen Arbeitgeber haben, k\u00f6nnten Sie m\u00f6glicherweise ein befristetes Arbeitsvisum unter der Kategorie \u201eEssential Skills\u201c erhalten. Faktoren, die in der Kategorie \u201eEssential Skills\u201c bewertet werden, umfassen: <\/p>\n<ul>\n<li>Berufe auf der Liste der langfristigen Fachkr\u00e4fteengp\u00e4sse <a href=\"http:\/\/skillshortages.immigration.govt.nz\/\">Long Term Skills Shortage List<\/a><\/li>\n<li>Das Qualifikationsniveau eines Berufs<\/li>\n<li>Die typischen Aufgaben und T\u00e4tigkeiten, die in einem bestimmten Beruf ausgef\u00fchrt werden<\/li>\n<li>Das Qualifikationsniveau und\/oder die erforderliche Berufserfahrung, um in einem bestimmten Beruf t\u00e4tig zu sein.<\/li>\n<\/ul>\n<p>Additional requirements needed include medical checks, police certificates and proof of experience and qualifications.<\/p>\n<p><strong>Dauer:<\/strong> Die Essential Skills Visa werden in der Regel f\u00fcr drei Jahre ausgestellt, unter bestimmten Umst\u00e4nden jedoch auch f\u00fcr bis zu f\u00fcnf Jahre.<\/p>\n<h4><strong>Finden Sie Ihre Optionen heraus:<\/strong><\/h4>\n<ul>\n<li>Website: <a href=\"http:\/\/www.immigration.govt.nz\/\">http:\/\/www.immigration.govt.nz\/<\/a><\/li>\n<li>Weitere Informationen zum Essential Skills Visa: <a href=\"http:\/\/www.immigration.govt.nz\/migrant\/stream\/work\/worktemporarily\/requirements\/essentialwork.htm\">http:\/\/www.immigration.govt.nz\/migrant\/stream\/work\/worktemporarily\/requirements\/essentialwork.htm<\/a><\/li>\n<li>Anruf: +64 9 914 4100 oder +44 203 582 7499<\/li>\n<\/ul>\n<h4><strong>Bewerben: <\/strong><\/h4>\n<p><a href=\"http:\/\/www.immigration.govt.nz\/migrant\/stream\/work\/worktemporarily\/howdoiapply\/essential\/\">http:\/\/www.immigration.govt.nz\/migrant\/stream\/work\/worktemporarily\/howdoiapply\/essential\/<\/a><\/p>\n<h4>Working-Holiday-Visum<\/h4>\n<p>Um ein Working-Holiday-Visum zu beantragen, m\u00fcssen Antr\u00e4ge \u00fcber das Online-System gestellt werden. Sie erhalten innerhalb von f\u00fcnf Werktagen eine E-Mail oder Nachricht, in der entweder das Visum genehmigt oder weitere Informationen angefordert werden. <\/p>\n<ul>\n<li>Sie m\u00fcssen sich f\u00fcr das Working-Holiday-Programm bewerben, das zu Ihrem Reisepass passt.<\/li>\n<li>Ihre Partner\/abh\u00e4ngigen Kinder m\u00fcssen separate Antr\u00e4ge einreichen.<\/li>\n<li>Fragen und Antworten zum Visum: <a href=\"http:\/\/www.immigration.govt.nz\/migrant\/general\/generalinformation\/qanda\/whsonline.htm\">http:\/\/www.immigration.govt.nz\/migrant\/general\/generalinformation\/qanda\/whsonline.htm<\/a><\/li>\n<li><a href=\"http:\/\/www.immigration.govt.nz\/migrant\/stream\/work\/workingholiday\/default.htm\">http:\/\/www.immigration.govt.nz\/migrant\/stream\/work\/workingholiday\/default.htm<\/a><\/li>\n<\/ul>\n<h4><strong>Work to Residence Visum<\/strong><\/h4>\n<p>Wie von <a href=\"http:\/\/www.immigration.govt.nz\/migrant\">Immigration New Zealand<\/a> dargelegt, kann eine vor\u00fcbergehende Besch\u00e4ftigung in Neuseeland als Schritt zum Erhalt des Wohnsitzes genutzt werden. Es gibt vier Str\u00e4nge des Work to Residence-Programms, bei denen es sich um Visagenehmigungen handelt, die es Inhabern erm\u00f6glichen, zu arbeiten, wenn sie die spezifischen Anforderungen erf\u00fcllen. <\/p>\n<p><strong>Dauer:<\/strong> erm\u00f6glicht es Inhabern, 2 Jahre lang zu arbeiten, bevor sie sich f\u00fcr einen Wohnsitz qualifizieren<\/p>\n<p>Generally, mechanical trades will fall into the Long Term Skills Shortage List category. However, we recommend for you to find out your options by: <\/p>\n<ul>\n<li>Website: http:\/\/www.immigration.govt.nz\/<\/li>\n<li>\u201eQuick Check\u201c auf der Website: <a href=\"http:\/\/www.immigration.govt.nz\/migrant\/stream\/work\/worktoresidence\/caniworkinnz\/quickcheck\/\">http:\/\/www.immigration.govt.nz\/migrant\/stream\/work\/worktoresidence\/caniworkinnz\/quickcheck\/<\/a><\/li>\n<li>Anruf: +64 9 914 4100 oder +44 203 582 7499<\/li>\n<\/ul>\n<p><a href=\"http:\/\/www.immigration.govt.nz\/migrant\">Immigration New Zealand<\/a> umrei\u00dft mehrere Voraussetzungen, um sich im Rahmen dieses Programms zu qualifizieren, darunter:<\/p>\n<ul>\n<li>Sie haben ein Stellenangebot, das die spezifischen Anforderungen erf\u00fcllt<\/li>\n<li>Sie sind durch Ausbildung oder Erfahrung ausreichend qualifiziert<\/li>\n<li>Sie sind entweder vollst\u00e4ndig oder vorl\u00e4ufig registriert, wenn Ihr Beruf eine Registrierung in Neuseeland erfordert.<\/li>\n<li>Ihr Wunsch, in Neuseeland zu arbeiten, muss echt sein<\/li>\n<li>\u00c4rztliche Atteste<\/li>\n<li>Polizeiliche F\u00fchrungszeugnisse<\/li>\n<\/ul>\n<p><strong>Antr\u00e4ge:<\/strong> <a href=\"http:\/\/www.immigration.govt.nz\/migrant\/stream\/work\/worktoresidence\/howdoiapply\/\">http:\/\/www.immigration.govt.nz\/migrant\/stream\/work\/worktoresidence\/howdoiapply\/<\/a><\/p>\n<p><strong>Zur\u00fcck zu Umzug nach <a title=\"Umzug nach Neuseeland\" href=\"https:\/\/globalforceresource.com\/relocate-new-zealand\/\">Neuseeland<\/a><\/strong><\/p>\n","protected":false},"excerpt":{"rendered":"<p>Die Website von Immigration New Zealand bietet umfassende Informationen zu Visa und kann Ihnen dabei helfen, den richtigen Visumtyp f\u00fcr Ihren Antrag auszuw\u00e4hlen. Auf der Website der neuseel\u00e4ndischen Einwanderungsbeh\u00f6rde gibt es das Tool VisaOptions mit dem Sie das passende Visum f\u00fcr sich finden k\u00f6nnen: http:\/\/tinyurl.com\/3fjnpkg Die folgenden Informationen sind eine kurze Zusammenfassung der Visumtypen, die f\u00fcr Bewerber in mechanischen Berufen relevant sind. Visum f\u00fcr wesentliche Fachkr\u00e4fte Wenn Sie ein Jobangebot von einem neuseel\u00e4ndischen Arbeitgeber haben, k\u00f6nnten Sie m\u00f6glicherweise ein befristetes Arbeitsvisum unter der Kategorie \u201eEssential Skills\u201c erhalten. Faktoren, die in der Kategorie \u201eEssential Skills\u201c bewertet werden, umfassen: Berufe auf der Liste der langfristigen Fachkr\u00e4fteengp\u00e4sse Long Term Skills Shortage List Das<\/p>\n","protected":false},"author":1,"featured_media":0,"parent":0,"menu_order":0,"comment_status":"closed","ping_status":"closed","template":"","meta":{"footnotes":""},"class_list":["post-6987","page","type-page","status-publish","hentry"],"_links":{"self":[{"href":"https:\/\/globalforceresource.com\/de\/wp-json\/wp\/v2\/pages\/6987","targetHints":{"allow":["GET"]}}],"collection":[{"href":"https:\/\/globalforceresource.com\/de\/wp-json\/wp\/v2\/pages"}],"about":[{"href":"https:\/\/globalforceresource.com\/de\/wp-json\/wp\/v2\/types\/page"}],"author":[{"embeddable":true,"href":"https:\/\/globalforceresource.com\/de\/wp-json\/wp\/v2\/users\/1"}],"replies":[{"embeddable":true,"href":"https:\/\/globalforceresource.com\/de\/wp-json\/wp\/v2\/comments?post=6987"}],"version-history":[{"count":2,"href":"https:\/\/globalforceresource.com\/de\/wp-json\/wp\/v2\/pages\/6987\/revisions"}],"predecessor-version":[{"id":6989,"href":"https:\/\/globalforceresource.com\/de\/wp-json\/wp\/v2\/pages\/6987\/revisions\/6989"}],"wp:attachment":[{"href":"https:\/\/globalforceresource.com\/de\/wp-json\/wp\/v2\/media?parent=6987"}],"curies":[{"name":"wp","href":"https:\/\/api.w.org\/{rel}","templated":true}]}}