{"id":6994,"date":"2026-01-22T09:36:22","date_gmt":"2026-01-22T09:36:22","guid":{"rendered":"https:\/\/globalforceresource.com\/relocate-ireland-education\/"},"modified":"2026-01-28T15:31:29","modified_gmt":"2026-01-28T15:31:29","slug":"relocate-ireland-education","status":"publish","type":"page","link":"https:\/\/globalforceresource.com\/de\/relocate-ireland-education\/","title":{"rendered":"Relocate Ireland \u2013 Education"},"content":{"rendered":"\n<figure class=\"wp-block-image\"><img loading=\"lazy\" decoding=\"async\" width=\"214\" height=\"35\" src=\"http:\/\/globalforceresource.com\/wp-content\/uploads\/2015\/01\/EDUCATION.jpg\" alt=\"BILDUNG\" class=\"wp-image-2366\"\/><\/figure>\n\n<p>Irland bietet ein hochwertiges und international anerkanntes Bildungssystem, was das Land zu einem attraktiven Ziel f\u00fcr Personen und Familien macht, die aus dem Ausland umziehen. Das Bildungssystem in Irland umfasst \u00f6ffentliche und private Grund- und weiterf\u00fchrende Schulen, wobei die \u00f6ffentliche Bildung weitgehend kostenlos ist und vom Staat unterst\u00fctzt wird. Irland beherbergt zudem weltweit anerkannte Universit\u00e4ten und Institute f\u00fcr Technologie, die eine breite Palette von Bachelor- und Masterprogrammen anbieten, von denen viele auf Englisch unterrichtet werden. Das Land legt gro\u00dfen Wert auf akademische Exzellenz, Innovation und Kompetenzentwicklung und bietet gleichzeitig internationale Studierende und Einwohnerinnen und Einwohnern Wege, um Zugang zu weiterf\u00fchrender Bildung, Ausbildung und langfristigen Karrierem\u00f6glichkeiten in Irland und innerhalb der Europ\u00e4ischen Union zu erhalten.   <\/p>\n\n<p><strong>Zur\u00fcck zu Umsiedeln <a href=\"https:\/\/globalforceresource.com\/why-relocate-to-ireland\/\" data-type=\"page\" data-id=\"5561\">Irland<\/a><\/strong><\/p>\n\n<p><\/p>\n","protected":false},"excerpt":{"rendered":"<p>Irland bietet ein hochwertiges und international anerkanntes Bildungssystem, was das Land zu einem attraktiven Ziel f\u00fcr Personen und Familien macht, die aus dem Ausland umziehen. Das Bildungssystem in Irland umfasst \u00f6ffentliche und private Grund- und weiterf\u00fchrende Schulen, wobei die \u00f6ffentliche Bildung weitgehend kostenlos ist und vom Staat unterst\u00fctzt wird. Irland beherbergt zudem weltweit anerkannte Universit\u00e4ten und Institute f\u00fcr Technologie, die eine breite Palette von Bachelor- und Masterprogrammen anbieten, von denen viele auf Englisch unterrichtet werden. Das Land legt gro\u00dfen Wert auf akademische Exzellenz, Innovation und Kompetenzentwicklung und bietet gleichzeitig internationale Studierende und Einwohnerinnen und Einwohnern Wege, um Zugang zu weiterf\u00fchrender Bildung, Ausbildung und langfristigen Karrierem\u00f6glichkeiten in Irland und innerhalb der<\/p>\n","protected":false},"author":32,"featured_media":0,"parent":0,"menu_order":0,"comment_status":"closed","ping_status":"closed","template":"","meta":{"footnotes":""},"class_list":["post-6994","page","type-page","status-publish","hentry"],"_links":{"self":[{"href":"https:\/\/globalforceresource.com\/de\/wp-json\/wp\/v2\/pages\/6994","targetHints":{"allow":["GET"]}}],"collection":[{"href":"https:\/\/globalforceresource.com\/de\/wp-json\/wp\/v2\/pages"}],"about":[{"href":"https:\/\/globalforceresource.com\/de\/wp-json\/wp\/v2\/types\/page"}],"author":[{"embeddable":true,"href":"https:\/\/globalforceresource.com\/de\/wp-json\/wp\/v2\/users\/32"}],"replies":[{"embeddable":true,"href":"https:\/\/globalforceresource.com\/de\/wp-json\/wp\/v2\/comments?post=6994"}],"version-history":[{"count":1,"href":"https:\/\/globalforceresource.com\/de\/wp-json\/wp\/v2\/pages\/6994\/revisions"}],"predecessor-version":[{"id":6995,"href":"https:\/\/globalforceresource.com\/de\/wp-json\/wp\/v2\/pages\/6994\/revisions\/6995"}],"wp:attachment":[{"href":"https:\/\/globalforceresource.com\/de\/wp-json\/wp\/v2\/media?parent=6994"}],"curies":[{"name":"wp","href":"https:\/\/api.w.org\/{rel}","templated":true}]}}