{"id":6996,"date":"2026-01-22T09:21:09","date_gmt":"2026-01-22T09:21:09","guid":{"rendered":"https:\/\/globalforceresource.com\/umzug-nach-irland-unterkunft\/"},"modified":"2026-01-28T15:32:30","modified_gmt":"2026-01-28T15:32:30","slug":"umzug-nach-irland-unterkunft","status":"publish","type":"page","link":"https:\/\/globalforceresource.com\/de\/umzug-nach-irland-unterkunft\/","title":{"rendered":"Umzug nach Irland \u2013 Unterkunft"},"content":{"rendered":"\n<figure class=\"wp-block-image\"><img decoding=\"async\" src=\"http:\/\/globalforceresource.com\/wp-content\/uploads\/2015\/01\/ACCOMADITION.jpg\" alt=\"UNTERKUNFT\"\/><\/figure>\n\n<p>Hier ist ein hilfreicher \u00dcberblick \u00fcber Unterkunftsm\u00f6glichkeiten und Ratschl\u00e4ge f\u00fcr den Umzug nach Irland als internationaler Arbeitssuchender:<\/p>\n\n<p>Arten von Unterk\u00fcnften<\/p>\n\n<p>1. Private Mietobjekte<br\/>Die meisten Neuank\u00f6mmlinge mieten Unterk\u00fcnfte privat. Sie finden Angebote auf beliebten Immobilien-Websites wie Daft.ie, MyHome.ie und Rent.ie, wo Sie nach Standort, Preis und Art (Apartment, Haus usw.) filtern k\u00f6nnen.  <\/p>\n\n<p>2. Kurzfristiger Aufenthalt zu Beginn<br\/>Bei Ihrer Ankunft ist es \u00fcblich, eine kurzfristige Unterkunft zu buchen (z. B. Airbnb, Hostels, B&amp;Bs), w\u00e4hrend Sie nach einer l\u00e4ngerfristigen Unterkunft suchen.<\/p>\n\n<p>3. Wohngemeinschaften \/ Hausgemeinschaften<br\/>Ein Zimmer in einer Wohngemeinschaft zu mieten ist oft g\u00fcnstiger als eine ganze Wohnung, besonders f\u00fcr Alleinstehende. Die typischen Mieten in Wohngemeinschaften sind niedriger als die f\u00fcr ganze Einzimmerwohnungen. <\/p>\n\n<p>Kostendeckende Miet- und erschwingliche Wohnm\u00f6glichkeiten<br\/>Irland verf\u00fcgt \u00fcber Programme wie den kostendeckenden Wohnungsbau, bei dem die Miete auf der Grundlage der Bau- und Verwaltungskosten festgelegt wird und in der Regel niedriger ist als die Marktpreise. Diese Optionen erfordern die Erf\u00fcllung von Einkommens- und Wohnsitzkriterien und sind darauf ausgerichtet, langfristige, sichere Mietverh\u00e4ltnisse anzubieten. <\/p>\n\n<p>Eine Immobilie kaufen<br\/>Ausl\u00e4nder d\u00fcrfen in Irland ohne gr\u00f6\u00dfere Einschr\u00e4nkungen Immobilien kaufen, und es gibt staatlich unterst\u00fctzte Programme (wie das First Home Scheme), die beim Kauf Ihres ersten Eigenheims helfen.<\/p>\n\n<p>Kosten &amp; Budgetierung<\/p>\n\n<ul class=\"wp-block-list\">\n<li>Die Mieten variieren erheblich je nach Stadt und Region. Dublin ist die teuerste Gegend, mit Einzimmerwohnungen oft um die 1.300\u20132.000 \u20ac+ pro Monat, w\u00e4hrend die Kosten au\u00dferhalb der Hauptstadt tendenziell niedriger sind. <\/li>\n\n\n\n<li>Wohngemeinschaften und Zimmervermietungen k\u00f6nnen g\u00fcnstiger sein, insbesondere f\u00fcr Alleinstehende oder Neuank\u00f6mmlinge.<\/li>\n<\/ul>\n\n<p>Tipps zur Wohnungssuche<\/p>\n\n<ul class=\"wp-block-list\">\n<li>Beginnen Sie Ihre Suche fr\u00fchzeitig mit zuverl\u00e4ssigen Immobilien-Websites (Daft.ie, Rent.ie, MyHome.ie).<\/li>\n\n\n\n<li>Seien Sie darauf vorbereitet, dass der Mietmarkt wettbewerbsf\u00e4hig sein kann, insbesondere in gr\u00f6\u00dferen St\u00e4dten, und die Sicherung einer Wohnung mehrere Wochen oder Monate dauern kann.<\/li>\n\n\n\n<li>\u00dcberpr\u00fcfen Sie immer die Legitimit\u00e4t von Angeboten und vermeiden Sie Betrug \u2013 zahlen Sie keine Anzahlungen, ohne den Vermieter oder die Vermietungsagentur zu \u00fcberpr\u00fcfen. <\/li>\n<\/ul>\n\n<p>Wichtige Dinge, die Sie wissen sollten<\/p>\n\n<ul class=\"wp-block-list\">\n<li>Irland hat derzeit einen angespannten Wohnungsmarkt mit Angebotsengp\u00e4ssen und steigenden Mieten in vielen Gebieten.<\/li>\n\n\n\n<li>Es gibt soziale Wohnm\u00f6glichkeiten, die jedoch oft einen gew\u00f6hnlichen Aufenthalt und Zulassungskriterien erfordern (die f\u00fcr Neuank\u00f6mmlinge m\u00f6glicherweise strenger sind).<\/li>\n<\/ul>\n\n<p class=\"is-style-custom-style\"><strong>Zur\u00fcck zu Umzug nach <a href=\"https:\/\/globalforceresource.com\/why-relocate-to-ireland\/\" data-type=\"page\" data-id=\"5561\">Irland<\/a><\/strong><\/p>\n\n<p><\/p>\n","protected":false},"excerpt":{"rendered":"<p>Hier ist ein hilfreicher \u00dcberblick \u00fcber Unterkunftsm\u00f6glichkeiten und Ratschl\u00e4ge f\u00fcr den Umzug nach Irland als internationaler Arbeitssuchender: Arten von Unterk\u00fcnften 1. Private MietobjekteDie meisten Neuank\u00f6mmlinge mieten Unterk\u00fcnfte privat. Sie finden Angebote auf beliebten Immobilien-Websites wie Daft.ie, MyHome.ie und Rent.ie, wo Sie nach Standort, Preis und Art (Apartment, Haus usw.) filtern k\u00f6nnen. 2. Kurzfristiger Aufenthalt zu BeginnBei Ihrer Ankunft ist es \u00fcblich, eine kurzfristige Unterkunft zu buchen (z. B. Airbnb, Hostels, B&amp;Bs), w\u00e4hrend Sie nach einer l\u00e4ngerfristigen Unterkunft suchen. 3. Wohngemeinschaften \/ HausgemeinschaftenEin Zimmer in einer Wohngemeinschaft zu mieten ist oft g\u00fcnstiger als eine ganze Wohnung, besonders f\u00fcr Alleinstehende. Die typischen Mieten in Wohngemeinschaften sind niedriger als die f\u00fcr ganze Einzimmerwohnungen.<\/p>\n","protected":false},"author":32,"featured_media":0,"parent":0,"menu_order":0,"comment_status":"closed","ping_status":"closed","template":"","meta":{"footnotes":""},"class_list":["post-6996","page","type-page","status-publish","hentry"],"_links":{"self":[{"href":"https:\/\/globalforceresource.com\/de\/wp-json\/wp\/v2\/pages\/6996","targetHints":{"allow":["GET"]}}],"collection":[{"href":"https:\/\/globalforceresource.com\/de\/wp-json\/wp\/v2\/pages"}],"about":[{"href":"https:\/\/globalforceresource.com\/de\/wp-json\/wp\/v2\/types\/page"}],"author":[{"embeddable":true,"href":"https:\/\/globalforceresource.com\/de\/wp-json\/wp\/v2\/users\/32"}],"replies":[{"embeddable":true,"href":"https:\/\/globalforceresource.com\/de\/wp-json\/wp\/v2\/comments?post=6996"}],"version-history":[{"count":1,"href":"https:\/\/globalforceresource.com\/de\/wp-json\/wp\/v2\/pages\/6996\/revisions"}],"predecessor-version":[{"id":6997,"href":"https:\/\/globalforceresource.com\/de\/wp-json\/wp\/v2\/pages\/6996\/revisions\/6997"}],"wp:attachment":[{"href":"https:\/\/globalforceresource.com\/de\/wp-json\/wp\/v2\/media?parent=6996"}],"curies":[{"name":"wp","href":"https:\/\/api.w.org\/{rel}","templated":true}]}}