{"id":7006,"date":"2015-01-29T17:34:12","date_gmt":"2015-01-29T17:34:12","guid":{"rendered":"https:\/\/globalforceresource.com\/relocate-australia-visa-information\/"},"modified":"2015-01-29T17:34:12","modified_gmt":"2015-01-29T17:34:12","slug":"relocate-australia-visa-information","status":"publish","type":"page","link":"https:\/\/globalforceresource.com\/de\/relocate-australia-visa-information\/","title":{"rendered":"Relocate Australia &#8211; Visa Information"},"content":{"rendered":"<p>The <a href=\"http:\/\/www.immi.gov.au\/Visas\">Australian Department of Immigration and Border Protection<\/a> website provides extensive information on visas and can assist you in choosing which type of visa to apply for. The following information is a brief summary on visa types that are relevant to candidates in mechanical trades. <\/p>\n<p><strong>Das befristete Fachkr\u00e4fte-Visum 457<\/strong><\/p>\n<p><strong><em>Das Visum<\/em><\/strong><\/p>\n<p>Dieses Visum erm\u00f6glicht es qualifizierten Arbeitskr\u00e4ften, bis zu vier Jahre in Australien zu leben und f\u00fcr ihren zugelassenen Sponsor zu arbeiten. Der Arbeitgeber beantragt das Sponsoring und die Nominierung einer Position. Um sich f\u00fcr dieses Visum zu qualifizieren, m\u00fcssen Sie:  <\/p>\n<ul>\n<li>F\u00fcr eine anerkannte T\u00e4tigkeit in der <a href=\"http:\/\/www.immi.gov.au\/Work\/Pages\/skilled-occupations-lists\/skilled-occupations-lists.aspx\">Liste der qualifizierten Berufe<\/a> nominiert sein<\/li>\n<li>die Qualifikationsanforderungen f\u00fcr die nominierte T\u00e4tigkeit erf\u00fcllen<\/li>\n<li>die Registrierungs- und Lizenzierungspflichten erf\u00fcllen<\/li>\n<li>berufstaugliches Englisch sprechen<\/li>\n<li>von einem anerkannten Unternehmen nominiert worden sein<\/li>\n<li>\u00fcber eine ausreichende Krankenversicherung, \u00e4rztliche Untersuchungen und ein polizeiliches F\u00fchrungszeugnis verf\u00fcgen<\/li>\n<\/ul>\n<p><strong><em>Wie man sich bewirbt<\/em><\/strong><\/p>\n<p>Sobald die Position nominiert ist, k\u00f6nnen Sie ein ImmiAccount erstellen und eine Bewerbung starten: <a href=\"http:\/\/www.immi.gov.au\/Services\/Pages\/employer-sponsored-workers-online-applications.aspx\">http:\/\/www.immi.gov.au\/Services\/Pages\/employer-sponsored-workers-online-applications.aspx<\/a><\/p>\n<p>Sie k\u00f6nnen Ihren Ehepartner\/Partner, Ihre Angeh\u00f6rigen oder die Angeh\u00f6rigen Ihres Partners und andere unterhaltsberechtigte Verwandte in Ihren Visumantrag einbeziehen. Familienmitglieder m\u00fcssen bestimmte Voraussetzungen erf\u00fcllen, die Sie hier finden: <a href=\"http:\/\/www.immi.gov.au\/visas\/including-family-members.htm\">http:\/\/www.immi.gov.au\/visas\/including-family-members.htm<\/a> <\/p>\n<p>Sobald Sie sich beworben haben, k\u00f6nnen Sie Ihre Bewerbung \u00fcber Ihr ImmiAccount verfolgen und verwalten.<\/p>\n<p><strong><em>Kosten<\/em><\/strong><\/p>\n<p>Die Kosten f\u00fcr den Visumantrag variieren von Zeit zu Zeit. Sie richten sich nach dem Datum, an dem Ihr Antrag <em>eingegangen ist.<\/em> Sie k\u00f6nnen die Kosten hier sch\u00e4tzen: <a href=\"http:\/\/www.immi.gov.au\/Help\/Pages\/fees-charges\/visa.aspx\">http:\/\/www.immi.gov.au\/Help\/Pages\/fees-charges\/visa.aspx<\/a> <\/p>\n<p><strong>Working Holiday Visum \u2013 417<\/strong><\/p>\n<p>Dies ist ein tempor\u00e4res Visum f\u00fcr junge Leute, um bis zu einem Jahr in Australien zu arbeiten und zu leben.<\/p>\n<p>Das Working Holiday Visum (Unterklasse 417) ist ein tempor\u00e4res Visum f\u00fcr junge Leute, die bis zu einem Jahr Urlaub machen und in Australien arbeiten m\u00f6chten. Es ist ein tempor\u00e4res Visum, das den kulturellen Austausch und engere Beziehungen zwischen Australien und den teilnahmeberechtigten L\u00e4ndern f\u00f6rdert. <\/p>\n<p>Um sich f\u00fcr das 417 Working Holiday Visum zu bewerben, m\u00fcssen Sie die folgenden Voraussetzungen erf\u00fcllen:<\/p>\n<ul>\n<li>Sie m\u00fcssen zwischen 18 und 30 Jahre alt sein<\/li>\n<li>Sie haben kein unterhaltsberechtigtes Kind, das Sie begleitet<\/li>\n<li>Sie haben einen g\u00fcltigen Reisepass<\/li>\n<\/ul>\n<p>F\u00fcr weitere Informationen, Kostenvoranschl\u00e4ge und zur Einreichung eines Antrags klicken Sie hier: <a href=\"http:\/\/www.immi.gov.au\/Visas\/Pages\/417.aspx\">http:\/\/www.immi.gov.au\/Visas\/Pages\/417.aspx<\/a><\/p>\n<p>&nbsp;<\/p>\n<p>&nbsp;<\/p>\n<p>&nbsp;<\/p>\n","protected":false},"excerpt":{"rendered":"<p>The Australian Department of Immigration and Border Protection website provides extensive information on visas and can assist you in choosing which type of visa to apply for. The following information is a brief summary on visa types that are relevant to candidates in mechanical trades. Das befristete Fachkr\u00e4fte-Visum 457 Das Visum Dieses Visum erm\u00f6glicht es qualifizierten Arbeitskr\u00e4ften, bis zu vier Jahre in Australien zu leben und f\u00fcr ihren zugelassenen Sponsor zu arbeiten. Der Arbeitgeber beantragt das Sponsoring und die Nominierung einer Position. Um sich f\u00fcr dieses Visum zu qualifizieren, m\u00fcssen Sie: F\u00fcr eine anerkannte T\u00e4tigkeit in der Liste der qualifizierten Berufe nominiert sein die Qualifikationsanforderungen f\u00fcr die nominierte T\u00e4tigkeit erf\u00fcllen<\/p>\n","protected":false},"author":1,"featured_media":0,"parent":0,"menu_order":0,"comment_status":"closed","ping_status":"closed","template":"","meta":{"footnotes":""},"class_list":["post-7006","page","type-page","status-publish","hentry"],"_links":{"self":[{"href":"https:\/\/globalforceresource.com\/de\/wp-json\/wp\/v2\/pages\/7006","targetHints":{"allow":["GET"]}}],"collection":[{"href":"https:\/\/globalforceresource.com\/de\/wp-json\/wp\/v2\/pages"}],"about":[{"href":"https:\/\/globalforceresource.com\/de\/wp-json\/wp\/v2\/types\/page"}],"author":[{"embeddable":true,"href":"https:\/\/globalforceresource.com\/de\/wp-json\/wp\/v2\/users\/1"}],"replies":[{"embeddable":true,"href":"https:\/\/globalforceresource.com\/de\/wp-json\/wp\/v2\/comments?post=7006"}],"version-history":[{"count":0,"href":"https:\/\/globalforceresource.com\/de\/wp-json\/wp\/v2\/pages\/7006\/revisions"}],"wp:attachment":[{"href":"https:\/\/globalforceresource.com\/de\/wp-json\/wp\/v2\/media?parent=7006"}],"curies":[{"name":"wp","href":"https:\/\/api.w.org\/{rel}","templated":true}]}}