{"id":7009,"date":"2026-01-22T10:17:49","date_gmt":"2026-01-22T10:17:49","guid":{"rendered":"https:\/\/globalforceresource.com\/umzug-ins-vereinigte-koenigreich-visainformationen\/"},"modified":"2026-01-28T15:49:06","modified_gmt":"2026-01-28T15:49:06","slug":"umzug-ins-vereinigte-koenigreich-visainformationen","status":"publish","type":"page","link":"https:\/\/globalforceresource.com\/de\/umzug-ins-vereinigte-koenigreich-visainformationen\/","title":{"rendered":"Umzug ins Vereinigte K\u00f6nigreich \u2013 Visainformationen"},"content":{"rendered":"\n<figure class=\"wp-block-image\"><img loading=\"lazy\" decoding=\"async\" width=\"300\" height=\"51\" src=\"http:\/\/globalforceresource.com\/wp-content\/uploads\/2015\/01\/VISA-INFO-300x51.jpg\" alt=\"VISA-INFO\" class=\"wp-image-2362\"\/><\/figure>\n\n<p>F\u00fcr den Umzug ins Vereinigte K\u00f6nigreich als internationaler Arbeitnehmer ist der Erhalt des entsprechenden Arbeitsvisums erforderlich, das es Ihnen erm\u00f6glicht, legal im Land zu leben und zu arbeiten. Der Hauptweg f\u00fcr die meisten ausl\u00e4ndischen Fachkr\u00e4fte ist das Skilled Worker Visa, das f\u00fcr Personen konzipiert ist, die ein best\u00e4tigtes Stellenangebot von einem vom Innenministerium zugelassenen britischen Arbeitgeber haben. Der Arbeitgeber fungiert als Sponsor und stellt eine Certificate of Sponsorship aus, die f\u00fcr den Visumantrag erforderlich ist. Antragsteller m\u00fcssen bestimmte Kriterien erf\u00fcllen, darunter Mindestgehaltsschwellen (die je nach Beruf variieren), Englischkenntnisse und relevante Qualifikationen oder Erfahrungen.   <\/p>\n\n<p>Britische Arbeitsvisa bieten einen starken Besch\u00e4ftigungsschutz, Zugang zum National Health Service und die M\u00f6glichkeit, anspruchsberechtigte Familienangeh\u00f6rige mitzubringen. Viele Visarouten bieten auch einen klaren Weg zu einem langfristigen Aufenthalt und einer dauerhaften Niederlassung nach einer bestimmten Qualifikationsdauer, was das Vereinigte K\u00f6nigreich zu einem attraktiven Ziel f\u00fcr internationale Arbeitssuchende macht, die Stabilit\u00e4t, berufliches Wachstum und langfristige M\u00f6glichkeiten suchen. <\/p>\n\n<p><strong>Zur\u00fcck zum Umzug <a href=\"https:\/\/globalforceresource.com\/relocate-united-kingdom\/\" data-type=\"page\" data-id=\"6576\">Vereinigtes K\u00f6nigreich<\/a><\/strong><\/p>\n","protected":false},"excerpt":{"rendered":"<p>F\u00fcr den Umzug ins Vereinigte K\u00f6nigreich als internationaler Arbeitnehmer ist der Erhalt des entsprechenden Arbeitsvisums erforderlich, das es Ihnen erm\u00f6glicht, legal im Land zu leben und zu arbeiten. Der Hauptweg f\u00fcr die meisten ausl\u00e4ndischen Fachkr\u00e4fte ist das Skilled Worker Visa, das f\u00fcr Personen konzipiert ist, die ein best\u00e4tigtes Stellenangebot von einem vom Innenministerium zugelassenen britischen Arbeitgeber haben. Der Arbeitgeber fungiert als Sponsor und stellt eine Certificate of Sponsorship aus, die f\u00fcr den Visumantrag erforderlich ist. Antragsteller m\u00fcssen bestimmte Kriterien erf\u00fcllen, darunter Mindestgehaltsschwellen (die je nach Beruf variieren), Englischkenntnisse und relevante Qualifikationen oder Erfahrungen. Britische Arbeitsvisa bieten einen starken Besch\u00e4ftigungsschutz, Zugang zum National Health Service und die M\u00f6glichkeit, anspruchsberechtigte Familienangeh\u00f6rige mitzubringen.<\/p>\n","protected":false},"author":32,"featured_media":0,"parent":0,"menu_order":0,"comment_status":"closed","ping_status":"closed","template":"","meta":{"footnotes":""},"class_list":["post-7009","page","type-page","status-publish","hentry"],"_links":{"self":[{"href":"https:\/\/globalforceresource.com\/de\/wp-json\/wp\/v2\/pages\/7009","targetHints":{"allow":["GET"]}}],"collection":[{"href":"https:\/\/globalforceresource.com\/de\/wp-json\/wp\/v2\/pages"}],"about":[{"href":"https:\/\/globalforceresource.com\/de\/wp-json\/wp\/v2\/types\/page"}],"author":[{"embeddable":true,"href":"https:\/\/globalforceresource.com\/de\/wp-json\/wp\/v2\/users\/32"}],"replies":[{"embeddable":true,"href":"https:\/\/globalforceresource.com\/de\/wp-json\/wp\/v2\/comments?post=7009"}],"version-history":[{"count":1,"href":"https:\/\/globalforceresource.com\/de\/wp-json\/wp\/v2\/pages\/7009\/revisions"}],"predecessor-version":[{"id":7010,"href":"https:\/\/globalforceresource.com\/de\/wp-json\/wp\/v2\/pages\/7009\/revisions\/7010"}],"wp:attachment":[{"href":"https:\/\/globalforceresource.com\/de\/wp-json\/wp\/v2\/media?parent=7009"}],"curies":[{"name":"wp","href":"https:\/\/api.w.org\/{rel}","templated":true}]}}