{"id":7011,"date":"2026-01-22T10:23:48","date_gmt":"2026-01-22T10:23:48","guid":{"rendered":"https:\/\/globalforceresource.com\/umzug-ins-vereinigte-koenigreich-gesundheit\/"},"modified":"2026-01-28T15:49:43","modified_gmt":"2026-01-28T15:49:43","slug":"umzug-ins-vereinigte-koenigreich-gesundheit","status":"publish","type":"page","link":"https:\/\/globalforceresource.com\/de\/umzug-ins-vereinigte-koenigreich-gesundheit\/","title":{"rendered":"Umzug ins Vereinigte K\u00f6nigreich \u2013 Gesundheit"},"content":{"rendered":"\n<figure class=\"wp-block-image\"><a href=\"http:\/\/globalforceresource.com\/wp-content\/uploads\/2015\/01\/HEALTH1.jpg\"><img loading=\"lazy\" decoding=\"async\" width=\"159\" height=\"41\" src=\"http:\/\/globalforceresource.com\/wp-content\/uploads\/2015\/01\/HEALTH1.jpg\" alt=\"GESUNDHEIT\" class=\"wp-image-2365\"\/><\/a><\/figure>\n\n<p>Das Vereinigte K\u00f6nigreich bietet ein etabliertes Gesundheitssystem, das Einwohnern Zugang zu umfassenden medizinischen Leistungen erm\u00f6glicht. Der National Health Service (NHS) bietet die meisten Gesundheitsleistungen kostenlos am Nutzungsort an, einschlie\u00dflich Arztbesuchen, Krankenhausbehandlungen und Notfallversorgung, sobald Sie sich legal im Land aufhalten und im Rahmen Ihres Visumantrags den erforderlichen Gesundheitszuschlag entrichtet haben. Haus\u00e4rzte dienen als erste Anlaufstelle und k\u00f6nnen Patienten bei Bedarf an Fach\u00e4rzte \u00fcberweisen. W\u00e4hrend die \u00f6ffentliche Gesundheitsversorgung weitgehend zug\u00e4nglich ist, entscheiden sich viele Einwohner auch f\u00fcr eine private Gesundheitsversorgung, um schneller Zugang zu bestimmten Behandlungen zu erhalten. Insgesamt ist das britische Gesundheitssystem f\u00fcr seine hohen medizinischen Standards, die Patientensicherheit und die landesweite Abdeckung bekannt und bietet Einzelpersonen und Familien, die aus dem Ausland umziehen, Sicherheit und Unterst\u00fctzung.    <\/p>\n\n<p><strong>Zur\u00fcck zum Umzug <a href=\"https:\/\/globalforceresource.com\/relocate-united-kingdom\/\" data-type=\"page\" data-id=\"6576\">Vereinigtes K\u00f6nigreich<\/a><\/strong><\/p>\n","protected":false},"excerpt":{"rendered":"<p>Das Vereinigte K\u00f6nigreich bietet ein etabliertes Gesundheitssystem, das Einwohnern Zugang zu umfassenden medizinischen Leistungen erm\u00f6glicht. Der National Health Service (NHS) bietet die meisten Gesundheitsleistungen kostenlos am Nutzungsort an, einschlie\u00dflich Arztbesuchen, Krankenhausbehandlungen und Notfallversorgung, sobald Sie sich legal im Land aufhalten und im Rahmen Ihres Visumantrags den erforderlichen Gesundheitszuschlag entrichtet haben. Haus\u00e4rzte dienen als erste Anlaufstelle und k\u00f6nnen Patienten bei Bedarf an Fach\u00e4rzte \u00fcberweisen. W\u00e4hrend die \u00f6ffentliche Gesundheitsversorgung weitgehend zug\u00e4nglich ist, entscheiden sich viele Einwohner auch f\u00fcr eine private Gesundheitsversorgung, um schneller Zugang zu bestimmten Behandlungen zu erhalten. Insgesamt ist das britische Gesundheitssystem f\u00fcr seine hohen medizinischen Standards, die Patientensicherheit und die landesweite Abdeckung bekannt und bietet Einzelpersonen und Familien, die<\/p>\n","protected":false},"author":32,"featured_media":0,"parent":0,"menu_order":0,"comment_status":"closed","ping_status":"closed","template":"","meta":{"footnotes":""},"class_list":["post-7011","page","type-page","status-publish","hentry"],"_links":{"self":[{"href":"https:\/\/globalforceresource.com\/de\/wp-json\/wp\/v2\/pages\/7011","targetHints":{"allow":["GET"]}}],"collection":[{"href":"https:\/\/globalforceresource.com\/de\/wp-json\/wp\/v2\/pages"}],"about":[{"href":"https:\/\/globalforceresource.com\/de\/wp-json\/wp\/v2\/types\/page"}],"author":[{"embeddable":true,"href":"https:\/\/globalforceresource.com\/de\/wp-json\/wp\/v2\/users\/32"}],"replies":[{"embeddable":true,"href":"https:\/\/globalforceresource.com\/de\/wp-json\/wp\/v2\/comments?post=7011"}],"version-history":[{"count":1,"href":"https:\/\/globalforceresource.com\/de\/wp-json\/wp\/v2\/pages\/7011\/revisions"}],"predecessor-version":[{"id":7012,"href":"https:\/\/globalforceresource.com\/de\/wp-json\/wp\/v2\/pages\/7011\/revisions\/7012"}],"wp:attachment":[{"href":"https:\/\/globalforceresource.com\/de\/wp-json\/wp\/v2\/media?parent=7011"}],"curies":[{"name":"wp","href":"https:\/\/api.w.org\/{rel}","templated":true}]}}