{"id":7013,"date":"2026-01-22T10:25:05","date_gmt":"2026-01-22T10:25:05","guid":{"rendered":"https:\/\/globalforceresource.com\/umzug-ins-vereinigte-koenigreich-bildung\/"},"modified":"2026-01-28T15:51:18","modified_gmt":"2026-01-28T15:51:18","slug":"umzug-ins-vereinigte-koenigreich-bildung","status":"publish","type":"page","link":"https:\/\/globalforceresource.com\/de\/umzug-ins-vereinigte-koenigreich-bildung\/","title":{"rendered":"Umzug ins Vereinigte K\u00f6nigreich \u2013 Bildung"},"content":{"rendered":"\n<figure class=\"wp-block-image\"><img loading=\"lazy\" decoding=\"async\" width=\"214\" height=\"35\" src=\"http:\/\/globalforceresource.com\/wp-content\/uploads\/2015\/01\/EDUCATION.jpg\" alt=\"BILDUNG\" class=\"wp-image-2366\"\/><\/figure>\n\n<p>Das Vereinigte K\u00f6nigreich bietet ein weltweit renommiertes Bildungssystem, das Studierende und Familien aus aller Welt anzieht. Das Bildungswesen im Vereinigten K\u00f6nigreich umfasst staatlich finanzierte \u00f6ffentliche Schulen und private Einrichtungen auf Primar- und Sekundarstufe, wobei die \u00f6ffentliche Bildung f\u00fcr Kinder mit Wohnsitz im Allgemeinen kostenlos ist. Das Vereinigte K\u00f6nigreich beherbergt einige der weltweit f\u00fchrenden Universit\u00e4ten und Hochschulen, die eine breite Palette von Bachelor-, Master- und Berufsprogrammen in englischer Sprache anbieten. Mit einem starken Fokus auf akademische Exzellenz, Forschung, Innovation und praktische F\u00e4higkeiten bietet das britische Bildungssystem klare Wege zur Hochschulbildung, beruflichen Entwicklung und langfristigen Karrierem\u00f6glichkeiten sowohl innerhalb des Vereinigten K\u00f6nigreichs als auch international.   <br\/><\/p>\n\n<p><strong>Zur\u00fcck zum Umzug <a href=\"https:\/\/globalforceresource.com\/relocate-united-kingdom\/\" data-type=\"page\" data-id=\"6576\">Vereinigtes K\u00f6nigreich<\/a><\/strong><\/p>\n","protected":false},"excerpt":{"rendered":"<p>Das Vereinigte K\u00f6nigreich bietet ein weltweit renommiertes Bildungssystem, das Studierende und Familien aus aller Welt anzieht. Das Bildungswesen im Vereinigten K\u00f6nigreich umfasst staatlich finanzierte \u00f6ffentliche Schulen und private Einrichtungen auf Primar- und Sekundarstufe, wobei die \u00f6ffentliche Bildung f\u00fcr Kinder mit Wohnsitz im Allgemeinen kostenlos ist. Das Vereinigte K\u00f6nigreich beherbergt einige der weltweit f\u00fchrenden Universit\u00e4ten und Hochschulen, die eine breite Palette von Bachelor-, Master- und Berufsprogrammen in englischer Sprache anbieten. Mit einem starken Fokus auf akademische Exzellenz, Forschung, Innovation und praktische F\u00e4higkeiten bietet das britische Bildungssystem klare Wege zur Hochschulbildung, beruflichen Entwicklung und langfristigen Karrierem\u00f6glichkeiten sowohl innerhalb des Vereinigten K\u00f6nigreichs als auch international. Zur\u00fcck zum Umzug Vereinigtes K\u00f6nigreich<\/p>\n","protected":false},"author":32,"featured_media":0,"parent":0,"menu_order":0,"comment_status":"closed","ping_status":"closed","template":"","meta":{"footnotes":""},"class_list":["post-7013","page","type-page","status-publish","hentry"],"_links":{"self":[{"href":"https:\/\/globalforceresource.com\/de\/wp-json\/wp\/v2\/pages\/7013","targetHints":{"allow":["GET"]}}],"collection":[{"href":"https:\/\/globalforceresource.com\/de\/wp-json\/wp\/v2\/pages"}],"about":[{"href":"https:\/\/globalforceresource.com\/de\/wp-json\/wp\/v2\/types\/page"}],"author":[{"embeddable":true,"href":"https:\/\/globalforceresource.com\/de\/wp-json\/wp\/v2\/users\/32"}],"replies":[{"embeddable":true,"href":"https:\/\/globalforceresource.com\/de\/wp-json\/wp\/v2\/comments?post=7013"}],"version-history":[{"count":1,"href":"https:\/\/globalforceresource.com\/de\/wp-json\/wp\/v2\/pages\/7013\/revisions"}],"predecessor-version":[{"id":7014,"href":"https:\/\/globalforceresource.com\/de\/wp-json\/wp\/v2\/pages\/7013\/revisions\/7014"}],"wp:attachment":[{"href":"https:\/\/globalforceresource.com\/de\/wp-json\/wp\/v2\/media?parent=7013"}],"curies":[{"name":"wp","href":"https:\/\/api.w.org\/{rel}","templated":true}]}}