{"id":7017,"date":"2026-01-22T10:39:30","date_gmt":"2026-01-22T10:39:30","guid":{"rendered":"https:\/\/globalforceresource.com\/umzug-nach-deutschland-informationen-zum-visum\/"},"modified":"2026-01-28T16:22:32","modified_gmt":"2026-01-28T16:22:32","slug":"umzug-nach-deutschland-informationen-zum-visum","status":"publish","type":"page","link":"https:\/\/globalforceresource.com\/de\/umzug-nach-deutschland-informationen-zum-visum\/","title":{"rendered":"Umzug nach Deutschland \u2013 Informationen zum Visum"},"content":{"rendered":"\n<figure class=\"wp-block-image\"><img loading=\"lazy\" decoding=\"async\" width=\"300\" height=\"51\" src=\"http:\/\/globalforceresource.com\/wp-content\/uploads\/2015\/01\/VISA-INFO-300x51.jpg\" alt=\"VISA-INFO\" class=\"wp-image-2362\"\/><\/figure>\n\n<p>Der Umzug nach Deutschland als internationaler Arbeitssuchender erfordert die Beantragung des richtigen Arbeitsvisums oder der richtigen Aufenthaltserlaubnis, abh\u00e4ngig von Ihren Qualifikationen und Ihrer Besch\u00e4ftigungssituation. Deutschland verf\u00fcgt \u00fcber ein strukturiertes und transparentes Einwanderungssystem, das darauf ausgelegt ist, sowohl Fachkr\u00e4fte als auch angelernte Arbeitskr\u00e4fte anzuziehen, um seine starke Wirtschaft und den Bedarf des Arbeitsmarktes zu decken. <\/p>\n\n<p>Eine der h\u00e4ufigsten M\u00f6glichkeiten ist die Aufenthaltserlaubnis f\u00fcr Fachkr\u00e4fte, die Personen mit einer anerkannten Berufsqualifikation oder einem Hochschulabschluss und einem best\u00e4tigten Stellenangebot eines deutschen Arbeitgebers zur Verf\u00fcgung steht. Ihre Qualifikationen m\u00fcssen in der Regel in Deutschland offiziell anerkannt sein, und die Stelle muss Ihren F\u00e4higkeiten und Ihrer Ausbildung entsprechen.  <\/p>\n\n<p>Deutsche Arbeitsvisa erm\u00f6glichen den Zugang zur \u00f6ffentlichen Gesundheitsversorgung, zu Sozialversicherungsleistungen und zu einem starken Arbeitnehmerschutz nach deutschem Arbeitsrecht. Die meisten Genehmigungen k\u00f6nnen nach einer bestimmten Anzahl von Jahren ununterbrochener Besch\u00e4ftigung zu einem dauerhaften Aufenthalt f\u00fchren, was Deutschland zu einem attraktiven Ziel f\u00fcr internationale Arbeitssuchende macht, die langfristige Stabilit\u00e4t, berufliche Entwicklung und eine verbesserte Lebensqualit\u00e4t suchen. <\/p>\n\n<p><strong>Zur\u00fcck zum Umzug nach <a href=\"https:\/\/globalforceresource.com\/relocate-germany\/\" data-type=\"page\" data-id=\"6579\">Deutschland<\/a><\/strong><\/p>\n\n<p><\/p>\n","protected":false},"excerpt":{"rendered":"<p>Der Umzug nach Deutschland als internationaler Arbeitssuchender erfordert die Beantragung des richtigen Arbeitsvisums oder der richtigen Aufenthaltserlaubnis, abh\u00e4ngig von Ihren Qualifikationen und Ihrer Besch\u00e4ftigungssituation. Deutschland verf\u00fcgt \u00fcber ein strukturiertes und transparentes Einwanderungssystem, das darauf ausgelegt ist, sowohl Fachkr\u00e4fte als auch angelernte Arbeitskr\u00e4fte anzuziehen, um seine starke Wirtschaft und den Bedarf des Arbeitsmarktes zu decken. Eine der h\u00e4ufigsten M\u00f6glichkeiten ist die Aufenthaltserlaubnis f\u00fcr Fachkr\u00e4fte, die Personen mit einer anerkannten Berufsqualifikation oder einem Hochschulabschluss und einem best\u00e4tigten Stellenangebot eines deutschen Arbeitgebers zur Verf\u00fcgung steht. Ihre Qualifikationen m\u00fcssen in der Regel in Deutschland offiziell anerkannt sein, und die Stelle muss Ihren F\u00e4higkeiten und Ihrer Ausbildung entsprechen. Deutsche Arbeitsvisa erm\u00f6glichen den Zugang zur \u00f6ffentlichen<\/p>\n","protected":false},"author":32,"featured_media":0,"parent":0,"menu_order":0,"comment_status":"closed","ping_status":"closed","template":"","meta":{"footnotes":""},"class_list":["post-7017","page","type-page","status-publish","hentry"],"_links":{"self":[{"href":"https:\/\/globalforceresource.com\/de\/wp-json\/wp\/v2\/pages\/7017","targetHints":{"allow":["GET"]}}],"collection":[{"href":"https:\/\/globalforceresource.com\/de\/wp-json\/wp\/v2\/pages"}],"about":[{"href":"https:\/\/globalforceresource.com\/de\/wp-json\/wp\/v2\/types\/page"}],"author":[{"embeddable":true,"href":"https:\/\/globalforceresource.com\/de\/wp-json\/wp\/v2\/users\/32"}],"replies":[{"embeddable":true,"href":"https:\/\/globalforceresource.com\/de\/wp-json\/wp\/v2\/comments?post=7017"}],"version-history":[{"count":1,"href":"https:\/\/globalforceresource.com\/de\/wp-json\/wp\/v2\/pages\/7017\/revisions"}],"predecessor-version":[{"id":7018,"href":"https:\/\/globalforceresource.com\/de\/wp-json\/wp\/v2\/pages\/7017\/revisions\/7018"}],"wp:attachment":[{"href":"https:\/\/globalforceresource.com\/de\/wp-json\/wp\/v2\/media?parent=7017"}],"curies":[{"name":"wp","href":"https:\/\/api.w.org\/{rel}","templated":true}]}}